{"id":2566,"date":"2023-03-08T07:59:53","date_gmt":"2023-03-08T07:59:53","guid":{"rendered":"https:\/\/oneconsciousness.org\/at-de\/terms-conditions\/"},"modified":"2025-07-11T15:44:51","modified_gmt":"2025-07-11T13:44:51","slug":"terms","status":"publish","type":"page","link":"https:\/\/oneconsciousness.org\/at-de\/terms\/","title":{"rendered":"terms &#038; conditions"},"content":{"rendered":"\t\t<div data-elementor-type=\"wp-page\" data-elementor-id=\"2566\" class=\"elementor elementor-2566\" data-elementor-post-type=\"page\">\n\t\t\t\t\t\t<section class=\"elementor-section elementor-top-section elementor-element elementor-element-56c0ad48 elementor-section-boxed elementor-section-height-default elementor-section-height-default\" data-id=\"56c0ad48\" data-element_type=\"section\" data-e-type=\"section\">\n\t\t\t\t\t\t<div class=\"elementor-container elementor-column-gap-default\">\n\t\t\t\t\t<div class=\"elementor-column elementor-col-100 elementor-top-column elementor-element elementor-element-7fd820a8\" data-id=\"7fd820a8\" data-element_type=\"column\" data-e-type=\"column\">\n\t\t\t<div class=\"elementor-widget-wrap elementor-element-populated\">\n\t\t\t\t\t\t<div class=\"elementor-element elementor-element-2a2450c9 elementor-widget elementor-widget-text-editor\" data-id=\"2a2450c9\" data-element_type=\"widget\" data-e-type=\"widget\" data-widget_type=\"text-editor.default\">\n\t\t\t\t<div class=\"elementor-widget-container\">\n\t\t\t\t\t\t\t\t\t<p>\t\t<div data-elementor-type=\"wp-post\" data-elementor-id=\"23\" class=\"elementor elementor-23\" data-elementor-post-type=\"elementor-hf\">\n\t\t\t\t\t\t<section class=\"elementor-section elementor-top-section elementor-element elementor-element-0f4c5fe heading_section elementor-section-boxed elementor-section-height-default elementor-section-height-default\" data-id=\"0f4c5fe\" data-element_type=\"section\" data-e-type=\"section\">\n\t\t\t\t\t\t<div class=\"elementor-container elementor-column-gap-default\">\n\t\t\t\t\t<div class=\"elementor-column elementor-col-100 elementor-top-column elementor-element elementor-element-03651d9\" data-id=\"03651d9\" data-element_type=\"column\" data-e-type=\"column\">\n\t\t\t<div class=\"elementor-widget-wrap\">\n\t\t\t\t\t\t\t<\/div>\n\t\t<\/div>\n\t\t\t\t\t<\/div>\n\t\t<\/section>\n\t\t\t\t<\/div>\n\t\t<\/p>\t\t\t\t\t\t\t\t<\/div>\n\t\t\t\t<\/div>\n\t\t\t\t\t<\/div>\n\t\t<\/div>\n\t\t\t\t\t<\/div>\n\t\t<\/section>\n\t\t\t\t<section class=\"elementor-section elementor-top-section elementor-element elementor-element-1a5984c privacy_policy elementor-section-boxed elementor-section-height-default elementor-section-height-default\" data-id=\"1a5984c\" data-element_type=\"section\" data-e-type=\"section\">\n\t\t\t\t\t\t<div class=\"elementor-container elementor-column-gap-default\">\n\t\t\t\t\t<div class=\"elementor-column elementor-col-33 elementor-top-column elementor-element elementor-element-42b51b7f\" data-id=\"42b51b7f\" data-element_type=\"column\" data-e-type=\"column\">\n\t\t\t<div class=\"elementor-widget-wrap elementor-element-populated\">\n\t\t\t\t\t\t\t<\/div>\n\t\t<\/div>\n\t\t\t\t<div class=\"elementor-column elementor-col-33 elementor-top-column elementor-element elementor-element-72883ee6\" data-id=\"72883ee6\" data-element_type=\"column\" data-e-type=\"column\">\n\t\t\t<div class=\"elementor-widget-wrap elementor-element-populated\">\n\t\t\t\t\t\t<div class=\"elementor-element elementor-element-61db0475 elementor-widget elementor-widget-html\" data-id=\"61db0475\" data-element_type=\"widget\" data-e-type=\"widget\" data-widget_type=\"html.default\">\n\t\t\t\t<div class=\"elementor-widget-container\">\n\t\t\t\t\t\r\n    <div class = \"row terms\">\r\n        <div class = \"col-md-1\"><\/div>\r\n        <div class = \"col-md-10\">\r\n             <p><b>Allgemeine Gesch\u00e4ftsbedingungen f\u00fcr die Dienstleistungen der <i>Bewusstseinsberaterinnen<\/i> und <i>Bewusstseinsberater<\/i>* und die Nutzung der Website de.oneconsciousness.org<\/b><\/p><br\/>\r\n            <p>Die Begriffe \u201cwir\u201d , \u201cuns\u201d und \u201cunser\u201d beziehen sich auf Maharishi Foundation Technologies (<b>\u201eMFT\u201c<\/b>), eine Delaware Public Benefit Corporation, mit Anschrift  1900 Capital Blvd., Fairfield Iowa, 52556, United States vertreten durch unsere autorisierten zertifizierten  <i>Bewusstseinsberaterinnen<\/i> und <i>Bewusstseinsberater<\/i>, die Ihnen unsere <i>Bewusstseinsberater<\/i>-Dienstleistungen anbieten. Nachfolgend sind die Allgemeinen Gesch\u00e4ftsbedingungen f\u00fcr unsere vertraglichen Beziehungen mit Ihnen bez\u00fcglich dieser Dienstleistungen aufgef\u00fchrt.<\/p>\r\n                           \t\t\t<h1 class=\"headingsection_404\">Allgemeine Gesch\u00e4ftsbedingungen<\/h1><br\/>\r\n\t\t\t<ol class = \"text-left\">\r\n\t\t\t\t<li>\tDienstleistungen der \r\n\t\t\t\t  <i>Bewusstseinsberater<\/i>. Unsere <i>Bewusstseinsberaterinnen<\/i> und <i>Bewusstseinsberater<\/i>werden Sie anleiten, unterst\u00fctzen und beraten, um mit Ihnen \u00fcber die grundlegende Rolle der Bewusstseinsentwicklung** in Ihrem Leben nachzudenken. In diesem Prozess werden Sie Wissen \u00fcber die Rolle des Bewusstseins f\u00fcr das Erreichen Ihrer Lebensziele sowie f\u00fcr ein erf\u00fclltes und gl\u00fcckliches Leben erhalten. Im Rahmen dieses Prozesses wird Ihnen unsere <i>Bewusstseinsberaterinnen<\/i>\/ unser <i>Bewusstseinsberater<\/i> bestimmte Programme, Dienstleistungen und Produkte der <i>Maharishi Technologien des Bewusstseins*<\/i> (nachfolgend als \u201cMTB-Programme\u201d bezeichnet) vorstellen und m\u00f6glicherweise empfehlen, von denen wir glauben, dass sie Ihnen bei der Erreichung Ihrer bewusstseinsbasierten Ziele hilfreich sein k\u00f6nnen.<\/p>\r\n                                   <p>** Bewusstsein ist die F\u00e4higkeit wahrzunehmen, bewusst zu sein und sich bewusst zu sein, dass wir bewusst sind. Ohne Bewusstsein kann man nichts erleben. \r\n\t\t\t\t<\/li>\r\n\t\t\t\t<li>\r\n\t\t\t\t\t\tFragebogen. Da der Schwerpunkt der <i>Bewusstseinsberater<\/i>-Dienstleistungen darin besteht, Sie bei der Entwicklung und Umsetzung von Strategien zu unterst\u00fctzen, um Ihre eigenen bewusstseinsbasierten Ziele zu erreichen und pers\u00f6nliche Erf\u00fcllung zu erlangen, k\u00f6nnen die <i>Bewusstseinsberaterinnen<\/i> und <i>Bewusstseinsberater<\/i> einen anf\u00e4nglichen Fragebogen, Interviews und andere Verfahren verwenden, um wertvolle Informationen f\u00fcr die Ausrichtung und Schwerpunktsetzung ihrer Beratungst\u00e4tigkeit zu erhalten. Diese Interaktionen werden grundlegende Informationen \u00fcber Sie liefern und Ihnen helfen, neue M\u00f6glichkeiten zu entdecken, um Ihre Lebensziele zu erreichen. Ihre personenbezogenen Daten werden entsprechend unserer <a href= \"\/privacy\/\"><u>Datenschutzerkl\u00e4rung<\/u><\/a>, vertraulich behandelt, welche Teil dieser Allgemeinen Gesch\u00e4ftsbedingungen ist, und von Ihnen gelesen werden sollte. <\/p>\r\n <\/li>\r\n\t\t\t\t<li>\r\n\t\t\t\t\t\tZahlungs- und R\u00fcckerstattungsbedingungen. Zahlungen f\u00fcr  <i>Bewusstseinsberater<\/i>-Sitzungen sind vor Beginn der Sitzung zu leisten. Eine R\u00fcckerstattung ist nicht m\u00f6glich, sofern nicht ausdr\u00fccklich anders angegeben. Wenn Sie auf Empfehlung Ihrer <i>Bewusstseinsberaterin<\/i>\/ Ihres <i>Bewusstseinsberaters<\/i> den Dienst eines MTB-Programms in Anspruch genommen haben, so studieren Sie bitte die jeweiligen R\u00fcckerstattungsbedingungen dieses spezifischen Dienstes. Wenn Sie uns Feedback zu Ihrer <i>Bewusstseinsberaterin<\/i>\/ Ihrem <i>Bewusstseinsberaters<\/i> geben m\u00f6chten, senden Sie uns bitte eine E-Mail. Unsere Kontaktinformationen finden Sie  <a href= \"\/contact\/\"><u>hier.<\/u><\/a><\/p>\r\n\t\t\t\t<\/li>\r\n\t\t\t\t<li> Haftungsbeschr\u00e4nkungen; Haftungsausschl\u00fcsse\r\n\t\t\t\t\t<style>\r\n  .sub-list-alpha {\r\n    list-style-type: upper-alpha;\r\n    padding-right: 3em; \/* extra indent for RTL *\/\r\n  }\r\n<\/style>\r\n                <ol class=\"sub-list-alpha\">\r\n\t\t\t\t\t\t<li>\r\n\t\t\t\t\t\t    \r\n\t\t\t Keine medizinische Beratung. Die <i>Bewusstseinsberater<\/i> -Dienstleistungen und die von den <i>Bewusstseinsberaterinnen<\/i> und <i>Bewusstseinsberatern<\/i> empfohlenen MTB-Programme stellen keine medizinischen Diagnosen oder Behandlungen dar und sind kein Ersatz f\u00fcr medizinische Diagnosen oder Behandlungen durch approbierte \u00c4rzte. Holen Sie bei gesundheitlichen Problemen immer den Rat Ihres Arztes oder eines anderen qualifizierten Gesundheitsdienstleisters ein und unterbrechen Sie niemals eine medizinische Behandlung ohne R\u00fccksprache mit Ihrem Arzt.<\/li>\r\n                                        <li>KEINE M\u00c4NGELHAFTUNG ODER GARANTIEN. SPEZIFISCHE ERGEBNISSE VON  <i>BEWUSSTEINSBERATER<\/i>-DIENSTLEISTUNGEN UND VON MTB-PROGRAMMEN K\u00d6NNEN NICHT GARANTIERT WERDEN, DA INDIVIDUELLE ERGEBNISSE VARIIEREN K\u00d6NNEN. ES IST DIE ABSICHT VON MAHARISHI FOUNDATION TECHNOLOGIES (MFT), DASS DIE INFORMATIONEN AUF DIESER WEBSITE KORREKT UND ZUVERL\u00c4SSIG SIND. DENNOCH KANN ES ZU FEHLERN KOMMEN. DAHER WERDEN ALLE DIENSTLEISTUNGEN OHNE M\u00c4NGELHAFTUNG ANGEBOTEN. MAHARISHI FOUNDATION TECHNOLOGIES (MFT) LEHNT JEGLICHE AUSDR\u00dcCKLICHE ODER STILLSCHWEIGENDE M\u00c4NGELHAFTUNG IN BEZUG AUF DIE DIENSTLEISTUNGEN ODER DIESE WEBSITE AB, EINSCHLIESSLICH, ABER NICHT BESCHR\u00c4NKT AUF DEREN GEBRAUCHSTAUGLICHKEIT ODER EIGNUNG F\u00dcR EINEN BESTIMMTEN ZWECK.<\/li> \r\n                                        <li>Erfahrungsberichte. Diese Website kann Erfahrungsberichte von Nutzern unserer Produkte und\/oder Dienstleistungen enthalten, die die realen Erfahrungen unserer Nutzer widerspiegeln. Sie sind m\u00f6glicherweise nicht repr\u00e4sentativ f\u00fcr alle Nutzer unserer Produkte und\/oder Dienstleistungen. Wir behaupten nicht, und Sie sollten nicht davon ausgehen, dass alle Nutzer die gleichen Erfahrungen machen. Individuelle Ergebnisse k\u00f6nnen variieren.<\/li>\r\n                                        <li>Haftungsbeschr\u00e4nkung. Sie erkennen an, dass die <i>Bewusstseinsberater<\/i> -Dienstleistungen einen Prozess beinhalten, der Anleitung, Unterst\u00fctzung, Beratung und  <i>Bewusstseinsbasierte Bildung <\/i> in verschiedenen Lebensbereichen erfordern kann. Sie stimmen zu, dass es ausschlie\u00dflich in Ihrer Verantwortung liegt, wie Sie Anleitung, Unterst\u00fctzung, Beratung oder bewusstseinsbasiertes Wissen in diese Lebensbereiche integrieren und Entscheidungen umsetzen, und dass die Organisation, die die <i>Bewusstseinsberater<\/i>-Dienstleistungen anbietet oder ihre <i>Bewusstseinsberaterinnen<\/i>\r\n                    und <i>Bewusstseinsberater<\/i> nicht f\u00fcr die Folgen von Handlungen oder Entscheidungen haften, die Sie aufgrund der Ihnen angebotenen <i>Bewusstseinsberater<\/i> -Dienstleistungen treffen.<\/li>\r\n                                        <li>Informationen. Die auf dieser Website sowie von den <i>Bewusstseinsberaterinnen<\/i>\r\n                    und <i>Bewusstseinsberatern<\/i>bereitgestellten Informationen dienen lediglich Informationszwecken und sollten nicht als finanzielle, steuerliche, rechtliche oder medizinische Beratung betrachtet werden.\r\n\t\t\t\t\t\t<\/li>\r\n\t\t\t\t\t<\/ol>\r\n\t\t\t\t<\/li>\r\n\t\t\t\t<li>\r\n\t\t\t\t\tFinanzielle Verg\u00fctung. <i>Bewusstseinsberaterinnen<\/i> und <i>Bewusstseinsberater<\/i>arbeiten nicht auf kostenfreier Basis. Sie haben eine monatelange Ausbildung absolviert und Zertifizierungstests bestanden, die eine erhebliche zeitliche und finanzielle Verpflichtung darstellen. Daher erhalten sie eine Verg\u00fctung f\u00fcr ihre Unterst\u00fctzung, ihr Fachwissen und die grundlegenden Informationen zum MTB-Programm, die sie w\u00e4hrend der <i>Bewusstseinsberater<\/i>-Sitzungen weitergeben, sowie f\u00fcr die Empfehlung anderer MTB-Programme. Damit die finanziellen Vereinbarungen zwischen MFT, den <i>Bewusstseinsberaterinnen<\/i> \/ den <i>Bewusstseinsberatern<\/i> und den MTB-Anbietern im Zusammenhang mit den von ihnen an Sie erbrachten MTB-Dienstleistungen erf\u00fcllt werden k\u00f6nnen, wird MFT m\u00f6glicherweise Informationen \u00fcber die H\u00f6he Ihrer Ausgaben bei unseren MTB-Anbietern einholen. Wenn Sie von Ihrem Recht Gebrauch machen m\u00f6chten, Auskunft \u00fcber diese von uns eingeholten Daten zu erhalten, Einspruch gegen ihre Verarbeitung einzulegen oder sie zu l\u00f6schen, wenden Sie sich bitte an uns unter <a href=\"mailto:legal@oneconsciousness.org\"><u>legal@oneconsciousness.org<\/u><\/a>.<\/li>\r\n\t\t\t\t<li>\r\n\t\t\t\t\t<a href= \"\/privacy\/\"><u>Datenschutzerkl\u00e4rung<\/u><\/a> - Bitte lesen Sie unsere Datenschutzerkl\u00e4rung, in der wir Sie \u00fcber die Erhebung und Verarbeitung Ihrer personenbezogenen Daten im Rahmen dieser Vereinbarung informieren.\t<\/li>\r\n\t\t\t\t<li>\r\n\t\t\t\t\t<a href= \"\/contact\/\"><u>Kontakt<\/u><\/a> - Bitte senden Sie uns eine E-Mail, wenn Sie Fragen oder Anliegen haben. <\/p>\r\n                               <\/div>                          \r\n                           <\/div>\t\t\t\t<\/div>\n\t\t\t\t<\/div>\n\t\t\t\t<div class=\"elementor-element elementor-element-9a07f88 elementor-widget elementor-widget-html\" data-id=\"9a07f88\" data-element_type=\"widget\" data-e-type=\"widget\" data-widget_type=\"html.default\">\n\t\t\t\t<div class=\"elementor-widget-container\">\n\t\t\t\t\t<a id=\"copyrights-and-trademarks\"><\/a>\n<div class = \"row terms\">\n    <div class = \"col-md-1\"><\/div>\n    <div class = \"col-md-10\">\n\t\t<h1 class=\"headingsection_404\">Urheberrecht und Markenschutz<\/h1><br\/>\n        <h3>Nutzungsbedingungen<\/h3>\n        <p class=\"text-left\">Alle Inhalte und Materialien auf dieser Website sind durch die Urheberrechtsgesetze der Vereinigten Staaten und\/oder anderer L\u00e4nder und Regionen gesch\u00fctzt und werden unter Lizenz oder mit Genehmigung verwendet. Die Marken in der nachstehenden, nicht ersch\u00f6pfenden Liste sind Eigentum der Maharishi Foundation International (\u201cMFI\u201d) oder werden von ihr in Lizenz verwendet. Sie sind als eingetragene oder nicht eingetragene Marken in vielen L\u00e4ndern weltweit gesch\u00fctzt. Das Fehlen einer Marke oder eines Logos in dieser Liste stellt keinen Verzicht der MFI oder ihrer Lizenznehmer auf die Urheberrechte, die Marken oder andere geistige Eigentumsrechte in Bezug auf diesen Namen oder dieses Logo dar.<\/p>\n        <p class=\"text-left\">Es wird die Erlaubnis erteilt, ausschlie\u00dflich f\u00fcr Ihren pers\u00f6nlichen Gebrauch zu nicht-kommerziellen Zwecken, die Website(s) zu betrachten und Kopien der Materialien herunterzuladen, zu verwenden und auszudrucken, sofern sie nicht ver\u00e4ndert werden und alle Urheberrechts- und sonstigen Eigentumsvermerke erhalten bleiben. Eine \u00c4nderung des Materials oder eine Verwendung des Materials f\u00fcr andere Zwecke stellt eine Verletzung des Urheberrechts und anderer Eigentumsrechte dar. Es wird die Erlaubnis erteilt, die Uniform Resource Locators (URL) Links der Dokumente dieser Website in anderen Website-Dokumenten zu verwenden, vorausgesetzt, dass die Informationen zum Urheberrecht und die Informationen zu den Marken auf diesen Websites ordnungsgem\u00e4\u00df angegeben werden. Die hier erteilte Erlaubnis schlie\u00dft nicht das Recht ein, den Inhalt auf anderen Websites zu ver\u00f6ffentlichen.<\/p>\n        <p class=\"text-left\">Es ist die Absicht von MFI, dass die Informationen auf dieser Website korrekt und zuverl\u00e4ssig sind. Dennoch kann es zu Fehlern kommen. MFI lehnt jegliche ausdr\u00fcckliche oder stillschweigende M\u00e4ngelhaftung in Bezug auf die Dienstleistungen oder diese Website ab, einschlie\u00dflich, aber nicht beschr\u00e4nkt auf deren Gebrauchstauglichkeit oder Eignung f\u00fcr einen bestimmten Zweck.<\/p>\n        <p class=\"text-left\">Anfragen zu Urheberrechten, Markenschutz und anderen geistigen Eigentumsrechten, die den Inhalt dieser Website betreffen, sind zu richten an Maharishi Foundation International, PO Box 624, Fairfield, IA 52556, USA.<\/p>\n        <h3>Marken<\/h3>\n        <p class=\"text-left\"><i>Transzendentale Meditation, TM, TM-Sidhi, Maharishi Technologien des Bewusstseins, Maharishi Integrierte Gesundheit, Fortgeschrittene Technologien des Bewusstseins, Bewusstseinsbasierte Bildung, Bewusstseinsreise, Bewusstseinsberater, Bewusstseinsvortrag,<\/i> und<i> Bewusstseinssitzung<\/i> sind als eingetragene oder nicht eingetragene Marken in vielen L\u00e4ndern weltweit gesch\u00fctzt.<\/p>\n    <\/div>\n<\/div>\t\t\t\t<\/div>\n\t\t\t\t<\/div>\n\t\t\t\t\t<\/div>\n\t\t<\/div>\n\t\t\t\t<div class=\"elementor-column elementor-col-33 elementor-top-column elementor-element elementor-element-c24ca67\" data-id=\"c24ca67\" data-element_type=\"column\" data-e-type=\"column\">\n\t\t\t<div class=\"elementor-widget-wrap elementor-element-populated\">\n\t\t\t\t\t\t\t<\/div>\n\t\t<\/div>\n\t\t\t\t\t<\/div>\n\t\t<\/section>\n\t\t\t\t<\/div>\n\t\t","protected":false},"excerpt":{"rendered":"<p>Allgemeine Gesch\u00e4ftsbedingungen f\u00fcr die Dienstleistungen der Bewusstseinsberaterinnen und Bewusstseinsberater* und die Nutzung der Website de.oneconsciousness.org Die Begriffe \u201cwir\u201d , \u201cuns\u201d und \u201cunser\u201d beziehen sich auf Maharishi Foundation Technologies (\u201eMFT\u201c), eine Delaware Public Benefit Corporation, mit Anschrift 1900 Capital Blvd., Fairfield Iowa, 52556, United States vertreten durch unsere autorisierten zertifizierten Bewusstseinsberaterinnen und Bewusstseinsberater, die Ihnen unsere&hellip; <a class=\"more-link\" href=\"https:\/\/oneconsciousness.org\/at-de\/terms\/\"><span class=\"screen-reader-text\">terms &#038; conditions<\/span> weiterlesen<\/a><\/p>\n","protected":false},"author":1,"featured_media":0,"parent":0,"menu_order":0,"comment_status":"closed","ping_status":"closed","template":"","meta":{"footnotes":""},"class_list":["post-2566","page","type-page","status-publish","hentry","entry"],"yoast_head":"<!-- This site is optimized with the Yoast SEO plugin v27.1.1 - https:\/\/yoast.com\/product\/yoast-seo-wordpress\/ -->\n<title>terms &amp; conditions - Consciousness Advisors<\/title>\n<meta name=\"robots\" content=\"index, follow, max-snippet:-1, max-image-preview:large, max-video-preview:-1\" \/>\n<link rel=\"canonical\" href=\"https:\/\/oneconsciousness.org\/at-de\/terms\/\" \/>\n<meta property=\"og:locale\" content=\"de_DE\" \/>\n<meta property=\"og:type\" content=\"article\" \/>\n<meta property=\"og:title\" content=\"terms &amp; conditions - Consciousness Advisors\" \/>\n<meta property=\"og:description\" content=\"Allgemeine Gesch\u00e4ftsbedingungen f\u00fcr die Dienstleistungen der Bewusstseinsberaterinnen und Bewusstseinsberater* und die Nutzung der Website de.oneconsciousness.org Die Begriffe \u201cwir\u201d , \u201cuns\u201d und \u201cunser\u201d beziehen sich auf Maharishi Foundation Technologies (\u201eMFT\u201c), eine Delaware Public Benefit Corporation, mit Anschrift 1900 Capital Blvd., Fairfield Iowa, 52556, United States vertreten durch unsere autorisierten zertifizierten Bewusstseinsberaterinnen und Bewusstseinsberater, die Ihnen unsere&hellip; terms &#038; conditions weiterlesen\" \/>\n<meta property=\"og:url\" content=\"https:\/\/oneconsciousness.org\/at-de\/terms\/\" \/>\n<meta property=\"og:site_name\" content=\"Consciousness Advisors\" \/>\n<meta property=\"article:modified_time\" content=\"2025-07-11T13:44:51+00:00\" \/>\n<meta name=\"twitter:card\" content=\"summary_large_image\" \/>\n<meta name=\"twitter:label1\" content=\"Gesch\u00e4tzte Lesezeit\" \/>\n\t<meta name=\"twitter:data1\" content=\"6\u00a0Minuten\" \/>\n<script type=\"application\/ld+json\" class=\"yoast-schema-graph\">{\"@context\":\"https:\/\/schema.org\",\"@graph\":[{\"@type\":\"WebPage\",\"@id\":\"https:\/\/oneconsciousness.org\/at-de\/terms\/\",\"url\":\"https:\/\/oneconsciousness.org\/at-de\/terms\/\",\"name\":\"terms & conditions - Consciousness Advisors\",\"isPartOf\":{\"@id\":\"https:\/\/oneconsciousness.org\/at-de\/#website\"},\"datePublished\":\"2023-03-08T07:59:53+00:00\",\"dateModified\":\"2025-07-11T13:44:51+00:00\",\"breadcrumb\":{\"@id\":\"https:\/\/oneconsciousness.org\/at-de\/terms\/#breadcrumb\"},\"inLanguage\":\"de\",\"potentialAction\":[{\"@type\":\"ReadAction\",\"target\":[\"https:\/\/oneconsciousness.org\/at-de\/terms\/\"]}]},{\"@type\":\"BreadcrumbList\",\"@id\":\"https:\/\/oneconsciousness.org\/at-de\/terms\/#breadcrumb\",\"itemListElement\":[{\"@type\":\"ListItem\",\"position\":1,\"name\":\"Home\",\"item\":\"https:\/\/oneconsciousness.org\/at-de\/\"},{\"@type\":\"ListItem\",\"position\":2,\"name\":\"terms &#038; conditions\"}]},{\"@type\":\"WebSite\",\"@id\":\"https:\/\/oneconsciousness.org\/at-de\/#website\",\"url\":\"https:\/\/oneconsciousness.org\/at-de\/\",\"name\":\"Consciousness Advisors\",\"description\":\"\",\"publisher\":{\"@id\":\"https:\/\/oneconsciousness.org\/at-de\/#organization\"},\"potentialAction\":[{\"@type\":\"SearchAction\",\"target\":{\"@type\":\"EntryPoint\",\"urlTemplate\":\"https:\/\/oneconsciousness.org\/at-de\/?s={search_term_string}\"},\"query-input\":{\"@type\":\"PropertyValueSpecification\",\"valueRequired\":true,\"valueName\":\"search_term_string\"}}],\"inLanguage\":\"de\"},{\"@type\":\"Organization\",\"@id\":\"https:\/\/oneconsciousness.org\/at-de\/#organization\",\"name\":\"Consciousness Advisors\",\"url\":\"https:\/\/oneconsciousness.org\/at-de\/\",\"logo\":{\"@type\":\"ImageObject\",\"inLanguage\":\"de\",\"@id\":\"https:\/\/oneconsciousness.org\/at-de\/#\/schema\/logo\/image\/\",\"url\":\"https:\/\/oneconsciousness.org\/at-de\/wp-content\/uploads\/sites\/4\/2023\/03\/cropped-tree-logo-v2-03-1.png\",\"contentUrl\":\"https:\/\/oneconsciousness.org\/at-de\/wp-content\/uploads\/sites\/4\/2023\/03\/cropped-tree-logo-v2-03-1.png\",\"width\":512,\"height\":512,\"caption\":\"Consciousness Advisors\"},\"image\":{\"@id\":\"https:\/\/oneconsciousness.org\/at-de\/#\/schema\/logo\/image\/\"}}]}<\/script>\n<!-- \/ Yoast SEO plugin. -->","yoast_head_json":{"title":"terms & conditions - Consciousness Advisors","robots":{"index":"index","follow":"follow","max-snippet":"max-snippet:-1","max-image-preview":"max-image-preview:large","max-video-preview":"max-video-preview:-1"},"canonical":"https:\/\/oneconsciousness.org\/at-de\/terms\/","og_locale":"de_DE","og_type":"article","og_title":"terms & conditions - Consciousness Advisors","og_description":"Allgemeine Gesch\u00e4ftsbedingungen f\u00fcr die Dienstleistungen der Bewusstseinsberaterinnen und Bewusstseinsberater* und die Nutzung der Website de.oneconsciousness.org Die Begriffe \u201cwir\u201d , \u201cuns\u201d und \u201cunser\u201d beziehen sich auf Maharishi Foundation Technologies (\u201eMFT\u201c), eine Delaware Public Benefit Corporation, mit Anschrift 1900 Capital Blvd., Fairfield Iowa, 52556, United States vertreten durch unsere autorisierten zertifizierten Bewusstseinsberaterinnen und Bewusstseinsberater, die Ihnen unsere&hellip; terms &#038; conditions weiterlesen","og_url":"https:\/\/oneconsciousness.org\/at-de\/terms\/","og_site_name":"Consciousness Advisors","article_modified_time":"2025-07-11T13:44:51+00:00","twitter_card":"summary_large_image","twitter_misc":{"Gesch\u00e4tzte Lesezeit":"6\u00a0Minuten"},"schema":{"@context":"https:\/\/schema.org","@graph":[{"@type":"WebPage","@id":"https:\/\/oneconsciousness.org\/at-de\/terms\/","url":"https:\/\/oneconsciousness.org\/at-de\/terms\/","name":"terms & conditions - Consciousness Advisors","isPartOf":{"@id":"https:\/\/oneconsciousness.org\/at-de\/#website"},"datePublished":"2023-03-08T07:59:53+00:00","dateModified":"2025-07-11T13:44:51+00:00","breadcrumb":{"@id":"https:\/\/oneconsciousness.org\/at-de\/terms\/#breadcrumb"},"inLanguage":"de","potentialAction":[{"@type":"ReadAction","target":["https:\/\/oneconsciousness.org\/at-de\/terms\/"]}]},{"@type":"BreadcrumbList","@id":"https:\/\/oneconsciousness.org\/at-de\/terms\/#breadcrumb","itemListElement":[{"@type":"ListItem","position":1,"name":"Home","item":"https:\/\/oneconsciousness.org\/at-de\/"},{"@type":"ListItem","position":2,"name":"terms &#038; conditions"}]},{"@type":"WebSite","@id":"https:\/\/oneconsciousness.org\/at-de\/#website","url":"https:\/\/oneconsciousness.org\/at-de\/","name":"Consciousness Advisors","description":"","publisher":{"@id":"https:\/\/oneconsciousness.org\/at-de\/#organization"},"potentialAction":[{"@type":"SearchAction","target":{"@type":"EntryPoint","urlTemplate":"https:\/\/oneconsciousness.org\/at-de\/?s={search_term_string}"},"query-input":{"@type":"PropertyValueSpecification","valueRequired":true,"valueName":"search_term_string"}}],"inLanguage":"de"},{"@type":"Organization","@id":"https:\/\/oneconsciousness.org\/at-de\/#organization","name":"Consciousness Advisors","url":"https:\/\/oneconsciousness.org\/at-de\/","logo":{"@type":"ImageObject","inLanguage":"de","@id":"https:\/\/oneconsciousness.org\/at-de\/#\/schema\/logo\/image\/","url":"https:\/\/oneconsciousness.org\/at-de\/wp-content\/uploads\/sites\/4\/2023\/03\/cropped-tree-logo-v2-03-1.png","contentUrl":"https:\/\/oneconsciousness.org\/at-de\/wp-content\/uploads\/sites\/4\/2023\/03\/cropped-tree-logo-v2-03-1.png","width":512,"height":512,"caption":"Consciousness Advisors"},"image":{"@id":"https:\/\/oneconsciousness.org\/at-de\/#\/schema\/logo\/image\/"}}]}},"_links":{"self":[{"href":"https:\/\/oneconsciousness.org\/at-de\/wp-json\/wp\/v2\/pages\/2566","targetHints":{"allow":["GET"]}}],"collection":[{"href":"https:\/\/oneconsciousness.org\/at-de\/wp-json\/wp\/v2\/pages"}],"about":[{"href":"https:\/\/oneconsciousness.org\/at-de\/wp-json\/wp\/v2\/types\/page"}],"author":[{"embeddable":true,"href":"https:\/\/oneconsciousness.org\/at-de\/wp-json\/wp\/v2\/users\/1"}],"replies":[{"embeddable":true,"href":"https:\/\/oneconsciousness.org\/at-de\/wp-json\/wp\/v2\/comments?post=2566"}],"version-history":[{"count":58,"href":"https:\/\/oneconsciousness.org\/at-de\/wp-json\/wp\/v2\/pages\/2566\/revisions"}],"predecessor-version":[{"id":4194,"href":"https:\/\/oneconsciousness.org\/at-de\/wp-json\/wp\/v2\/pages\/2566\/revisions\/4194"}],"wp:attachment":[{"href":"https:\/\/oneconsciousness.org\/at-de\/wp-json\/wp\/v2\/media?parent=2566"}],"curies":[{"name":"wp","href":"https:\/\/api.w.org\/{rel}","templated":true}]}}