{"id":2566,"date":"2023-03-08T07:59:53","date_gmt":"2023-03-08T07:59:53","guid":{"rendered":"https:\/\/oneconsciousness.org\/ca-fr\/terms-conditions\/"},"modified":"2023-12-07T06:18:52","modified_gmt":"2023-12-07T05:18:52","slug":"terms","status":"publish","type":"page","link":"https:\/\/oneconsciousness.org\/ca-fr\/terms\/","title":{"rendered":"terms &#038; conditions"},"content":{"rendered":"\t\t<div data-elementor-type=\"wp-page\" data-elementor-id=\"2566\" class=\"elementor elementor-2566\" data-elementor-post-type=\"page\">\n\t\t\t\t\t\t<section class=\"elementor-section elementor-top-section elementor-element elementor-element-56c0ad48 elementor-section-boxed elementor-section-height-default elementor-section-height-default\" data-id=\"56c0ad48\" data-element_type=\"section\" data-e-type=\"section\">\n\t\t\t\t\t\t<div class=\"elementor-container elementor-column-gap-default\">\n\t\t\t\t\t<div class=\"elementor-column elementor-col-100 elementor-top-column elementor-element elementor-element-7fd820a8\" data-id=\"7fd820a8\" data-element_type=\"column\" data-e-type=\"column\">\n\t\t\t<div class=\"elementor-widget-wrap elementor-element-populated\">\n\t\t\t\t\t\t<div class=\"elementor-element elementor-element-2a2450c9 elementor-widget elementor-widget-text-editor\" data-id=\"2a2450c9\" data-element_type=\"widget\" data-e-type=\"widget\" data-widget_type=\"text-editor.default\">\n\t\t\t\t<div class=\"elementor-widget-container\">\n\t\t\t\t\t\t\t\t\t<p>\t\t<div data-elementor-type=\"wp-post\" data-elementor-id=\"23\" class=\"elementor elementor-23\" data-elementor-post-type=\"elementor-hf\">\n\t\t\t\t\t\t<section class=\"elementor-section elementor-top-section elementor-element elementor-element-0f4c5fe heading_section elementor-section-boxed elementor-section-height-default elementor-section-height-default\" data-id=\"0f4c5fe\" data-element_type=\"section\" data-e-type=\"section\">\n\t\t\t\t\t\t<div class=\"elementor-container elementor-column-gap-default\">\n\t\t\t\t\t<div class=\"elementor-column elementor-col-100 elementor-top-column elementor-element elementor-element-03651d9\" data-id=\"03651d9\" data-element_type=\"column\" data-e-type=\"column\">\n\t\t\t<div class=\"elementor-widget-wrap\">\n\t\t\t\t\t\t\t<\/div>\n\t\t<\/div>\n\t\t\t\t\t<\/div>\n\t\t<\/section>\n\t\t\t\t<\/div>\n\t\t<\/p>\t\t\t\t\t\t\t\t<\/div>\n\t\t\t\t<\/div>\n\t\t\t\t\t<\/div>\n\t\t<\/div>\n\t\t\t\t\t<\/div>\n\t\t<\/section>\n\t\t\t\t<section class=\"elementor-section elementor-top-section elementor-element elementor-element-1a5984c privacy_policy elementor-section-boxed elementor-section-height-default elementor-section-height-default\" data-id=\"1a5984c\" data-element_type=\"section\" data-e-type=\"section\">\n\t\t\t\t\t\t<div class=\"elementor-container elementor-column-gap-default\">\n\t\t\t\t\t<div class=\"elementor-column elementor-col-33 elementor-top-column elementor-element elementor-element-42b51b7f\" data-id=\"42b51b7f\" data-element_type=\"column\" data-e-type=\"column\">\n\t\t\t<div class=\"elementor-widget-wrap elementor-element-populated\">\n\t\t\t\t\t\t\t<\/div>\n\t\t<\/div>\n\t\t\t\t<div class=\"elementor-column elementor-col-33 elementor-top-column elementor-element elementor-element-72883ee6\" data-id=\"72883ee6\" data-element_type=\"column\" data-e-type=\"column\">\n\t\t\t<div class=\"elementor-widget-wrap elementor-element-populated\">\n\t\t\t\t\t\t<div class=\"elementor-element elementor-element-61db0475 elementor-widget elementor-widget-html\" data-id=\"61db0475\" data-element_type=\"widget\" data-e-type=\"widget\" data-widget_type=\"html.default\">\n\t\t\t\t<div class=\"elementor-widget-container\">\n\t\t\t\t\t\r\n    <div class = \"row terms\">\r\n        <div class = \"col-md-1\"><\/div>\r\n        <div class = \"col-md-10\">\r\n             <p><b>Services de <i>Consciousness Advisor<\/i>* Accord de consultation et clauses de non-responsabilit\u00e9, conditions g\u00e9n\u00e9rales d'utilisation<\/b><\/p><br\/>\r\n            <p>Les termes \"nous\", \"notre\" et \"nos\" se r\u00e9f\u00e8rent \u00e0 Maharishi Foundation Technologies (<b>\u201cMFT\u201d<\/b>), une soci\u00e9t\u00e9 d'utilit\u00e9 publique du Delaware, dont l'adresse de contact est 1900 Capital Blvd., Fairfield, Iowa, 52556, \u00c9tats-Unis, telle que repr\u00e9sent\u00e9e par nos experts agr\u00e9\u00e9s <i>conseiller en d\u00e9veloppement de la conscience,<\/i> qui vous offriront nos services de <i>conseiller en d\u00e9veloppement de la conscience<\/i>. services. Les termes et conditions de l'accord que nous avons conclu avec vous concernant ces services sont \u00e9nonc\u00e9s ci-apr\u00e8s.<\/p>\r\n                           \t\t\t<h1 class=\"headingsection_404\">Conditions g\u00e9n\u00e9rales d\u2019utilisation<\/h1><br\/>\r\n\t\t\t<ol class = \"text-left\">\r\n\t\t\t\t<li>\r\n\t\t\t\t  Services des <i>conseillers en d\u00e9veloppement de la conscience<\/i>. Nos <i>conseillers en d\u00e9veloppement de la conscience<\/i>  vous guideront, vous encadreront et vous consulteront pour r\u00e9fl\u00e9chir en profondeur avec vous au r\u00f4le fondamental du d\u00e9veloppement de la conscience** dans votre vie. Au cours de ce processus, vous acquerrez des connaissances sur le r\u00f4le de la conscience dans la r\u00e9alisation de vos objectifs de vie et dans  votre qu\u00eate d'\u00e9panouissement et de bonheur. Dans le cadre de ce processus, nos experts <i>conseillers en d\u00e9veloppement de la conscience<\/i> vous pr\u00e9senteront et vous recommanderont \u00e9ventuellement certains programmes, services et produits de <i>Maharishi Technologies of Consciousness*<\/i> (collectivement, les \" programmes MTC \") qui, selon nous, pourraient vous aider \u00e0 atteindre vos objectifs li\u00e9s \u00e0 la conscience.<\/p>\r\n                                   <p>** La conscience est la capacit\u00e9 d'\u00eatre conscient et d'\u00eatre conscient que nous sommes conscients. Sans conscience, on ne peut rien exp\u00e9rimenter. \r\n\t\t\t\t<\/li>\r\n\t\t\t\t<li>\r\n\t\t\t\t\tQuestionnaires. Comme l\u2019objectif des services de nos <i>conseillers en d\u00e9veloppement de la conscience<\/i> est de guider le d\u00e9veloppement et la mise en \u0153uvre de strat\u00e9gies pour atteindre vos objectifs li\u00e9s \u00e0 la conscience et parvenir \u00e0 l'\u00e9panouissement personnel, les experts <i>conseillers en d\u00e9veloppement de la conscience<\/i> peuvent utiliser un questionnaire initial, des interviews et d'autres proc\u00e9dures pour obtenir des informations pr\u00e9cieuses qui les aident \u00e0 mieux orienter et cibler leurs prestation de services. Ces interactions vous fourniront des informations de base vous concernant et vous aideront \u00e0 d\u00e9couvrir de nouvelles possibilit\u00e9s pour atteindre vos objectifs dans la vie. Toutes les informations personnelles collect\u00e9es resteront confidentielles conform\u00e9ment \u00e0 notre <a href= \"\/privacy\/\"><u>politique de confidentialit\u00e9<\/u><\/a>, qui fait partie de cet accord et que vous devriez consulter.<\/p>\r\n <\/li>\r\n\t\t\t\t<li>\r\n\t\t\t\t\tPolitique de paiement et de remboursement. Les paiements doivent \u00eatre effectu\u00e9s avant le d\u00e9but de la session du <i>conseiller en d\u00e9veloppement de la conscience<\/i>. Aucun remboursement n'est possible, sauf mention expresse. Pour les recommandations concernant les programmes de MTC que votre <i>conseiller en d\u00e9veloppement de la conscience<\/i> peut faire, veuillez consulter la politique de remboursement du service sp\u00e9cifique que vous avez utilis\u00e9. Si vous souhaitez donner votre avis sur votre <i>conseiller en d\u00e9veloppement de la conscience<\/i> veuillez nous envoyer un courriel. Vous trouverez nos coordonn\u00e9es <a href= \"\/contact\/\"><u>ici.<\/u><\/a><\/p>\r\n\t\t\t\t<\/li>\r\n\t\t\t\t<li> Limitations du service ; clauses de non-responsabilit\u00e9\r\n\t\t\t\t\t<ol>\r\n\t\t\t\t\t\t<li>\r\n\t\t\t\t\t\t    \r\n\t\t\t Pas de conseils m\u00e9dicaux. Les services du <i>conseiller en d\u00e9veloppement de la conscience<\/i> et les programmes MTC recommand\u00e9s par les experts <i>conseiller en d\u00e9veloppement de la conscience<\/i> ne constituent pas des diagnostics ou des traitements m\u00e9dicaux et ne peuvent se substituer \u00e0 des diagnostics ou des traitements m\u00e9dicaux professionnels. Demandez toujours l'avis de votre m\u00e9decin ou d'autres fournisseurs de soins de sant\u00e9 qualifi\u00e9s concernant toute condition m\u00e9dicale, et n'arr\u00eatez jamais un traitement m\u00e9dical sans consulter votre m\u00e9decin.\r\n<\/li>\r\n                                        <li>IL N'Y A PAS DE GARANTIE. LES R\u00c9SULTATS SP\u00c9CIFIQUES DES SERVICES DES <i>CONSEILLERS EN D\u00c9VELOPPEMENT DE LA CONSCIENCE<\/i> ET DES PROGRAMMES DE MTC NE PEUVENT \u00caTRE GARANTIS, CAR ILS PEUVENT VARIER D'UNE PERSONNE \u00c0 L'AUTRE. MAHARISHI FOUNDATION TECHNOLOGIES (MFT) VEILLE \u00c0 CE QUE LES INFORMATIONS CONTENUES DANS CE SITE INTERNET SOIENT EXACTES ET FIABLES. TOUTEFOIS, DES ERREURS PEUVENT SE PRODUIRE. PAR CONS\u00c9QUENT, TOUS LES SERVICES SONT FOURNIS \"EN L'\u00c9TAT\". MAHARISHI FOUNDATION TECHNOLOGIES (MFT) D\u00c9CLINE TOUTE GARANTIE, QU'ELLE SOIT EXPLICITE OU IMPLICITE, CONCERNANT TOUTE QUESTION RELATIVE AUX SERVICES OU \u00c0 CE SITE INTERNET, Y COMPRIS, MAIS SANS S'Y LIMITER, SA QUALIT\u00c9 MARCHANDE OU SON AD\u00c9QUATION \u00c0 UN USAGE PARTICULIER.<\/li> \r\n                                        <li>T\u00e9moignages. Ce site peut contenir des t\u00e9moignages d'utilisateurs de nos produits et\/ou services, qui refl\u00e8tent les exp\u00e9riences r\u00e9elles de nos utilisateurs. Ces t\u00e9moignages peuvent ne pas \u00eatre repr\u00e9sentatifs de tous les utilisateurs de nos produits et\/ou services. Nous ne pr\u00e9tendons pas, et vous ne devez pas supposer, que tous les utilisateurs auront les m\u00eames exp\u00e9riences. Les r\u00e9sultats individuels peuvent varier. <\/li>\r\n                                        <li>Limitations de responsabilit\u00e9. Vous reconnaissez que les services du <i>conseiller en d\u00e9veloppement de la conscience<\/i>  impliquent un processus qui peut n\u00e9cessiter un accompagnement, du coaching, des consultations et une \u00e9ducation fond\u00e9e sur la conscience dans divers domaines de la vie. Vous acceptez que la d\u00e9cision de traiter ces questions, d'incorporer les id\u00e9es d\u2019accompagnement, de coaching ou de consultation ou les connaissances fond\u00e9es sur la conscience dans ces domaines de la vie et de mettre en \u0153uvre des choix rel\u00e8ve exclusivement de votre responsabilit\u00e9 et que l'organisation offrant les services des <i>conseillers en d\u00e9veloppement de la conscience<\/i> ou ses experts <i> conseillers en d\u00e9veloppement de la conscience<\/i> ne sera pas responsable des cons\u00e9quences d\u00e9coulant des actions ou des d\u00e9cisions que vous pourriez prendre \u00e0 la suite des services des <i>conseillers en d\u00e9veloppement de la conscience<\/i> qui vous ont \u00e9t\u00e9 fournis.<\/li>\r\n                                        <li>Information. Les informations fournies sur ce site internet ou par tout expert <i>conseiller en d\u00e9veloppement de la conscience<\/i> le sont \u00e0 titre informatif uniquement et ne doivent pas \u00eatre consid\u00e9r\u00e9es comme des conseils financiers, fiscaux, juridiques ou m\u00e9dicaux.\r\n\t\t\t\t\t\t<\/li>\r\n\t\t\t\t\t<\/ol>\r\n\t\t\t\t<\/li>\r\n\t\t\t\t<li>\r\n\t\t\t\t\tCompensation financi\u00e8re. Les experts <i>conseiller en d\u00e9veloppement de la conscience<\/i> ne sont pas des b\u00e9n\u00e9voles. Ils ont suivi des mois de formation et pass\u00e9 des tests de certification qui repr\u00e9sentent un engagement financier et temporel important. Ils sont donc r\u00e9mun\u00e9r\u00e9s pour le soutien, les connaissances et les informations de base sur le programme de MTC qu'ils partageront lors des sessions de conseil en conscience et pour recommander d'autres programmes de MTC. Afin de faciliter les arrangements financiers entre MFT, les <i>conseiller en d\u00e9veloppement de la conscience<\/i> et les fournisseurs li\u00e9s aux services de MTC qu'ils vous ont conseill\u00e9s, MFT peut collecter des informations sur vos d\u00e9penses d'achat aupr\u00e8s de nos fournisseurs MTC. Si vous souhaitez exercer votre droit d'acc\u00e8s \u00e0 ces informations, vous opposer \u00e0 leur traitement ou les effacer, veuillez nous contacter \u00e0 l'adresse <a href=\"mailto:legal@oneconsciousness.org\"><u>legal@oneconsciousness.org<\/u><\/a>.<\/li>\r\n\t\t\t\t<li>\r\n\t\t\t\t\t<a href= \"\/privacy\/\"><u>Politique de confidentialit\u00e9<\/u><\/a> - Veuillez consulter notre politique de confidentialit\u00e9 concernant les informations que nous collecterons aupr\u00e8s de vous et que nous utiliserons dans le cadre de cet accord.\t<\/li>\r\n\t\t\t\t<li>\r\n\t\t\t\t\t<a href= \"\/contact\/\"><u>Nous contacter<\/u><\/a> - Veuillez nous envoyer un courriel pour toute question ou demande de renseignements. <\/p>\r\n                               <\/div>                          \r\n                           <\/div>\t\t\t\t<\/div>\n\t\t\t\t<\/div>\n\t\t\t\t<div class=\"elementor-element elementor-element-9a07f88 elementor-widget elementor-widget-html\" data-id=\"9a07f88\" data-element_type=\"widget\" data-e-type=\"widget\" data-widget_type=\"html.default\">\n\t\t\t\t<div class=\"elementor-widget-container\">\n\t\t\t\t\t<a id=\"copyrights-and-trademarks\"><\/a>\n<div class = \"row terms\">\n    <div class = \"col-md-1\"><\/div>\n    <div class = \"col-md-10\">\n\t\t<h1 class=\"headingsection_404\">Droits d'auteur et marques d\u00e9pos\u00e9es<\/h1><br\/>\n        <h3>Conditions d'utilisation<\/h3>\n        <p class=\"text-left\">L'ensemble du contenu et du mat\u00e9riel de ce site internet est prot\u00e9g\u00e9 par les lois sur les droits d'auteur des \u00c9tats-Unis et\/ou d'autres pays et r\u00e9gions, sous licence ou avec autorisation. Les marques commerciales, qui identifient des produits ou des services figurant dans la liste non exhaustive ci-dessous sont la propri\u00e9t\u00e9 de Maharishi Foundation International (MFI) ou font l'objet d'une licence et sont prot\u00e9g\u00e9es en tant que marques d\u00e9pos\u00e9es ou non d\u00e9pos\u00e9es dans divers pays du monde. L'absence d'une marque ou d'un logo dans cette liste ne constitue pas une renonciation au droit d'auteur, \u00e0 la marque commerciale, \u00e0 la marque de service ou \u00e0 d'autres droits de propri\u00e9t\u00e9 intellectuelle concernant ce nom ou ce logo de la part de MFI ou de ses licenci\u00e9s.<\/p>\n        \n        <p class=\"text-left\">L'autorisation est accord\u00e9e, uniquement pour votre usage personnel \u00e0 des fins non commerciales, de consulter le(s) site(s) internet et de t\u00e9l\u00e9charger, d'utiliser et d'imprimer des copies du mat\u00e9riel \u00e0 condition qu'il ne soit pas modifi\u00e9 et que tous les droits d'auteur et autres avis de propri\u00e9t\u00e9 soient pr\u00e9serv\u00e9s. La modification ou l'utilisation du mat\u00e9riel \u00e0 d'autres fins constitue une violation des droits d'auteur et des autres droits de propri\u00e9t\u00e9. Il est permis d'utiliser les liens URL (Uniform Resource Locators) des documents composant le site dans les documents d'autres sites internet, \u00e0 condition que les informations relatives aux droits d'auteur, aux marques commerciales et aux marques de service soient d\u00fbment mentionn\u00e9es sur ces sites. L'autorisation accord\u00e9e ici ne comprend pas le droit de r\u00e9afficher le contenu sur d'autres sites internet.<\/p>\n        \n        <p class=\"text-left\">Maharishi Foundation Technology (MFT) veille \u00e0 ce que les informations contenues dans ce site internet soient exactes et fiables. Toutefois, des erreurs peuvent se produire. Par cons\u00e9quent, MFT d\u00e9cline toute garantie, expresse ou implicite, concernant toute question relative \u00e0 ce site internet, y compris, mais sans s'y limiter, sa qualit\u00e9 marchande ou son ad\u00e9quation \u00e0 un usage particulier.<\/p>\n        \n        <p class=\"text-left\">Les demandes concernant les droits d'auteur, les marques commerciales, les marques de service et les autres droits de propri\u00e9t\u00e9 intellectuelle r\u00e9gissant le contenu de ce site internet doivent \u00eatre adress\u00e9es \u00e0 Maharishi Foundation International, 1900 Capital Blvd, Fairfield, IA 52556, USA, E-Mail : <a href=\"mailto:legal@maharishi.foundation\"><u>legal@maharishi.foundation<\/u><\/a>.<\/p>\n        \n        <h3>Marques d\u00e9pos\u00e9es<\/h3>\n        <p class=\"text-left\"><i>M\u00e9ditation transcendantale, MT, MT-Sidhi, Technologies Maharishi de la conscience, Sant\u00e9 int\u00e9gr\u00e9e Maharishi, Technologies avanc\u00e9es de la conscience,<\/i> et<i> \u00c9ducation fond\u00e9e sur la conscience, Chemin de conscience, Conseiller en d\u00e9veloppement de la conscience, Session sur la conscience <\/i> sont prot\u00e9g\u00e9s en tant que marques d\u00e9pos\u00e9es ou non d\u00e9pos\u00e9es dans divers pays du monde. \n<\/p>\n    <\/div>\n<\/div>\t\t\t\t<\/div>\n\t\t\t\t<\/div>\n\t\t\t\t\t<\/div>\n\t\t<\/div>\n\t\t\t\t<div class=\"elementor-column elementor-col-33 elementor-top-column elementor-element elementor-element-c24ca67\" data-id=\"c24ca67\" data-element_type=\"column\" data-e-type=\"column\">\n\t\t\t<div class=\"elementor-widget-wrap elementor-element-populated\">\n\t\t\t\t\t\t\t<\/div>\n\t\t<\/div>\n\t\t\t\t\t<\/div>\n\t\t<\/section>\n\t\t\t\t<\/div>\n\t\t","protected":false},"excerpt":{"rendered":"<p>Services de Consciousness Advisor* Accord de consultation et clauses de non-responsabilit\u00e9, conditions g\u00e9n\u00e9rales d&rsquo;utilisation Les termes \u00ab\u00a0nous\u00a0\u00bb, \u00ab\u00a0notre\u00a0\u00bb et \u00ab\u00a0nos\u00a0\u00bb se r\u00e9f\u00e8rent \u00e0 Maharishi Foundation Technologies (\u201cMFT\u201d), une soci\u00e9t\u00e9 d&rsquo;utilit\u00e9 publique du Delaware, dont l&rsquo;adresse de contact est 1900 Capital Blvd., Fairfield, Iowa, 52556, \u00c9tats-Unis, telle que repr\u00e9sent\u00e9e par nos experts agr\u00e9\u00e9s conseiller en d\u00e9veloppement&hellip; <a class=\"more-link\" href=\"https:\/\/oneconsciousness.org\/ca-fr\/terms\/\">Poursuivre la lecture <span class=\"screen-reader-text\">terms &#038; conditions<\/span><\/a><\/p>\n","protected":false},"author":1,"featured_media":0,"parent":0,"menu_order":0,"comment_status":"closed","ping_status":"closed","template":"","meta":{"footnotes":""},"class_list":["post-2566","page","type-page","status-publish","hentry","entry"],"yoast_head":"<!-- This site is optimized with the Yoast SEO plugin v27.1.1 - https:\/\/yoast.com\/product\/yoast-seo-wordpress\/ -->\n<title>terms &amp; conditions - Consciousness Advisors<\/title>\n<meta name=\"robots\" content=\"index, follow, max-snippet:-1, max-image-preview:large, max-video-preview:-1\" \/>\n<link rel=\"canonical\" href=\"https:\/\/oneconsciousness.org\/ca-fr\/terms\/\" \/>\n<meta property=\"og:locale\" content=\"fr_FR\" \/>\n<meta property=\"og:type\" content=\"article\" \/>\n<meta property=\"og:title\" content=\"terms &amp; conditions - Consciousness Advisors\" \/>\n<meta property=\"og:description\" content=\"Services de Consciousness Advisor* Accord de consultation et clauses de non-responsabilit\u00e9, conditions g\u00e9n\u00e9rales d&rsquo;utilisation Les termes \u00ab\u00a0nous\u00a0\u00bb, \u00ab\u00a0notre\u00a0\u00bb et \u00ab\u00a0nos\u00a0\u00bb se r\u00e9f\u00e8rent \u00e0 Maharishi Foundation Technologies (\u201cMFT\u201d), une soci\u00e9t\u00e9 d&rsquo;utilit\u00e9 publique du Delaware, dont l&rsquo;adresse de contact est 1900 Capital Blvd., Fairfield, Iowa, 52556, \u00c9tats-Unis, telle que repr\u00e9sent\u00e9e par nos experts agr\u00e9\u00e9s conseiller en d\u00e9veloppement&hellip; Poursuivre la lecture terms &#038; conditions\" \/>\n<meta property=\"og:url\" content=\"https:\/\/oneconsciousness.org\/ca-fr\/terms\/\" \/>\n<meta property=\"og:site_name\" content=\"Consciousness Advisors\" \/>\n<meta property=\"article:modified_time\" content=\"2023-12-07T05:18:52+00:00\" \/>\n<meta name=\"twitter:card\" content=\"summary_large_image\" \/>\n<meta name=\"twitter:label1\" content=\"Dur\u00e9e de lecture estim\u00e9e\" \/>\n\t<meta name=\"twitter:data1\" content=\"8 minutes\" \/>\n<script type=\"application\/ld+json\" class=\"yoast-schema-graph\">{\"@context\":\"https:\/\/schema.org\",\"@graph\":[{\"@type\":\"WebPage\",\"@id\":\"https:\/\/oneconsciousness.org\/ca-fr\/terms\/\",\"url\":\"https:\/\/oneconsciousness.org\/ca-fr\/terms\/\",\"name\":\"terms & conditions - Consciousness Advisors\",\"isPartOf\":{\"@id\":\"https:\/\/oneconsciousness.org\/ca-fr\/#website\"},\"datePublished\":\"2023-03-08T07:59:53+00:00\",\"dateModified\":\"2023-12-07T05:18:52+00:00\",\"breadcrumb\":{\"@id\":\"https:\/\/oneconsciousness.org\/ca-fr\/terms\/#breadcrumb\"},\"inLanguage\":\"fr-FR\",\"potentialAction\":[{\"@type\":\"ReadAction\",\"target\":[\"https:\/\/oneconsciousness.org\/ca-fr\/terms\/\"]}]},{\"@type\":\"BreadcrumbList\",\"@id\":\"https:\/\/oneconsciousness.org\/ca-fr\/terms\/#breadcrumb\",\"itemListElement\":[{\"@type\":\"ListItem\",\"position\":1,\"name\":\"Accueil\",\"item\":\"https:\/\/oneconsciousness.org\/ca-fr\/\"},{\"@type\":\"ListItem\",\"position\":2,\"name\":\"terms &#038; conditions\"}]},{\"@type\":\"WebSite\",\"@id\":\"https:\/\/oneconsciousness.org\/ca-fr\/#website\",\"url\":\"https:\/\/oneconsciousness.org\/ca-fr\/\",\"name\":\"Consciousness Advisors\",\"description\":\"\",\"publisher\":{\"@id\":\"https:\/\/oneconsciousness.org\/ca-fr\/#organization\"},\"potentialAction\":[{\"@type\":\"SearchAction\",\"target\":{\"@type\":\"EntryPoint\",\"urlTemplate\":\"https:\/\/oneconsciousness.org\/ca-fr\/?s={search_term_string}\"},\"query-input\":{\"@type\":\"PropertyValueSpecification\",\"valueRequired\":true,\"valueName\":\"search_term_string\"}}],\"inLanguage\":\"fr-FR\"},{\"@type\":\"Organization\",\"@id\":\"https:\/\/oneconsciousness.org\/ca-fr\/#organization\",\"name\":\"Consciousness Advisors\",\"url\":\"https:\/\/oneconsciousness.org\/ca-fr\/\",\"logo\":{\"@type\":\"ImageObject\",\"inLanguage\":\"fr-FR\",\"@id\":\"https:\/\/oneconsciousness.org\/ca-fr\/#\/schema\/logo\/image\/\",\"url\":\"https:\/\/oneconsciousness.org\/ca-fr\/wp-content\/uploads\/sites\/8\/2023\/03\/CA_Session_shop_ph.png\",\"contentUrl\":\"https:\/\/oneconsciousness.org\/ca-fr\/wp-content\/uploads\/sites\/8\/2023\/03\/CA_Session_shop_ph.png\",\"width\":324,\"height\":214,\"caption\":\"Consciousness Advisors\"},\"image\":{\"@id\":\"https:\/\/oneconsciousness.org\/ca-fr\/#\/schema\/logo\/image\/\"}}]}<\/script>\n<!-- \/ Yoast SEO plugin. -->","yoast_head_json":{"title":"terms & conditions - Consciousness Advisors","robots":{"index":"index","follow":"follow","max-snippet":"max-snippet:-1","max-image-preview":"max-image-preview:large","max-video-preview":"max-video-preview:-1"},"canonical":"https:\/\/oneconsciousness.org\/ca-fr\/terms\/","og_locale":"fr_FR","og_type":"article","og_title":"terms & conditions - Consciousness Advisors","og_description":"Services de Consciousness Advisor* Accord de consultation et clauses de non-responsabilit\u00e9, conditions g\u00e9n\u00e9rales d&rsquo;utilisation Les termes \u00ab\u00a0nous\u00a0\u00bb, \u00ab\u00a0notre\u00a0\u00bb et \u00ab\u00a0nos\u00a0\u00bb se r\u00e9f\u00e8rent \u00e0 Maharishi Foundation Technologies (\u201cMFT\u201d), une soci\u00e9t\u00e9 d&rsquo;utilit\u00e9 publique du Delaware, dont l&rsquo;adresse de contact est 1900 Capital Blvd., Fairfield, Iowa, 52556, \u00c9tats-Unis, telle que repr\u00e9sent\u00e9e par nos experts agr\u00e9\u00e9s conseiller en d\u00e9veloppement&hellip; Poursuivre la lecture terms &#038; conditions","og_url":"https:\/\/oneconsciousness.org\/ca-fr\/terms\/","og_site_name":"Consciousness Advisors","article_modified_time":"2023-12-07T05:18:52+00:00","twitter_card":"summary_large_image","twitter_misc":{"Dur\u00e9e de lecture estim\u00e9e":"8 minutes"},"schema":{"@context":"https:\/\/schema.org","@graph":[{"@type":"WebPage","@id":"https:\/\/oneconsciousness.org\/ca-fr\/terms\/","url":"https:\/\/oneconsciousness.org\/ca-fr\/terms\/","name":"terms & conditions - Consciousness Advisors","isPartOf":{"@id":"https:\/\/oneconsciousness.org\/ca-fr\/#website"},"datePublished":"2023-03-08T07:59:53+00:00","dateModified":"2023-12-07T05:18:52+00:00","breadcrumb":{"@id":"https:\/\/oneconsciousness.org\/ca-fr\/terms\/#breadcrumb"},"inLanguage":"fr-FR","potentialAction":[{"@type":"ReadAction","target":["https:\/\/oneconsciousness.org\/ca-fr\/terms\/"]}]},{"@type":"BreadcrumbList","@id":"https:\/\/oneconsciousness.org\/ca-fr\/terms\/#breadcrumb","itemListElement":[{"@type":"ListItem","position":1,"name":"Accueil","item":"https:\/\/oneconsciousness.org\/ca-fr\/"},{"@type":"ListItem","position":2,"name":"terms &#038; conditions"}]},{"@type":"WebSite","@id":"https:\/\/oneconsciousness.org\/ca-fr\/#website","url":"https:\/\/oneconsciousness.org\/ca-fr\/","name":"Consciousness Advisors","description":"","publisher":{"@id":"https:\/\/oneconsciousness.org\/ca-fr\/#organization"},"potentialAction":[{"@type":"SearchAction","target":{"@type":"EntryPoint","urlTemplate":"https:\/\/oneconsciousness.org\/ca-fr\/?s={search_term_string}"},"query-input":{"@type":"PropertyValueSpecification","valueRequired":true,"valueName":"search_term_string"}}],"inLanguage":"fr-FR"},{"@type":"Organization","@id":"https:\/\/oneconsciousness.org\/ca-fr\/#organization","name":"Consciousness Advisors","url":"https:\/\/oneconsciousness.org\/ca-fr\/","logo":{"@type":"ImageObject","inLanguage":"fr-FR","@id":"https:\/\/oneconsciousness.org\/ca-fr\/#\/schema\/logo\/image\/","url":"https:\/\/oneconsciousness.org\/ca-fr\/wp-content\/uploads\/sites\/8\/2023\/03\/CA_Session_shop_ph.png","contentUrl":"https:\/\/oneconsciousness.org\/ca-fr\/wp-content\/uploads\/sites\/8\/2023\/03\/CA_Session_shop_ph.png","width":324,"height":214,"caption":"Consciousness Advisors"},"image":{"@id":"https:\/\/oneconsciousness.org\/ca-fr\/#\/schema\/logo\/image\/"}}]}},"_links":{"self":[{"href":"https:\/\/oneconsciousness.org\/ca-fr\/wp-json\/wp\/v2\/pages\/2566","targetHints":{"allow":["GET"]}}],"collection":[{"href":"https:\/\/oneconsciousness.org\/ca-fr\/wp-json\/wp\/v2\/pages"}],"about":[{"href":"https:\/\/oneconsciousness.org\/ca-fr\/wp-json\/wp\/v2\/types\/page"}],"author":[{"embeddable":true,"href":"https:\/\/oneconsciousness.org\/ca-fr\/wp-json\/wp\/v2\/users\/1"}],"replies":[{"embeddable":true,"href":"https:\/\/oneconsciousness.org\/ca-fr\/wp-json\/wp\/v2\/comments?post=2566"}],"version-history":[{"count":49,"href":"https:\/\/oneconsciousness.org\/ca-fr\/wp-json\/wp\/v2\/pages\/2566\/revisions"}],"predecessor-version":[{"id":4229,"href":"https:\/\/oneconsciousness.org\/ca-fr\/wp-json\/wp\/v2\/pages\/2566\/revisions\/4229"}],"wp:attachment":[{"href":"https:\/\/oneconsciousness.org\/ca-fr\/wp-json\/wp\/v2\/media?parent=2566"}],"curies":[{"name":"wp","href":"https:\/\/api.w.org\/{rel}","templated":true}]}}