{"id":2569,"date":"2023-03-08T07:59:53","date_gmt":"2023-03-08T07:59:53","guid":{"rendered":"https:\/\/oneconsciousness.org\/ca-fr\/contact\/"},"modified":"2024-09-12T03:40:41","modified_gmt":"2024-09-12T01:40:41","slug":"contact","status":"publish","type":"page","link":"https:\/\/oneconsciousness.org\/ca-fr\/contact\/","title":{"rendered":"contact"},"content":{"rendered":"\t\t<div data-elementor-type=\"wp-page\" data-elementor-id=\"2569\" class=\"elementor elementor-2569\" data-elementor-post-type=\"page\">\n\t\t\t\t\t\t<section class=\"elementor-section elementor-top-section elementor-element elementor-element-71fcd239 elementor-section-full_width elementor-section-height-default elementor-section-height-default\" data-id=\"71fcd239\" data-element_type=\"section\" data-e-type=\"section\">\n\t\t\t\t\t\t<div class=\"elementor-container elementor-column-gap-default\">\n\t\t\t\t\t<div class=\"elementor-column elementor-col-100 elementor-top-column elementor-element elementor-element-7be24ed8\" data-id=\"7be24ed8\" data-element_type=\"column\" data-e-type=\"column\">\n\t\t\t<div class=\"elementor-widget-wrap elementor-element-populated\">\n\t\t\t\t\t\t<div class=\"elementor-element elementor-element-585815df elementor-widget elementor-widget-text-editor\" data-id=\"585815df\" data-element_type=\"widget\" data-e-type=\"widget\" data-widget_type=\"text-editor.default\">\n\t\t\t\t<div class=\"elementor-widget-container\">\n\t\t\t\t\t\t\t\t\t<p>\t\t<div data-elementor-type=\"wp-post\" data-elementor-id=\"24\" class=\"elementor elementor-24\" data-elementor-post-type=\"elementor-hf\">\n\t\t\t\t\t\t<section class=\"elementor-section elementor-top-section elementor-element elementor-element-60255c9 navbar_header elementor-section-boxed elementor-section-height-default elementor-section-height-default\" data-id=\"60255c9\" data-element_type=\"section\" data-e-type=\"section\">\n\t\t\t\t\t\t<div class=\"elementor-container elementor-column-gap-default\">\n\t\t\t\t\t<div class=\"elementor-column elementor-col-100 elementor-top-column elementor-element elementor-element-9207126\" data-id=\"9207126\" data-element_type=\"column\" data-e-type=\"column\">\n\t\t\t<div class=\"elementor-widget-wrap\">\n\t\t\t\t\t\t\t<\/div>\n\t\t<\/div>\n\t\t\t\t\t<\/div>\n\t\t<\/section>\n\t\t\t\t<\/div>\n\t\t<\/p>\t\t\t\t\t\t\t\t<\/div>\n\t\t\t\t<\/div>\n\t\t\t\t\t<\/div>\n\t\t<\/div>\n\t\t\t\t\t<\/div>\n\t\t<\/section>\n\t\t\t\t<section class=\"elementor-section elementor-top-section elementor-element elementor-element-5f8d89ed elementor-section-full_width anotherpage elementor-section-height-default elementor-section-height-default\" data-id=\"5f8d89ed\" data-element_type=\"section\" data-e-type=\"section\">\n\t\t\t\t\t\t<div class=\"elementor-container elementor-column-gap-default\">\n\t\t\t\t\t<div class=\"elementor-column elementor-col-100 elementor-top-column elementor-element elementor-element-bef7ecb\" data-id=\"bef7ecb\" data-element_type=\"column\" data-e-type=\"column\">\n\t\t\t<div class=\"elementor-widget-wrap elementor-element-populated\">\n\t\t\t\t\t\t<div class=\"elementor-element elementor-element-2563c2c0 elementor-widget elementor-widget-html\" data-id=\"2563c2c0\" data-element_type=\"widget\" data-e-type=\"widget\" data-widget_type=\"html.default\">\n\t\t\t\t<div class=\"elementor-widget-container\">\n\t\t\t\t\t<div class = \"container anotherpage_div\">\n    <div class = \"row\">\n        <div class = \"col-md-3\"><\/div>\n        <div class = \"col-md-6 text-center\">\n           <div>\n           <h1 class = \"headingsection_404\">Nous sommes l\u00e0 pour vous aider.<br\/> Vous pouvez nous contacter \u00e0 l'adresse suivante :<\/h1>   <br\/> \n           <a href=\"mailto:fr@oneconsciousness.org\" class = \"contact-details\"> <i class = \"fa fa-envelope\"><\/i> ca@oneconsciousness.org<\/a><br\/>\n          <\/p>1900 Capital Blvd., Fairfield, Iowa 52556, USA <p>\n            <\/div>\n            <br\/><br\/> \n           <a href = \"https:\/\/oneconsciousness.org\/ca-fr\/\" class= \"reverse1 round\">Retour \u00e0 la page d\u2019accueil<\/a>\n        <\/div>\n        <div class = \"col-md-3\"><\/div>\n    <\/div>\n<\/div>\t\t\t\t<\/div>\n\t\t\t\t<\/div>\n\t\t\t\t\t<\/div>\n\t\t<\/div>\n\t\t\t\t\t<\/div>\n\t\t<\/section>\n\t\t\t\t<\/div>\n\t\t","protected":false},"excerpt":{"rendered":"<p>Nous sommes l\u00e0 pour vous aider. Vous pouvez nous contacter \u00e0 l&rsquo;adresse suivante : ca@oneconsciousness.org 1900 Capital Blvd., Fairfield, Iowa 52556, USA Retour \u00e0 la page d\u2019accueil<\/p>\n","protected":false},"author":1,"featured_media":0,"parent":0,"menu_order":0,"comment_status":"closed","ping_status":"closed","template":"","meta":{"footnotes":""},"class_list":["post-2569","page","type-page","status-publish","hentry","entry"],"yoast_head":"<!-- This site is optimized with the Yoast SEO plugin v27.1.1 - https:\/\/yoast.com\/product\/yoast-seo-wordpress\/ -->\n<title>contact - Consciousness Advisors<\/title>\n<meta name=\"robots\" content=\"index, follow, max-snippet:-1, max-image-preview:large, max-video-preview:-1\" \/>\n<link rel=\"canonical\" href=\"https:\/\/oneconsciousness.org\/ca-fr\/contact\/\" \/>\n<meta property=\"og:locale\" content=\"fr_FR\" \/>\n<meta property=\"og:type\" content=\"article\" \/>\n<meta property=\"og:title\" content=\"contact - Consciousness Advisors\" \/>\n<meta property=\"og:description\" content=\"Nous sommes l\u00e0 pour vous aider. Vous pouvez nous contacter \u00e0 l&rsquo;adresse suivante : ca@oneconsciousness.org 1900 Capital Blvd., Fairfield, Iowa 52556, USA Retour \u00e0 la page d\u2019accueil\" \/>\n<meta property=\"og:url\" content=\"https:\/\/oneconsciousness.org\/ca-fr\/contact\/\" \/>\n<meta property=\"og:site_name\" content=\"Consciousness Advisors\" \/>\n<meta property=\"article:modified_time\" content=\"2024-09-12T01:40:41+00:00\" \/>\n<meta name=\"twitter:card\" content=\"summary_large_image\" \/>\n<script type=\"application\/ld+json\" class=\"yoast-schema-graph\">{\"@context\":\"https:\/\/schema.org\",\"@graph\":[{\"@type\":\"WebPage\",\"@id\":\"https:\/\/oneconsciousness.org\/ca-fr\/contact\/\",\"url\":\"https:\/\/oneconsciousness.org\/ca-fr\/contact\/\",\"name\":\"contact - Consciousness Advisors\",\"isPartOf\":{\"@id\":\"https:\/\/oneconsciousness.org\/ca-fr\/#website\"},\"datePublished\":\"2023-03-08T07:59:53+00:00\",\"dateModified\":\"2024-09-12T01:40:41+00:00\",\"breadcrumb\":{\"@id\":\"https:\/\/oneconsciousness.org\/ca-fr\/contact\/#breadcrumb\"},\"inLanguage\":\"fr-FR\",\"potentialAction\":[{\"@type\":\"ReadAction\",\"target\":[\"https:\/\/oneconsciousness.org\/ca-fr\/contact\/\"]}]},{\"@type\":\"BreadcrumbList\",\"@id\":\"https:\/\/oneconsciousness.org\/ca-fr\/contact\/#breadcrumb\",\"itemListElement\":[{\"@type\":\"ListItem\",\"position\":1,\"name\":\"Accueil\",\"item\":\"https:\/\/oneconsciousness.org\/ca-fr\/\"},{\"@type\":\"ListItem\",\"position\":2,\"name\":\"contact\"}]},{\"@type\":\"WebSite\",\"@id\":\"https:\/\/oneconsciousness.org\/ca-fr\/#website\",\"url\":\"https:\/\/oneconsciousness.org\/ca-fr\/\",\"name\":\"Consciousness Advisors\",\"description\":\"\",\"publisher\":{\"@id\":\"https:\/\/oneconsciousness.org\/ca-fr\/#organization\"},\"potentialAction\":[{\"@type\":\"SearchAction\",\"target\":{\"@type\":\"EntryPoint\",\"urlTemplate\":\"https:\/\/oneconsciousness.org\/ca-fr\/?s={search_term_string}\"},\"query-input\":{\"@type\":\"PropertyValueSpecification\",\"valueRequired\":true,\"valueName\":\"search_term_string\"}}],\"inLanguage\":\"fr-FR\"},{\"@type\":\"Organization\",\"@id\":\"https:\/\/oneconsciousness.org\/ca-fr\/#organization\",\"name\":\"Consciousness Advisors\",\"url\":\"https:\/\/oneconsciousness.org\/ca-fr\/\",\"logo\":{\"@type\":\"ImageObject\",\"inLanguage\":\"fr-FR\",\"@id\":\"https:\/\/oneconsciousness.org\/ca-fr\/#\/schema\/logo\/image\/\",\"url\":\"https:\/\/oneconsciousness.org\/ca-fr\/wp-content\/uploads\/sites\/8\/2023\/03\/CA_Session_shop_ph.png\",\"contentUrl\":\"https:\/\/oneconsciousness.org\/ca-fr\/wp-content\/uploads\/sites\/8\/2023\/03\/CA_Session_shop_ph.png\",\"width\":324,\"height\":214,\"caption\":\"Consciousness Advisors\"},\"image\":{\"@id\":\"https:\/\/oneconsciousness.org\/ca-fr\/#\/schema\/logo\/image\/\"}}]}<\/script>\n<!-- \/ Yoast SEO plugin. -->","yoast_head_json":{"title":"contact - Consciousness Advisors","robots":{"index":"index","follow":"follow","max-snippet":"max-snippet:-1","max-image-preview":"max-image-preview:large","max-video-preview":"max-video-preview:-1"},"canonical":"https:\/\/oneconsciousness.org\/ca-fr\/contact\/","og_locale":"fr_FR","og_type":"article","og_title":"contact - Consciousness Advisors","og_description":"Nous sommes l\u00e0 pour vous aider. Vous pouvez nous contacter \u00e0 l&rsquo;adresse suivante : ca@oneconsciousness.org 1900 Capital Blvd., Fairfield, Iowa 52556, USA Retour \u00e0 la page d\u2019accueil","og_url":"https:\/\/oneconsciousness.org\/ca-fr\/contact\/","og_site_name":"Consciousness Advisors","article_modified_time":"2024-09-12T01:40:41+00:00","twitter_card":"summary_large_image","schema":{"@context":"https:\/\/schema.org","@graph":[{"@type":"WebPage","@id":"https:\/\/oneconsciousness.org\/ca-fr\/contact\/","url":"https:\/\/oneconsciousness.org\/ca-fr\/contact\/","name":"contact - Consciousness Advisors","isPartOf":{"@id":"https:\/\/oneconsciousness.org\/ca-fr\/#website"},"datePublished":"2023-03-08T07:59:53+00:00","dateModified":"2024-09-12T01:40:41+00:00","breadcrumb":{"@id":"https:\/\/oneconsciousness.org\/ca-fr\/contact\/#breadcrumb"},"inLanguage":"fr-FR","potentialAction":[{"@type":"ReadAction","target":["https:\/\/oneconsciousness.org\/ca-fr\/contact\/"]}]},{"@type":"BreadcrumbList","@id":"https:\/\/oneconsciousness.org\/ca-fr\/contact\/#breadcrumb","itemListElement":[{"@type":"ListItem","position":1,"name":"Accueil","item":"https:\/\/oneconsciousness.org\/ca-fr\/"},{"@type":"ListItem","position":2,"name":"contact"}]},{"@type":"WebSite","@id":"https:\/\/oneconsciousness.org\/ca-fr\/#website","url":"https:\/\/oneconsciousness.org\/ca-fr\/","name":"Consciousness Advisors","description":"","publisher":{"@id":"https:\/\/oneconsciousness.org\/ca-fr\/#organization"},"potentialAction":[{"@type":"SearchAction","target":{"@type":"EntryPoint","urlTemplate":"https:\/\/oneconsciousness.org\/ca-fr\/?s={search_term_string}"},"query-input":{"@type":"PropertyValueSpecification","valueRequired":true,"valueName":"search_term_string"}}],"inLanguage":"fr-FR"},{"@type":"Organization","@id":"https:\/\/oneconsciousness.org\/ca-fr\/#organization","name":"Consciousness Advisors","url":"https:\/\/oneconsciousness.org\/ca-fr\/","logo":{"@type":"ImageObject","inLanguage":"fr-FR","@id":"https:\/\/oneconsciousness.org\/ca-fr\/#\/schema\/logo\/image\/","url":"https:\/\/oneconsciousness.org\/ca-fr\/wp-content\/uploads\/sites\/8\/2023\/03\/CA_Session_shop_ph.png","contentUrl":"https:\/\/oneconsciousness.org\/ca-fr\/wp-content\/uploads\/sites\/8\/2023\/03\/CA_Session_shop_ph.png","width":324,"height":214,"caption":"Consciousness Advisors"},"image":{"@id":"https:\/\/oneconsciousness.org\/ca-fr\/#\/schema\/logo\/image\/"}}]}},"_links":{"self":[{"href":"https:\/\/oneconsciousness.org\/ca-fr\/wp-json\/wp\/v2\/pages\/2569","targetHints":{"allow":["GET"]}}],"collection":[{"href":"https:\/\/oneconsciousness.org\/ca-fr\/wp-json\/wp\/v2\/pages"}],"about":[{"href":"https:\/\/oneconsciousness.org\/ca-fr\/wp-json\/wp\/v2\/types\/page"}],"author":[{"embeddable":true,"href":"https:\/\/oneconsciousness.org\/ca-fr\/wp-json\/wp\/v2\/users\/1"}],"replies":[{"embeddable":true,"href":"https:\/\/oneconsciousness.org\/ca-fr\/wp-json\/wp\/v2\/comments?post=2569"}],"version-history":[{"count":30,"href":"https:\/\/oneconsciousness.org\/ca-fr\/wp-json\/wp\/v2\/pages\/2569\/revisions"}],"predecessor-version":[{"id":4279,"href":"https:\/\/oneconsciousness.org\/ca-fr\/wp-json\/wp\/v2\/pages\/2569\/revisions\/4279"}],"wp:attachment":[{"href":"https:\/\/oneconsciousness.org\/ca-fr\/wp-json\/wp\/v2\/media?parent=2569"}],"curies":[{"name":"wp","href":"https:\/\/api.w.org\/{rel}","templated":true}]}}