{"id":2560,"date":"2023-03-08T07:59:52","date_gmt":"2023-03-08T07:59:52","guid":{"rendered":"https:\/\/oneconsciousness.org\/fr-fr\/thank-you\/"},"modified":"2024-04-19T09:11:17","modified_gmt":"2024-04-19T07:11:17","slug":"thanks-session","status":"publish","type":"page","link":"https:\/\/oneconsciousness.org\/fr-fr\/thanks-session\/","title":{"rendered":"Thank You"},"content":{"rendered":"\t\t<div data-elementor-type=\"wp-page\" data-elementor-id=\"2560\" class=\"elementor elementor-2560\" data-elementor-post-type=\"page\">\n\t\t\t\t\t\t<section class=\"elementor-section elementor-top-section elementor-element elementor-element-3388292e elementor-section-boxed elementor-section-height-default elementor-section-height-default\" data-id=\"3388292e\" data-element_type=\"section\" data-e-type=\"section\">\n\t\t\t\t\t\t<div class=\"elementor-container elementor-column-gap-default\">\n\t\t\t\t\t<div class=\"elementor-column elementor-col-100 elementor-top-column elementor-element elementor-element-659e58a7\" data-id=\"659e58a7\" data-element_type=\"column\" data-e-type=\"column\">\n\t\t\t<div class=\"elementor-widget-wrap elementor-element-populated\">\n\t\t\t\t\t\t<div class=\"elementor-element elementor-element-46c9ad4d elementor-widget elementor-widget-text-editor\" data-id=\"46c9ad4d\" data-element_type=\"widget\" data-e-type=\"widget\" data-widget_type=\"text-editor.default\">\n\t\t\t\t<div class=\"elementor-widget-container\">\n\t\t\t\t\t\t\t\t\t<p>\t\t<div data-elementor-type=\"wp-post\" data-elementor-id=\"24\" class=\"elementor elementor-24\" data-elementor-post-type=\"elementor-hf\">\n\t\t\t\t\t\t<section class=\"elementor-section elementor-top-section elementor-element elementor-element-60255c9 navbar_header elementor-section-boxed elementor-section-height-default elementor-section-height-default\" data-id=\"60255c9\" data-element_type=\"section\" data-e-type=\"section\">\n\t\t\t\t\t\t<div class=\"elementor-container elementor-column-gap-default\">\n\t\t\t\t\t<div class=\"elementor-column elementor-col-100 elementor-top-column elementor-element elementor-element-9207126\" data-id=\"9207126\" data-element_type=\"column\" data-e-type=\"column\">\n\t\t\t<div class=\"elementor-widget-wrap\">\n\t\t\t\t\t\t\t<\/div>\n\t\t<\/div>\n\t\t\t\t\t<\/div>\n\t\t<\/section>\n\t\t\t\t<\/div>\n\t\t<\/p>\t\t\t\t\t\t\t\t<\/div>\n\t\t\t\t<\/div>\n\t\t\t\t\t<\/div>\n\t\t<\/div>\n\t\t\t\t\t<\/div>\n\t\t<\/section>\n\t\t\t\t<section class=\"elementor-section elementor-top-section elementor-element elementor-element-66f285da elementor-section-full_width anotherpage elementor-section-height-default elementor-section-height-default\" data-id=\"66f285da\" data-element_type=\"section\" data-e-type=\"section\">\n\t\t\t\t\t\t<div class=\"elementor-container elementor-column-gap-default\">\n\t\t\t\t\t<div class=\"elementor-column elementor-col-100 elementor-top-column elementor-element elementor-element-781d2598\" data-id=\"781d2598\" data-element_type=\"column\" data-e-type=\"column\">\n\t\t\t<div class=\"elementor-widget-wrap elementor-element-populated\">\n\t\t\t\t\t\t<div class=\"elementor-element elementor-element-61b6d220 elementor-widget elementor-widget-html\" data-id=\"61b6d220\" data-element_type=\"widget\" data-e-type=\"widget\" data-widget_type=\"html.default\">\n\t\t\t\t<div class=\"elementor-widget-container\">\n\t\t\t\t\t<div class=\"thanks-page-ctnr\">\r\n  <div class=\"thanks-page-info\">\r\n    <h1 class = \"headingsection_404\">Merci d'avoir r\u00e9serv\u00e9 votre <i>session de conscience<\/i><\/h1>\r\n    <br\/>\r\n    <br\/>\r\n    <p>Vous devriez avoir re\u00e7u un email de confirmation de la part de \"Maharishi Technologies of Consciousness\" avec les informations pratiques concernant votre session. Veuillez v\u00e9rifier votre dossier spam si n\u00e9cessaire \ud83d\ude42 Si vous n'avez pas re\u00e7u cet email, veuillez nous contacter \u00e0: <a href=\"mailto:fr@oneconsciousness.org\" style=\"color:#fff; text-decoration:underline;\"> <i class = \"fa fa-envelope\"><\/i> fr@oneconsciousness.org<\/a><\/p>\r\n   \r\n    <br\/>\r\n    <a href = \"https:\/\/oneconsciousness.org\/fr-fr\/\" class= \"reverse1 round\">Retour \u00e0 la page d\u2019accueil<\/a> <\/div>\r\n<\/div>\t\t\t\t<\/div>\n\t\t\t\t<\/div>\n\t\t\t\t\t<\/div>\n\t\t<\/div>\n\t\t\t\t\t<\/div>\n\t\t<\/section>\n\t\t\t\t<\/div>\n\t\t","protected":false},"excerpt":{"rendered":"<p>Merci d&rsquo;avoir r\u00e9serv\u00e9 votre session de conscience Vous devriez avoir re\u00e7u un email de confirmation de la part de \u00ab\u00a0Maharishi Technologies of Consciousness\u00a0\u00bb avec les informations pratiques concernant votre session. Veuillez v\u00e9rifier votre dossier spam si n\u00e9cessaire \ud83d\ude42 Si vous n&rsquo;avez pas re\u00e7u cet email, veuillez nous contacter \u00e0: fr@oneconsciousness.org Retour \u00e0 la page d\u2019accueil<\/p>\n","protected":false},"author":1,"featured_media":0,"parent":0,"menu_order":0,"comment_status":"closed","ping_status":"closed","template":"","meta":{"footnotes":""},"class_list":["post-2560","page","type-page","status-publish","hentry","entry"],"yoast_head":"<!-- This site is optimized with the Yoast SEO plugin v27.1.1 - https:\/\/yoast.com\/product\/yoast-seo-wordpress\/ -->\n<title>Thank You - Consciousness Advisors<\/title>\n<meta name=\"robots\" content=\"index, follow, max-snippet:-1, max-image-preview:large, max-video-preview:-1\" \/>\n<link rel=\"canonical\" href=\"https:\/\/oneconsciousness.org\/fr-fr\/thanks-session\/\" \/>\n<meta property=\"og:locale\" content=\"fr_FR\" \/>\n<meta property=\"og:type\" content=\"article\" \/>\n<meta property=\"og:title\" content=\"Thank You - Consciousness Advisors\" \/>\n<meta property=\"og:description\" content=\"Merci d&rsquo;avoir r\u00e9serv\u00e9 votre session de conscience Vous devriez avoir re\u00e7u un email de confirmation de la part de \u00ab\u00a0Maharishi Technologies of Consciousness\u00a0\u00bb avec les informations pratiques concernant votre session. Veuillez v\u00e9rifier votre dossier spam si n\u00e9cessaire \ud83d\ude42 Si vous n&rsquo;avez pas re\u00e7u cet email, veuillez nous contacter \u00e0: fr@oneconsciousness.org Retour \u00e0 la page d\u2019accueil\" \/>\n<meta property=\"og:url\" content=\"https:\/\/oneconsciousness.org\/fr-fr\/thanks-session\/\" \/>\n<meta property=\"og:site_name\" content=\"Consciousness Advisors\" \/>\n<meta property=\"article:modified_time\" content=\"2024-04-19T07:11:17+00:00\" \/>\n<meta name=\"twitter:card\" content=\"summary_large_image\" \/>\n<script type=\"application\/ld+json\" class=\"yoast-schema-graph\">{\"@context\":\"https:\/\/schema.org\",\"@graph\":[{\"@type\":\"WebPage\",\"@id\":\"https:\/\/oneconsciousness.org\/fr-fr\/thanks-session\/\",\"url\":\"https:\/\/oneconsciousness.org\/fr-fr\/thanks-session\/\",\"name\":\"Thank You - Consciousness Advisors\",\"isPartOf\":{\"@id\":\"https:\/\/oneconsciousness.org\/fr-fr\/#website\"},\"datePublished\":\"2023-03-08T07:59:52+00:00\",\"dateModified\":\"2024-04-19T07:11:17+00:00\",\"breadcrumb\":{\"@id\":\"https:\/\/oneconsciousness.org\/fr-fr\/thanks-session\/#breadcrumb\"},\"inLanguage\":\"fr-FR\",\"potentialAction\":[{\"@type\":\"ReadAction\",\"target\":[\"https:\/\/oneconsciousness.org\/fr-fr\/thanks-session\/\"]}]},{\"@type\":\"BreadcrumbList\",\"@id\":\"https:\/\/oneconsciousness.org\/fr-fr\/thanks-session\/#breadcrumb\",\"itemListElement\":[{\"@type\":\"ListItem\",\"position\":1,\"name\":\"Accueil\",\"item\":\"https:\/\/oneconsciousness.org\/fr-fr\/\"},{\"@type\":\"ListItem\",\"position\":2,\"name\":\"Thank You\"}]},{\"@type\":\"WebSite\",\"@id\":\"https:\/\/oneconsciousness.org\/fr-fr\/#website\",\"url\":\"https:\/\/oneconsciousness.org\/fr-fr\/\",\"name\":\"Consciousness Advisors\",\"description\":\"\",\"publisher\":{\"@id\":\"https:\/\/oneconsciousness.org\/fr-fr\/#organization\"},\"potentialAction\":[{\"@type\":\"SearchAction\",\"target\":{\"@type\":\"EntryPoint\",\"urlTemplate\":\"https:\/\/oneconsciousness.org\/fr-fr\/?s={search_term_string}\"},\"query-input\":{\"@type\":\"PropertyValueSpecification\",\"valueRequired\":true,\"valueName\":\"search_term_string\"}}],\"inLanguage\":\"fr-FR\"},{\"@type\":\"Organization\",\"@id\":\"https:\/\/oneconsciousness.org\/fr-fr\/#organization\",\"name\":\"Consciousness Advisors\",\"url\":\"https:\/\/oneconsciousness.org\/fr-fr\/\",\"logo\":{\"@type\":\"ImageObject\",\"inLanguage\":\"fr-FR\",\"@id\":\"https:\/\/oneconsciousness.org\/fr-fr\/#\/schema\/logo\/image\/\",\"url\":\"https:\/\/oneconsciousness.org\/fr-fr\/wp-content\/uploads\/sites\/14\/2023\/03\/CA_Session_shop_ph.png\",\"contentUrl\":\"https:\/\/oneconsciousness.org\/fr-fr\/wp-content\/uploads\/sites\/14\/2023\/03\/CA_Session_shop_ph.png\",\"width\":324,\"height\":214,\"caption\":\"Consciousness Advisors\"},\"image\":{\"@id\":\"https:\/\/oneconsciousness.org\/fr-fr\/#\/schema\/logo\/image\/\"}}]}<\/script>\n<!-- \/ Yoast SEO plugin. -->","yoast_head_json":{"title":"Thank You - Consciousness Advisors","robots":{"index":"index","follow":"follow","max-snippet":"max-snippet:-1","max-image-preview":"max-image-preview:large","max-video-preview":"max-video-preview:-1"},"canonical":"https:\/\/oneconsciousness.org\/fr-fr\/thanks-session\/","og_locale":"fr_FR","og_type":"article","og_title":"Thank You - Consciousness Advisors","og_description":"Merci d&rsquo;avoir r\u00e9serv\u00e9 votre session de conscience Vous devriez avoir re\u00e7u un email de confirmation de la part de \u00ab\u00a0Maharishi Technologies of Consciousness\u00a0\u00bb avec les informations pratiques concernant votre session. Veuillez v\u00e9rifier votre dossier spam si n\u00e9cessaire \ud83d\ude42 Si vous n&rsquo;avez pas re\u00e7u cet email, veuillez nous contacter \u00e0: fr@oneconsciousness.org Retour \u00e0 la page d\u2019accueil","og_url":"https:\/\/oneconsciousness.org\/fr-fr\/thanks-session\/","og_site_name":"Consciousness Advisors","article_modified_time":"2024-04-19T07:11:17+00:00","twitter_card":"summary_large_image","schema":{"@context":"https:\/\/schema.org","@graph":[{"@type":"WebPage","@id":"https:\/\/oneconsciousness.org\/fr-fr\/thanks-session\/","url":"https:\/\/oneconsciousness.org\/fr-fr\/thanks-session\/","name":"Thank You - Consciousness Advisors","isPartOf":{"@id":"https:\/\/oneconsciousness.org\/fr-fr\/#website"},"datePublished":"2023-03-08T07:59:52+00:00","dateModified":"2024-04-19T07:11:17+00:00","breadcrumb":{"@id":"https:\/\/oneconsciousness.org\/fr-fr\/thanks-session\/#breadcrumb"},"inLanguage":"fr-FR","potentialAction":[{"@type":"ReadAction","target":["https:\/\/oneconsciousness.org\/fr-fr\/thanks-session\/"]}]},{"@type":"BreadcrumbList","@id":"https:\/\/oneconsciousness.org\/fr-fr\/thanks-session\/#breadcrumb","itemListElement":[{"@type":"ListItem","position":1,"name":"Accueil","item":"https:\/\/oneconsciousness.org\/fr-fr\/"},{"@type":"ListItem","position":2,"name":"Thank You"}]},{"@type":"WebSite","@id":"https:\/\/oneconsciousness.org\/fr-fr\/#website","url":"https:\/\/oneconsciousness.org\/fr-fr\/","name":"Consciousness Advisors","description":"","publisher":{"@id":"https:\/\/oneconsciousness.org\/fr-fr\/#organization"},"potentialAction":[{"@type":"SearchAction","target":{"@type":"EntryPoint","urlTemplate":"https:\/\/oneconsciousness.org\/fr-fr\/?s={search_term_string}"},"query-input":{"@type":"PropertyValueSpecification","valueRequired":true,"valueName":"search_term_string"}}],"inLanguage":"fr-FR"},{"@type":"Organization","@id":"https:\/\/oneconsciousness.org\/fr-fr\/#organization","name":"Consciousness Advisors","url":"https:\/\/oneconsciousness.org\/fr-fr\/","logo":{"@type":"ImageObject","inLanguage":"fr-FR","@id":"https:\/\/oneconsciousness.org\/fr-fr\/#\/schema\/logo\/image\/","url":"https:\/\/oneconsciousness.org\/fr-fr\/wp-content\/uploads\/sites\/14\/2023\/03\/CA_Session_shop_ph.png","contentUrl":"https:\/\/oneconsciousness.org\/fr-fr\/wp-content\/uploads\/sites\/14\/2023\/03\/CA_Session_shop_ph.png","width":324,"height":214,"caption":"Consciousness Advisors"},"image":{"@id":"https:\/\/oneconsciousness.org\/fr-fr\/#\/schema\/logo\/image\/"}}]}},"_links":{"self":[{"href":"https:\/\/oneconsciousness.org\/fr-fr\/wp-json\/wp\/v2\/pages\/2560","targetHints":{"allow":["GET"]}}],"collection":[{"href":"https:\/\/oneconsciousness.org\/fr-fr\/wp-json\/wp\/v2\/pages"}],"about":[{"href":"https:\/\/oneconsciousness.org\/fr-fr\/wp-json\/wp\/v2\/types\/page"}],"author":[{"embeddable":true,"href":"https:\/\/oneconsciousness.org\/fr-fr\/wp-json\/wp\/v2\/users\/1"}],"replies":[{"embeddable":true,"href":"https:\/\/oneconsciousness.org\/fr-fr\/wp-json\/wp\/v2\/comments?post=2560"}],"version-history":[{"count":29,"href":"https:\/\/oneconsciousness.org\/fr-fr\/wp-json\/wp\/v2\/pages\/2560\/revisions"}],"predecessor-version":[{"id":4264,"href":"https:\/\/oneconsciousness.org\/fr-fr\/wp-json\/wp\/v2\/pages\/2560\/revisions\/4264"}],"wp:attachment":[{"href":"https:\/\/oneconsciousness.org\/fr-fr\/wp-json\/wp\/v2\/media?parent=2560"}],"curies":[{"name":"wp","href":"https:\/\/api.w.org\/{rel}","templated":true}]}}