{"id":2566,"date":"2023-03-08T07:59:53","date_gmt":"2023-03-08T07:59:53","guid":{"rendered":"https:\/\/oneconsciousness.org\/it-it\/terms-conditions\/"},"modified":"2025-07-11T15:10:51","modified_gmt":"2025-07-11T13:10:51","slug":"terms","status":"publish","type":"page","link":"https:\/\/oneconsciousness.org\/it-it\/terms\/","title":{"rendered":"terms &#038; conditions"},"content":{"rendered":"\t\t<div data-elementor-type=\"wp-page\" data-elementor-id=\"2566\" class=\"elementor elementor-2566\" data-elementor-post-type=\"page\">\n\t\t\t\t\t\t<section class=\"elementor-section elementor-top-section elementor-element elementor-element-56c0ad48 elementor-section-boxed elementor-section-height-default elementor-section-height-default\" data-id=\"56c0ad48\" data-element_type=\"section\" data-e-type=\"section\">\n\t\t\t\t\t\t<div class=\"elementor-container elementor-column-gap-default\">\n\t\t\t\t\t<div class=\"elementor-column elementor-col-100 elementor-top-column elementor-element elementor-element-7fd820a8\" data-id=\"7fd820a8\" data-element_type=\"column\" data-e-type=\"column\">\n\t\t\t<div class=\"elementor-widget-wrap elementor-element-populated\">\n\t\t\t\t\t\t<div class=\"elementor-element elementor-element-2a2450c9 elementor-widget elementor-widget-text-editor\" data-id=\"2a2450c9\" data-element_type=\"widget\" data-e-type=\"widget\" data-widget_type=\"text-editor.default\">\n\t\t\t\t<div class=\"elementor-widget-container\">\n\t\t\t\t\t\t\t\t\t<p>\t\t<div data-elementor-type=\"wp-post\" data-elementor-id=\"23\" class=\"elementor elementor-23\" data-elementor-post-type=\"elementor-hf\">\n\t\t\t\t\t\t<section class=\"elementor-section elementor-top-section elementor-element elementor-element-0f4c5fe heading_section elementor-section-boxed elementor-section-height-default elementor-section-height-default\" data-id=\"0f4c5fe\" data-element_type=\"section\" data-e-type=\"section\">\n\t\t\t\t\t\t<div class=\"elementor-container elementor-column-gap-default\">\n\t\t\t\t\t<div class=\"elementor-column elementor-col-100 elementor-top-column elementor-element elementor-element-03651d9\" data-id=\"03651d9\" data-element_type=\"column\" data-e-type=\"column\">\n\t\t\t<div class=\"elementor-widget-wrap\">\n\t\t\t\t\t\t\t<\/div>\n\t\t<\/div>\n\t\t\t\t\t<\/div>\n\t\t<\/section>\n\t\t\t\t<\/div>\n\t\t<\/p>\t\t\t\t\t\t\t\t<\/div>\n\t\t\t\t<\/div>\n\t\t\t\t\t<\/div>\n\t\t<\/div>\n\t\t\t\t\t<\/div>\n\t\t<\/section>\n\t\t\t\t<section class=\"elementor-section elementor-top-section elementor-element elementor-element-1a5984c privacy_policy elementor-section-boxed elementor-section-height-default elementor-section-height-default\" data-id=\"1a5984c\" data-element_type=\"section\" data-e-type=\"section\">\n\t\t\t\t\t\t<div class=\"elementor-container elementor-column-gap-default\">\n\t\t\t\t\t<div class=\"elementor-column elementor-col-33 elementor-top-column elementor-element elementor-element-42b51b7f\" data-id=\"42b51b7f\" data-element_type=\"column\" data-e-type=\"column\">\n\t\t\t<div class=\"elementor-widget-wrap elementor-element-populated\">\n\t\t\t\t\t\t\t<\/div>\n\t\t<\/div>\n\t\t\t\t<div class=\"elementor-column elementor-col-33 elementor-top-column elementor-element elementor-element-72883ee6\" data-id=\"72883ee6\" data-element_type=\"column\" data-e-type=\"column\">\n\t\t\t<div class=\"elementor-widget-wrap elementor-element-populated\">\n\t\t\t\t\t\t<div class=\"elementor-element elementor-element-61db0475 elementor-widget elementor-widget-html\" data-id=\"61db0475\" data-element_type=\"widget\" data-e-type=\"widget\" data-widget_type=\"html.default\">\n\t\t\t\t<div class=\"elementor-widget-container\">\n\t\t\t\t\t\r\n    <div class = \"row terms\">\r\n        <div class = \"col-md-1\"><\/div>\r\n        <div class = \"col-md-10\">\r\n             <p><b><i>Consulente della Coscienza<\/i>* Accordo e Liberatorie, Termini e Condizioni dei servizi di Consulenza <\/b><\/p><br\/>\r\n            <p>I termini \"noi\", \"nostro\", \"nostri\" si riferiscono alla Maharishi Foundation Technologies  (<b>\u201cMFT\u201d<\/b>), una societ\u00e0 di pubblica utilit\u00e0 del Delaware, con indirizzo 1900 Capital Blvd., Fairfield, Iowa 52556, Stati Uniti, rappresentata dai nostri esperti  <i>Consciousness Advisor (Consulenti della Coscienza)<\/i>, autorizzati e certificati, che vi offriranno i nostri servizi di  <i>Consulenza della Coscienza<\/i>. Di seguito sono riportati i termini e le condizioni del nostro accordo con voi in relazione a questi servizi.<\/p>\r\n                           \t\t\t<h1 class=\"headingsection_404\">Termini e Condizioni<\/h1><br\/>\r\n\t\t\t<ol class = \"text-left\">\r\n\t\t\t\t<li>\r\n\t\t\t\t   I servizi di <i>Consulente della Coscienza <\/i>. Il nostro esperto <i>Consulente della Coscienza <\/i>  ti guider\u00e0, ti far\u00e0 da coach e da consulente per riflettere profondamente sul ruolo fondamentale dello sviluppo della Coscienza** nella tua vita.  In questo processo potrai acquisire conoscenze sul ruolo della Coscienza per raggiugiere i tuoi obiettivi nella vita e  vivere in modo appagante e felice. Nell'ambito di questo processo, il nostro esperto  <i>Consulente della Coscienza<\/i> ti presenter\u00e0 e potr\u00e0 consigliarti alcuni programmi, servizi e prodotti delle   <i> Tecnologie Maharishi della Coscienza*<\/i>  (collettivamente, i Programmi \"TMC\u201d) che ritiene possano esserti utili per il raggiungimento dei tuoi obiettivi che riguardano la consapevolezza.<\/p>\r\n                                   <p>** La Coscienza \u00e8 la capacit\u00e0 di essere consapevoli, essere coscienti e di essere coscienti di essere coscienti. Senza Coscienza non si pu\u00f2 sperimentare nulla. \r\n\t\t\t\t<\/li>\r\n\t\t\t\t<li>\r\n\t\t\t\t\tQuestionari.  Poich\u00e9 l'obiettivo dei nostri servizi di <i>Consulenza della Coscienza<\/i>  \u00e8 quello di guidare lo sviluppo e l'attuazione di strategie per raggiungere i tuoi obiettivi di accrescimento della Coscienza  e realizzazione personale,  i nostri esperti  <i>Consulenti della Coscienza <\/i> potrebbero utilizzare un questionario iniziale, interviste e altre procedure per ottenere informazioni preziose che ci aiuteranno a guidare e focalizzare la fornitura dei nostri servizi. Queste interazioni ci forniranno informazioni di base su di te e ti aiuteranno a scoprire nuove possibilit\u00e0 per raggiungere i tuoi obiettivi nella vita. Tutte le informazioni personali raccolte saranno tenute riservate in conformit\u00e0 con la nostra <a href= \"\/privacy\/\"><u>Informativa sulla privacy<\/u><\/a>, che fa parte di questo contratto e dovrebbe essere visionata dall'utente.<\/p>\r\n <\/li>\r\n\t\t\t\t<li>\r\n\t\t\t\t\tPolitica di pagamento e rimborso.  I pagamenti devono essere effettuati prima dell'inizio della sessione con il  <i>Consulente della Coscienza.<\/i>  Non sono previsti rimborsi se non espressamente indicati. Per le raccomandazioni che il tuo  <i>Consulente della Coscienza <\/i>   pu\u00f2 fare in merito ai Programmi TMC, si prega di consultare le politiche di rimborso per il servizio specifico di cui si \u00e8 usufruito. Se desideri fornire un riscontro sul tuo   <i>Consulente della Coscienza, <\/i> inviaci un'e-mail. Le nostre informazioni di contatto sono disponibili <a href= \"\/contact\/\"><u>qui.<\/u><\/a><\/p>\r\n\t\t\t\t<\/li>\r\n\t\t\t\t<li> Limitazioni del servizio; Liberatoria\r\n\t\t\t\t\t<style>\r\n  .sub-list-alpha {\r\n    list-style-type: upper-alpha;\r\n    padding-right: 3em; \/* extra indent for RTL *\/\r\n  }\r\n<\/style>\r\n                <ol class=\"sub-list-alpha\">\r\n\t\t\t\t\t\t<li>\r\n\t\t\t\t\t\t    \r\n\t\t\t Non viene fornita alcuna raccomandazione medica. I servizi <i>Consulenti della Coscienza<\/i>  e <i>Tecnologie Maharishi della Coscienza<\/i>,  consigliati da esperti  <i>Consulenti della Coscienza<\/i>, non costituiscono una diagnosi o un trattamento medico e non sostituiscono diagnosi o trattamenti medici professionali. Si consiglia sempre di consultare il proprio medico o altri operatori sanitari qualificati per qualsiasi problema di salute e di non interrompere mai una cura senza aver prima consultato il proprio medico.<\/li>\r\n                                        <li>NESSUNA   GARANZIA. NON \u00c8 POSSIBILE GARANTIRE RISULTATI SPECIFICI DEI SERVIZI DI <i>CONSULENZA DELLA COSCIENZA <\/i>  E DEI PROGRAMMI TMC, IN QUANTO I RISULTATI INDIVIDUALI POSSONO VARIARE. LA MAHARISHI FOUNDATION TECHNOLOGIES (MFT) RITIENE CHE LE INFORMAZIONI CONTENUTE IN QUESTO SITO WEB SIANO ACCURATE E AFFIDABILI. TUTTAVIA POSSONO VERIFICARSI ERRORI.  PERTANTO TUTTI I SERVIZI SONO FORNITI \"COS\u00cc COME SONO\".  LA MAHARISHI FOUNDATION TECHNOLOGIES (MFT)  NON RICONOSCE ALCUN TIPO DI  GARANZIA, ESPLICITA O IMPLICITA, PER NESSUNA QUESTIONE RELATIVA AI SERVIZI O AL PRESENTE SITO WEB, INCLUSE, SENZA LIMITAZIONI, LA COMMERCIABILIT\u00c0 O L'IDONEIT\u00c0 PER QUALSIASI SCOPO PARTICOLARE.<\/li> \r\n                                        <li>Recensioni. Questo sito pu\u00f2 contenere recensioni di utenti dei nostri prodotti e\/o servizi, che riflettono le esperienze reali dei nostri utenti. Tali recensioni potrebbero non essere rappresentative di tutti gli utenti dei nostri prodotti e\/o servizi. Non pretendiamo, e non dovete presumere, che tutti gli utenti abbiano le stesse esperienze. I risultati individuali possono variare.<\/li>\r\n                                        <li>Limitazioni di responsabilit\u00e0. L'utente riconosce che i servizi offerti dal <i>Consulente della Coscienza <\/i>  comportano un processo che pu\u00f2 richiedere una guida, un coaching, una consulenza e un'  <i>Istruzione basata sulla Coscienza<\/i> in vari ambiti della vita. L'utente accetta che la decisione su come gestire tali questioni, incorporare le idee di guida, coaching o consulenza o le conoscenze basate sulla coscienza in tali aree della vita e attuare delle scelte \u00e8 esclusivamente responsabilit\u00e0 dell'utente.  L'organizzazione che offre i servizi di <i>Consulenza della Coscienza<\/i>, o i suoi  <i>Consulenti della Coscienza<\/i>, non saranno responsabili di eventuali conseguenze derivanti da azioni o decisioni prese dall'utente come risultato di qualsiasi servizio di <i>Consulenza della Coscienza <\/i>  fornito.<\/li>\r\n                                        <li>Informazioni. Le informazioni fornite su questo sito web o da qualsiasi   <i>Consulente della Coscienza <\/i> sono solo a scopo informativo e non devono essere considerate come consigli finanziari, fiscali, legali o medici.\r\n\t\t\t\t\t\t<\/li>\r\n\t\t\t\t\t<\/ol>\r\n\t\t\t\t<\/li>\r\n\t\t\t\t<li>\r\n\t\t\t\t\tCompensi finanziari. I <i>Consulenti della Coscienza<\/i> non operano come volontari.   Hanno svolto mesi di formazione e superato test di certificazione, che rappresentano un impegno significativo  in termini di tempo e  denaro. Per questo motivo, vengono remunerati per il supporto, le competenze e le informazioni di base sul Programma TMC che condivideranno durante le sessioni di <i>Consulenza della Coscienza<\/i>   e per la raccomandazione di altri Programmi TMC. Al fine di agevolare gli accordi finanziari tra MFT, i Consulenti della Coscienza  e i relativi fornitori dei servizi delle TMC che vi hanno prestato, TMC  pu\u00f2 raccogliere informazioni sulle vostre spese di acquisto presso i nostri fornitori di MTC, MFT pu\u00f2 raccogliere informazioni sulle spese di acquisto presso i nostri fornitori di TMC. Se desideri esercitare il tuo diritto di accedere a tali informazioni, opporti al loro trattamento o cancellarle, contattaci all'indirizzo <a href=\"mailto:legal@oneconsciousness.org\"><u>legal@oneconsciousness.org<\/u><\/a>.<\/li>\r\n\t\t\t\t<li>\r\n\t\t\t\t\t<a href= \"\/privacy\/\"><u>Informativa sulla privacy<\/u><\/a> - Si prega di prendere visione della nostra Informativa sulla privacy riguardante le informazioni che raccoglieremo dall'utente e che utilizzeremo nell'ambito del presente contratto.\t<\/li>\r\n\t\t\t\t<li>\r\n\t\t\t\t\t<a href= \"\/contact\/\"><u>Contatti<\/u><\/a> - Inviaci un'e-mail per qualsiasi domanda o richiesta. <\/p>\r\n                               <\/div>                          \r\n                           <\/div>\t\t\t\t<\/div>\n\t\t\t\t<\/div>\n\t\t\t\t<div class=\"elementor-element elementor-element-9a07f88 elementor-widget elementor-widget-html\" data-id=\"9a07f88\" data-element_type=\"widget\" data-e-type=\"widget\" data-widget_type=\"html.default\">\n\t\t\t\t<div class=\"elementor-widget-container\">\n\t\t\t\t\t<a id=\"copyrights-and-trademarks\"><\/a>\n<div class = \"row terms\">\n    <div class = \"col-md-1\"><\/div>\n    <div class = \"col-md-10\">\n\t\t<h1 class=\"headingsection_404\">Copyright e Marchi di Fabbrica<\/h1><br\/>\n        <h3>Condizioni di utilizzo<\/h3>\n        <p class=\"text-left\">Tutti i contenuti e i materiali di questo sito web sono protetti dalle leggi sul copyright degli Stati Uniti e\/o di altri Paesi e regioni, su licenza o con autorizzazione. I marchi di fabbrica e di servizio riportati nell'elenco non esaustivo che segue sono di propriet\u00e0 o concessi in licenza dalla Maharishi Foundation International (MFI) e sono protetti come marchi registrati o non registrati in vari Paesi del mondo. L'assenza di un marchio o di un logo da questo elenco non costituisce una rinuncia al diritto d'autore, al marchio di fabbrica, al marchio di servizio o ad altri diritti di propriet\u00e0 intellettuale di MFI o dei suoi licenziatari&rsquo; relativi a quel nome o a quel logo.<\/p>\n        <p class=\"text-left\">\u00c8 concessa l'autorizzazione, esclusivamente per uso personale e non commerciale, a visualizzare i siti web e a scaricare, utilizzare e stampare copie dei materiali, a condizione che non vengano modificati e che vengano mantenuti tutti gli avvisi di copyright e di altri diritti di propriet\u00e0. La modifica o l'utilizzo del materiale per qualsiasi altro scopo costituisce una violazione del copyright e di altri diritti di propriet\u00e0. La modifica o l'utilizzo del materiale per qualsiasi altro scopo costituisce una violazione del copyright e di altri diritti di propriet\u00e0. Si concede il permesso di utilizzare i link agli Uniform Resource Locators (URL) dei documenti che compongono il sito in altri siti web, a condizione che le informazioni sul copyright, sui marchi di fabbrica e sui marchi di servizio siano debitamente segnalate su tali siti. L'autorizzazione qui concessa non include il diritto di ripubblicare il contenuto su altri siti web.<\/p>\n        <p class=\"text-left\">MFI ritiene che le informazioni contenute in questo sito siano accurate e affidabili. Tuttavia, possono verificarsi errori. Pertanto, MFI declina qualsiasi tipo di garanzia, espressa o implicita, per qualsiasi questione relativa a questo sito web compresa, senza limitazioni, la sua commerciabilit\u00e0 o idoneit\u00e0 per qualsiasi scopo particolare.<\/p>\n        <p class=\"text-left\">Le richieste di informazioni relative a diritti d'autore, marchi di fabbrica, marchi di servizio e altri diritti di propriet\u00e0 intellettuale che regolano il contenuto di questo sito web devono essere indirizzate a  Maharishi Foundation International, PO Box 624, Fairfield, IA 52556.<\/p>\n        <h3>Marchi di fabbrica e Marchi di servizio<\/h3>\n        <p class=\"text-left\"><i>Transcendental Meditation, TM, TM-Sidhi, Maharishi Technologies of Consciousness, Maharishi Integrated Health, Advanced Technologies of Consciousness, e Consciousness-Based Education,<\/i> sono marchi protetti.<i> Consciousness Journey, Consciousness Advisor, Consciousness Talk<\/i> e<i> Consciousness Session<\/i> sono marchi di servizio.<\/p>\n    <\/div>\n<\/div>\t\t\t\t<\/div>\n\t\t\t\t<\/div>\n\t\t\t\t\t<\/div>\n\t\t<\/div>\n\t\t\t\t<div class=\"elementor-column elementor-col-33 elementor-top-column elementor-element elementor-element-c24ca67\" data-id=\"c24ca67\" data-element_type=\"column\" data-e-type=\"column\">\n\t\t\t<div class=\"elementor-widget-wrap elementor-element-populated\">\n\t\t\t\t\t\t\t<\/div>\n\t\t<\/div>\n\t\t\t\t\t<\/div>\n\t\t<\/section>\n\t\t\t\t<\/div>\n\t\t","protected":false},"excerpt":{"rendered":"<p>Consulente della Coscienza* Accordo e Liberatorie, Termini e Condizioni dei servizi di Consulenza I termini &#8220;noi&#8221;, &#8220;nostro&#8221;, &#8220;nostri&#8221; si riferiscono alla Maharishi Foundation Technologies (\u201cMFT\u201d), una societ\u00e0 di pubblica utilit\u00e0 del Delaware, con indirizzo 1900 Capital Blvd., Fairfield, Iowa 52556, Stati Uniti, rappresentata dai nostri esperti Consciousness Advisor (Consulenti della Coscienza), autorizzati e certificati, che&hellip; <a class=\"more-link\" href=\"https:\/\/oneconsciousness.org\/it-it\/terms\/\">Continua a leggere <span class=\"screen-reader-text\">terms &#038; conditions<\/span><\/a><\/p>\n","protected":false},"author":1,"featured_media":0,"parent":0,"menu_order":0,"comment_status":"closed","ping_status":"closed","template":"","meta":{"footnotes":""},"class_list":["post-2566","page","type-page","status-publish","hentry","entry"],"yoast_head":"<!-- This site is optimized with the Yoast SEO plugin v27.1.1 - https:\/\/yoast.com\/product\/yoast-seo-wordpress\/ -->\n<title>terms &amp; conditions - Consciousness Advisors<\/title>\n<meta name=\"robots\" content=\"index, follow, max-snippet:-1, max-image-preview:large, max-video-preview:-1\" \/>\n<link rel=\"canonical\" href=\"https:\/\/oneconsciousness.org\/it-it\/terms\/\" \/>\n<meta property=\"og:locale\" content=\"it_IT\" \/>\n<meta property=\"og:type\" content=\"article\" \/>\n<meta property=\"og:title\" content=\"terms &amp; conditions - Consciousness Advisors\" \/>\n<meta property=\"og:description\" content=\"Consulente della Coscienza* Accordo e Liberatorie, Termini e Condizioni dei servizi di Consulenza I termini &#8220;noi&#8221;, &#8220;nostro&#8221;, &#8220;nostri&#8221; si riferiscono alla Maharishi Foundation Technologies (\u201cMFT\u201d), una societ\u00e0 di pubblica utilit\u00e0 del Delaware, con indirizzo 1900 Capital Blvd., Fairfield, Iowa 52556, Stati Uniti, rappresentata dai nostri esperti Consciousness Advisor (Consulenti della Coscienza), autorizzati e certificati, che&hellip; Continua a leggere terms &#038; conditions\" \/>\n<meta property=\"og:url\" content=\"https:\/\/oneconsciousness.org\/it-it\/terms\/\" \/>\n<meta property=\"og:site_name\" content=\"Consciousness Advisors\" \/>\n<meta property=\"article:modified_time\" content=\"2025-07-11T13:10:51+00:00\" \/>\n<meta name=\"twitter:card\" content=\"summary_large_image\" \/>\n<meta name=\"twitter:label1\" content=\"Tempo di lettura stimato\" \/>\n\t<meta name=\"twitter:data1\" content=\"7 minuti\" \/>\n<script type=\"application\/ld+json\" class=\"yoast-schema-graph\">{\"@context\":\"https:\/\/schema.org\",\"@graph\":[{\"@type\":\"WebPage\",\"@id\":\"https:\/\/oneconsciousness.org\/it-it\/terms\/\",\"url\":\"https:\/\/oneconsciousness.org\/it-it\/terms\/\",\"name\":\"terms & conditions - Consciousness Advisors\",\"isPartOf\":{\"@id\":\"https:\/\/oneconsciousness.org\/it-it\/#website\"},\"datePublished\":\"2023-03-08T07:59:53+00:00\",\"dateModified\":\"2025-07-11T13:10:51+00:00\",\"breadcrumb\":{\"@id\":\"https:\/\/oneconsciousness.org\/it-it\/terms\/#breadcrumb\"},\"inLanguage\":\"it-IT\",\"potentialAction\":[{\"@type\":\"ReadAction\",\"target\":[\"https:\/\/oneconsciousness.org\/it-it\/terms\/\"]}]},{\"@type\":\"BreadcrumbList\",\"@id\":\"https:\/\/oneconsciousness.org\/it-it\/terms\/#breadcrumb\",\"itemListElement\":[{\"@type\":\"ListItem\",\"position\":1,\"name\":\"Home\",\"item\":\"https:\/\/oneconsciousness.org\/it-it\/\"},{\"@type\":\"ListItem\",\"position\":2,\"name\":\"terms &#038; conditions\"}]},{\"@type\":\"WebSite\",\"@id\":\"https:\/\/oneconsciousness.org\/it-it\/#website\",\"url\":\"https:\/\/oneconsciousness.org\/it-it\/\",\"name\":\"Consciousness Advisors\",\"description\":\"\",\"publisher\":{\"@id\":\"https:\/\/oneconsciousness.org\/it-it\/#organization\"},\"potentialAction\":[{\"@type\":\"SearchAction\",\"target\":{\"@type\":\"EntryPoint\",\"urlTemplate\":\"https:\/\/oneconsciousness.org\/it-it\/?s={search_term_string}\"},\"query-input\":{\"@type\":\"PropertyValueSpecification\",\"valueRequired\":true,\"valueName\":\"search_term_string\"}}],\"inLanguage\":\"it-IT\"},{\"@type\":\"Organization\",\"@id\":\"https:\/\/oneconsciousness.org\/it-it\/#organization\",\"name\":\"Consciousness Advisors\",\"url\":\"https:\/\/oneconsciousness.org\/it-it\/\",\"logo\":{\"@type\":\"ImageObject\",\"inLanguage\":\"it-IT\",\"@id\":\"https:\/\/oneconsciousness.org\/it-it\/#\/schema\/logo\/image\/\",\"url\":\"https:\/\/oneconsciousness.org\/it-it\/wp-content\/uploads\/sites\/21\/2023\/03\/CA_Session_shop_ph.png\",\"contentUrl\":\"https:\/\/oneconsciousness.org\/it-it\/wp-content\/uploads\/sites\/21\/2023\/03\/CA_Session_shop_ph.png\",\"width\":324,\"height\":214,\"caption\":\"Consciousness Advisors\"},\"image\":{\"@id\":\"https:\/\/oneconsciousness.org\/it-it\/#\/schema\/logo\/image\/\"}}]}<\/script>\n<!-- \/ Yoast SEO plugin. -->","yoast_head_json":{"title":"terms & conditions - Consciousness Advisors","robots":{"index":"index","follow":"follow","max-snippet":"max-snippet:-1","max-image-preview":"max-image-preview:large","max-video-preview":"max-video-preview:-1"},"canonical":"https:\/\/oneconsciousness.org\/it-it\/terms\/","og_locale":"it_IT","og_type":"article","og_title":"terms & conditions - Consciousness Advisors","og_description":"Consulente della Coscienza* Accordo e Liberatorie, Termini e Condizioni dei servizi di Consulenza I termini &#8220;noi&#8221;, &#8220;nostro&#8221;, &#8220;nostri&#8221; si riferiscono alla Maharishi Foundation Technologies (\u201cMFT\u201d), una societ\u00e0 di pubblica utilit\u00e0 del Delaware, con indirizzo 1900 Capital Blvd., Fairfield, Iowa 52556, Stati Uniti, rappresentata dai nostri esperti Consciousness Advisor (Consulenti della Coscienza), autorizzati e certificati, che&hellip; Continua a leggere terms &#038; conditions","og_url":"https:\/\/oneconsciousness.org\/it-it\/terms\/","og_site_name":"Consciousness Advisors","article_modified_time":"2025-07-11T13:10:51+00:00","twitter_card":"summary_large_image","twitter_misc":{"Tempo di lettura stimato":"7 minuti"},"schema":{"@context":"https:\/\/schema.org","@graph":[{"@type":"WebPage","@id":"https:\/\/oneconsciousness.org\/it-it\/terms\/","url":"https:\/\/oneconsciousness.org\/it-it\/terms\/","name":"terms & conditions - Consciousness Advisors","isPartOf":{"@id":"https:\/\/oneconsciousness.org\/it-it\/#website"},"datePublished":"2023-03-08T07:59:53+00:00","dateModified":"2025-07-11T13:10:51+00:00","breadcrumb":{"@id":"https:\/\/oneconsciousness.org\/it-it\/terms\/#breadcrumb"},"inLanguage":"it-IT","potentialAction":[{"@type":"ReadAction","target":["https:\/\/oneconsciousness.org\/it-it\/terms\/"]}]},{"@type":"BreadcrumbList","@id":"https:\/\/oneconsciousness.org\/it-it\/terms\/#breadcrumb","itemListElement":[{"@type":"ListItem","position":1,"name":"Home","item":"https:\/\/oneconsciousness.org\/it-it\/"},{"@type":"ListItem","position":2,"name":"terms &#038; conditions"}]},{"@type":"WebSite","@id":"https:\/\/oneconsciousness.org\/it-it\/#website","url":"https:\/\/oneconsciousness.org\/it-it\/","name":"Consciousness Advisors","description":"","publisher":{"@id":"https:\/\/oneconsciousness.org\/it-it\/#organization"},"potentialAction":[{"@type":"SearchAction","target":{"@type":"EntryPoint","urlTemplate":"https:\/\/oneconsciousness.org\/it-it\/?s={search_term_string}"},"query-input":{"@type":"PropertyValueSpecification","valueRequired":true,"valueName":"search_term_string"}}],"inLanguage":"it-IT"},{"@type":"Organization","@id":"https:\/\/oneconsciousness.org\/it-it\/#organization","name":"Consciousness Advisors","url":"https:\/\/oneconsciousness.org\/it-it\/","logo":{"@type":"ImageObject","inLanguage":"it-IT","@id":"https:\/\/oneconsciousness.org\/it-it\/#\/schema\/logo\/image\/","url":"https:\/\/oneconsciousness.org\/it-it\/wp-content\/uploads\/sites\/21\/2023\/03\/CA_Session_shop_ph.png","contentUrl":"https:\/\/oneconsciousness.org\/it-it\/wp-content\/uploads\/sites\/21\/2023\/03\/CA_Session_shop_ph.png","width":324,"height":214,"caption":"Consciousness Advisors"},"image":{"@id":"https:\/\/oneconsciousness.org\/it-it\/#\/schema\/logo\/image\/"}}]}},"_links":{"self":[{"href":"https:\/\/oneconsciousness.org\/it-it\/wp-json\/wp\/v2\/pages\/2566","targetHints":{"allow":["GET"]}}],"collection":[{"href":"https:\/\/oneconsciousness.org\/it-it\/wp-json\/wp\/v2\/pages"}],"about":[{"href":"https:\/\/oneconsciousness.org\/it-it\/wp-json\/wp\/v2\/types\/page"}],"author":[{"embeddable":true,"href":"https:\/\/oneconsciousness.org\/it-it\/wp-json\/wp\/v2\/users\/1"}],"replies":[{"embeddable":true,"href":"https:\/\/oneconsciousness.org\/it-it\/wp-json\/wp\/v2\/comments?post=2566"}],"version-history":[{"count":220,"href":"https:\/\/oneconsciousness.org\/it-it\/wp-json\/wp\/v2\/pages\/2566\/revisions"}],"predecessor-version":[{"id":4885,"href":"https:\/\/oneconsciousness.org\/it-it\/wp-json\/wp\/v2\/pages\/2566\/revisions\/4885"}],"wp:attachment":[{"href":"https:\/\/oneconsciousness.org\/it-it\/wp-json\/wp\/v2\/media?parent=2566"}],"curies":[{"name":"wp","href":"https:\/\/api.w.org\/{rel}","templated":true}]}}