{"id":2566,"date":"2023-03-08T07:59:53","date_gmt":"2023-03-08T07:59:53","guid":{"rendered":"https:\/\/oneconsciousness.org\/pt-pt\/terms-conditions\/"},"modified":"2025-07-11T14:01:56","modified_gmt":"2025-07-11T13:01:56","slug":"terms","status":"publish","type":"page","link":"https:\/\/oneconsciousness.org\/pt-pt\/terms\/","title":{"rendered":"terms &#038; conditions"},"content":{"rendered":"\t\t<div data-elementor-type=\"wp-page\" data-elementor-id=\"2566\" class=\"elementor elementor-2566\" data-elementor-post-type=\"page\">\n\t\t\t\t\t\t<section class=\"elementor-section elementor-top-section elementor-element elementor-element-56c0ad48 elementor-section-boxed elementor-section-height-default elementor-section-height-default\" data-id=\"56c0ad48\" data-element_type=\"section\" data-e-type=\"section\">\n\t\t\t\t\t\t<div class=\"elementor-container elementor-column-gap-default\">\n\t\t\t\t\t<div class=\"elementor-column elementor-col-100 elementor-top-column elementor-element elementor-element-7fd820a8\" data-id=\"7fd820a8\" data-element_type=\"column\" data-e-type=\"column\">\n\t\t\t<div class=\"elementor-widget-wrap elementor-element-populated\">\n\t\t\t\t\t\t<div class=\"elementor-element elementor-element-2a2450c9 elementor-widget elementor-widget-text-editor\" data-id=\"2a2450c9\" data-element_type=\"widget\" data-e-type=\"widget\" data-widget_type=\"text-editor.default\">\n\t\t\t\t<div class=\"elementor-widget-container\">\n\t\t\t\t\t\t\t\t\t<p>\t\t<div data-elementor-type=\"wp-post\" data-elementor-id=\"23\" class=\"elementor elementor-23\" data-elementor-post-type=\"elementor-hf\">\n\t\t\t\t\t\t<section class=\"elementor-section elementor-top-section elementor-element elementor-element-0f4c5fe heading_section elementor-section-boxed elementor-section-height-default elementor-section-height-default\" data-id=\"0f4c5fe\" data-element_type=\"section\" data-e-type=\"section\">\n\t\t\t\t\t\t<div class=\"elementor-container elementor-column-gap-default\">\n\t\t\t\t\t<div class=\"elementor-column elementor-col-100 elementor-top-column elementor-element elementor-element-03651d9\" data-id=\"03651d9\" data-element_type=\"column\" data-e-type=\"column\">\n\t\t\t<div class=\"elementor-widget-wrap\">\n\t\t\t\t\t\t\t<\/div>\n\t\t<\/div>\n\t\t\t\t\t<\/div>\n\t\t<\/section>\n\t\t\t\t<\/div>\n\t\t<\/p>\t\t\t\t\t\t\t\t<\/div>\n\t\t\t\t<\/div>\n\t\t\t\t\t<\/div>\n\t\t<\/div>\n\t\t\t\t\t<\/div>\n\t\t<\/section>\n\t\t\t\t<section class=\"elementor-section elementor-top-section elementor-element elementor-element-1a5984c privacy_policy elementor-section-boxed elementor-section-height-default elementor-section-height-default\" data-id=\"1a5984c\" data-element_type=\"section\" data-e-type=\"section\">\n\t\t\t\t\t\t<div class=\"elementor-container elementor-column-gap-default\">\n\t\t\t\t\t<div class=\"elementor-column elementor-col-33 elementor-top-column elementor-element elementor-element-42b51b7f\" data-id=\"42b51b7f\" data-element_type=\"column\" data-e-type=\"column\">\n\t\t\t<div class=\"elementor-widget-wrap elementor-element-populated\">\n\t\t\t\t\t\t\t<\/div>\n\t\t<\/div>\n\t\t\t\t<div class=\"elementor-column elementor-col-33 elementor-top-column elementor-element elementor-element-72883ee6\" data-id=\"72883ee6\" data-element_type=\"column\" data-e-type=\"column\">\n\t\t\t<div class=\"elementor-widget-wrap elementor-element-populated\">\n\t\t\t\t\t\t<div class=\"elementor-element elementor-element-61db0475 elementor-widget elementor-widget-html\" data-id=\"61db0475\" data-element_type=\"widget\" data-e-type=\"widget\" data-widget_type=\"html.default\">\n\t\t\t\t<div class=\"elementor-widget-container\">\n\t\t\t\t\t\r\n    <div class = \"row terms\">\r\n        <div class = \"col-md-1\"><\/div>\r\n        <div class = \"col-md-10\">\r\n             <p><b>Contrato de servi\u00e7os de consulta do<i>Assessor de Consci\u00eancia<\/i>*, isen\u00e7\u00e3o de responsabilidade, termos e condi\u00e7\u00f5es<\/b><\/p><br\/>\r\n            <p>Os termos \u201cn\u00f3s\u201d, \u201cnos\u201d e \u201cnosso\u201d referem-se \u00e0 Maharishi Foundation Technologies (<b>\u201cMFT\u201d<\/b>), uma empresa de utilidade p\u00fablica de Delaware, com endere\u00e7o de contato 1900 Capital Blvd., Fairfield, Iowa 52556, Estados Unidos, representada por nossos <i>Assessores de Consci\u00eancia<\/i> certificados autorizados, que ir\u00e3o oferecer nossos servi\u00e7os de <i>Assessoria de Consci\u00eancia<\/i>. O seguinte declara os termos e condi\u00e7\u00f5es do nosso contrato com voc\u00ea em rela\u00e7\u00e3o a esses servi\u00e7os.<\/p>\r\n                           \t\t\t<h1 class=\"headingsection_404\">Termos e Condi\u00e7\u00f5es<\/h1><br\/>\r\n\t\t\t<ol class = \"text-left\">\r\n\t\t\t\t<li>\r\n\t\t\t\t Servi\u00e7os do <i>Assessor de Consci\u00eancia<\/i>. Nossos <i>Assessores de Consci\u00eancia<\/i>  especialistas ir\u00e3o orientar, treinar e fazer consulta com voc\u00ea para pensar profundamente sobre o papel fundamental do desenvolvimento da consci\u00eancia** em sua vida. Neste processo, voc\u00ea adquirir\u00e1 conhecimento sobre o papel da consci\u00eancia na realiza\u00e7\u00e3o de seus objetivos de vida para uma vida plena e feliz. Como parte deste processo, nossos especialistas <i>Assessores de Consci\u00eancia<\/i> ir\u00e3o apresentar a voc\u00ea, e podem recomendar, certos programas, servi\u00e7os e produtos das  <i>Tecnologias Maharishi da Consci\u00eancia*<\/i>  (coletivamente, os \u201cProgramasTMC \u201d) que acreditamos que seriam \u00fateis para voc\u00ea alcan\u00e7ar seus objetivos relacionados \u00e0 consci\u00eancia.<\/p>\r\n                                   <p>** Consci\u00eancia \u00e9 a capacidade de estar atento, de estar consciente e de estar consciente de que estamos conscientes. Sem consci\u00eancia, voc\u00ea n\u00e3o pode experimentar nada. \r\n\t\t\t\t<\/li>\r\n\t\t\t\t<li>\r\n\t\t\t\t\tQuestionn\u00e1rios. Como o foco de nossos servi\u00e7os de <i>Assessoria de Consci\u00eancia<\/i> \u00e9 orientar o desenvolvimento e a implementa\u00e7\u00e3o de estrat\u00e9gias para alcan\u00e7ar seus objetivos relacionados \u00e0 consci\u00eancia e alcan\u00e7ar a realiza\u00e7\u00e3o pessoal, os servi\u00e7os dos especialistas <i>Assessores de Consci\u00eancia<\/i> podem incluir a utiliza\u00e7\u00e3o de um question\u00e1rio inicial, entrevistas e outros procedimentos que podem fornecer informa\u00e7\u00f5es valiosas para orientar e alinhar a presta\u00e7\u00e3o dos seus servi\u00e7os. Essas intera\u00e7\u00f5es fornecer\u00e3o informa\u00e7\u00f5es b\u00e1sicas sobre voc\u00ea e o ajudar\u00e3o a descobrir novas possibilidades para atingir seus objetivos na vida. Todas as informa\u00e7\u00f5es pessoais coletadas ser\u00e3o mantidas em sigilo de acordo com nossa <a href= \"\/privacy\/\"><u>Pol\u00edtica de Privacidade<\/u><\/a>, que faz parte deste contrato e deve ser revisado por voc\u00ea.<\/p>\r\n <\/li>\r\n\t\t\t\t<li>\r\n\t\t\t\t\tPol\u00edtica de Pagamento e Reembolso. Os pagamentos dever\u00e3o ser feitos antes do in\u00edcio de uma sess\u00e3o de <i>Assessoria de Consci\u00eancia<\/i>. Nenhum reembolso est\u00e1 dispon\u00edvel, a menos que seja especificamente mencionado. Para recomenda\u00e7\u00f5es que seu <i>Assessor de Consci\u00eancia<\/i> possa fazer em rela\u00e7\u00e3o aos programas TMC, consulte a pol\u00edtica de reembolso do servi\u00e7o espec\u00edfico que voc\u00ea usou. Se voc\u00ea deseja fornecer feedback sobre o seu <i>Assessor de Consci\u00eancia<\/i>, por favor envie-nos um e-mail. Voc\u00ea pode encontrar nossas informa\u00e7\u00f5es de contato <a href= \"\/contact\/\"><u>aqui.<\/u><\/a><\/p>\r\n\t\t\t\t<\/li>\r\n\t\t\t\t<li> Limita\u00e7\u00f5es de servi\u00e7o; Isen\u00e7\u00f5es de responsabilidade\r\n\t\t\t\t\t<style>\r\n  .sub-list-alpha {\r\n    list-style-type: upper-alpha;\r\n    padding-right: 3em; \/* extra indent for RTL *\/\r\n  }\r\n<\/style>\r\n                <ol class=\"sub-list-alpha\">\r\n\t\t\t\t\t\t<li>\r\n\t\t\t\t\t\t    \r\n\t\t\t Sem aconselhamento m\u00e9dico. Servi\u00e7os dos<i>Assessores de Consci\u00eancia<\/i> e dos Programas TMC recomendados pelos especialistas <i>Assessores de Consci\u00eancia<\/i> n\u00e3o s\u00e3o diagn\u00f3sticos ou tratamentos m\u00e9dicos e n\u00e3o substituem diagn\u00f3sticos ou tratamentos m\u00e9dicos profissionais. Procure sempre o conselho do seu m\u00e9dico ou de outros profissionais de sa\u00fade qualificados em rela\u00e7\u00e3o a qualquer condi\u00e7\u00e3o m\u00e9dica e nunca interrompa o tratamento m\u00e9dico sem consultar o seu m\u00e9dico.<\/li>\r\n                                        <li>SEM GARANTIAS. RESULTADOS ESPEC\u00cdFICOS DOS SERVI\u00c7OS DO <i>ASSESSOR DE CONSCI\u00caNCIA<\/i> E DOS PROGRAMAS MTC  N\u00c3O PODEM SER GARANTIDOS, POIS OS RESULTADOS INDIVIDUAIS PODEM VARIAR. A MAHARISHI FOUNDATION TECHNOLOGIES (MFT) TEM A INTEN\u00c7\u00c3O DE QUE AS INFORMA\u00c7\u00d5ES CONTIDAS NESTE SITE SEJAM PRECISAS E CONFI\u00c1VEIS. NO ENTANTO, PODEM OCORRER ERROS. PORTANTO, TODOS OS SERVI\u00c7OS S\u00c3O FORNECIDOS \u201cTAL COMO S\u00c3O\u201d. A MAHARISHI FOUNDATION TECHNOLOGIES (MFT) SE ISENTA DE QUALQUER GARANTIA DE QUALQUER TIPO, EXPRESSA OU IMPL\u00cdCITA, QUANTO A QUALQUER ASSUNTO RELACIONADO AOS SERVI\u00c7OS OU A ESTE SITE, INCLUINDO, SEM LIMITA\u00c7\u00c3O, SUA COMERCIALIZA\u00c7\u00c3O OU ADEQUA\u00c7\u00c3O A QUALQUER FIM ESPEC\u00cdFICO.<\/li> \r\n                                        <li>Depoimentos. Este site pode conter depoimentos de usu\u00e1rios sobre nossos produtos e\/ou servi\u00e7os, que refletem as experi\u00eancias da vida real de nossos usu\u00e1rios. Eles podem n\u00e3o ser representativos de todos os usu\u00e1rios de nossos produtos e\/ou servi\u00e7os. N\u00e3o afirmamos, e voc\u00ea n\u00e3o deve presumir, que todos os usu\u00e1rios ter\u00e3o as mesmas experi\u00eancias. Os resultados individuais podem variar.<\/li>\r\n                                        <li>Limita\u00e7\u00f5es de responsabilidade. Voc\u00ea reconhece que os servi\u00e7os do <i>Assessor de Consci\u00eancia<\/i> envolvem um processo que pode exigir orienta\u00e7\u00e3o, coaching, consultoria e <i>Educa\u00e7\u00e3o Baseada na Consci\u00eancia<\/i> em diversas \u00e1reas da vida. Voc\u00ea concorda que decidir como lidar com essas quest\u00f5es, incorporar as ideias de orienta\u00e7\u00e3o, coaching ou consultoria ou conhecimento baseado na consci\u00eancia nessas \u00e1reas da vida e implementar escolhas \u00e9 exclusivamente de sua responsabilidade e que a organiza\u00e7\u00e3o que oferece os servi\u00e7os de <i>Assessor de Consci\u00eancia<\/i> , ou seus especialistas em <i>Assessoria de Consci\u00eancia<\/i>, n\u00e3o ser\u00e3o respons\u00e1veis \u200b\u200bpor quaisquer consequ\u00eancias decorrentes de a\u00e7\u00f5es ou decis\u00f5es que voc\u00ea possa tomar como resultado de quaisquer servi\u00e7os do <i>Assessor de Consci\u00eancia<\/i> fornecidos a voc\u00ea.<\/li>\r\n                                        <li>Informa\u00e7\u00f5es. As informa\u00e7\u00f5es fornecidas neste site ou por qualquer especialista  <i>Assessor de Consci\u00eancia<\/i> s\u00e3o apenas para fins informativos e n\u00e3o devem ser consideradas aconselhamento financeiro, tribut\u00e1rio, jur\u00eddico ou m\u00e9dico..\r\n\t\t\t\t\t\t<\/li>\r\n\t\t\t\t\t<\/ol>\r\n\t\t\t\t<\/li>\r\n\t\t\t\t<li>\r\n\t\t\t\t\tCompensa\u00e7\u00e3o Financeira.  <i>Assessores de Consci\u00eancia<\/i> n\u00e3o s\u00e3o volunt\u00e1rios. Eles receberam meses de treinamento e passaram em testes de certifica\u00e7\u00e3o que representam um compromisso financeiro e de tempo significativo. Portanto, eles s\u00e3o compensados \u200b\u200bfinanceiramente pelo apoio, conhecimento e informa\u00e7\u00f5es b\u00e1sicas do Programa TMC que compartilhar\u00e3o durante as sess\u00f5es de <i>Assessoria de Consci\u00eancia<\/i> e por recomendar outros Programas TMC. A fim de facilitar os acordos financeiros entre a MFT, os Assessores de Consci\u00eancia e os fornecedores relacionados aos servi\u00e7os TMC que eles entregaram a voc\u00ea, a MFT pode coletar informa\u00e7\u00f5es sobre suas despesas de compra com nossos fornecedores TMC. Se desejar exercer o seu direito de acesso a tais informa\u00e7\u00f5es, de se opor ao seu processamento ou de apag\u00e1-las, entre em contato conosco pelo e-mail <a href=\"mailto:legal@oneconsciousness.org\"><u>legal@oneconsciousness.org<\/u><\/a>.<\/li>\r\n\t\t\t\t<li>\r\n\t\t\t\t\t<a href= \"\/privacy\/\"><u>Pol\u00edtica de Privacidade<\/u><\/a> - Por favor, revise nossa Pol\u00edtica de Privacidade em rela\u00e7\u00e3o \u00e0s informa\u00e7\u00f5es que coletaremos de voc\u00ea e usaremos como parte deste acordo.\t<\/li>\r\n\t\t\t\t<li>\r\n\t\t\t\t\t<a href= \"\/contact\/\"><u>Contato<\/u><\/a> - Por favor, envie-nos um e-mail com quaisquer d\u00favidas ou perguntas que voc\u00ea possa ter. <\/p>\r\n                               <\/div>                          \r\n                           <\/div>\t\t\t\t<\/div>\n\t\t\t\t<\/div>\n\t\t\t\t<div class=\"elementor-element elementor-element-9a07f88 elementor-widget elementor-widget-html\" data-id=\"9a07f88\" data-element_type=\"widget\" data-e-type=\"widget\" data-widget_type=\"html.default\">\n\t\t\t\t<div class=\"elementor-widget-container\">\n\t\t\t\t\t<a id=\"copyrights-and-trademarks\"><\/a>\n<div class = \"row terms\">\n    <div class = \"col-md-1\"><\/div>\n    <div class = \"col-md-10\">\n\t\t<h1 class=\"headingsection_404\">Direitos autorais e Marcas registradas<\/h1><br\/>\n        <h3>Condi\u00e7\u00f5es de Uso<\/h3>\n        <p class=\"text-left\">Todo o conte\u00fado e materiais deste site s\u00e3o protegidos pelas leis de direitos autorais dos Estados Unidos e\/ou de outros pa\u00edses e regi\u00f5es, sob licen\u00e7a ou com permiss\u00e3o. As marcas registradas, que identificam bens ou servi\u00e7os, na lista n\u00e3o exaustiva abaixo s\u00e3o de propriedade ou licenciadas pela Maharishi Foundation International (MFI) e s\u00e3o protegidas como marcas registradas ou n\u00e3o registradas em v\u00e1rios pa\u00edses do mundo. A aus\u00eancia de uma marca ou logotipo nesta lista n\u00e3o constitui uma ren\u00fancia \u00e0 MFI ou aos direitos autorais, marca registrada, marca de servi\u00e7o ou outros direitos de propriedade intelectual de seu licenciado relativos a esse nome ou logotipo..<\/p>\n        <p class=\"text-left\">\u00c9 concedida permiss\u00e3o, exclusivamente para seu uso pessoal e para fins n\u00e3o comerciais, para visualizar o(s) site(s) e para baixar, usar e imprimir c\u00f3pias dos materiais, desde que n\u00e3o sejam modificados e que todos os direitos autorais e outros avisos de propriedade sejam preservados. . A modifica\u00e7\u00e3o ou utiliza\u00e7\u00e3o dos materiais para qualquer outro fim constitui uma viola\u00e7\u00e3o dos direitos de autor e de outros direitos de propriedade. \u00c9 concedida permiss\u00e3o para usar os links Uniform Resource Locators (URL) de documentos que comp\u00f5em o site em outros documentos do site, desde que as informa\u00e7\u00f5es de direitos autorais, marca registrada e marca de servi\u00e7o sejam devidamente anotadas em tais sites. A permiss\u00e3o concedida aqui n\u00e3o inclui o direito de repassar o conte\u00fado em outros sites.<\/p>\n        <p class=\"text-left\">A Maharishi Foundation Technologies (MFT) tem a inten\u00e7\u00e3o de que as informa\u00e7\u00f5es contidas neste site sejam precisas e confi\u00e1veis. No entanto, podem ocorrer erros. Portanto, a MFT se isenta de qualquer garantia de qualquer tipo, expressa ou impl\u00edcita, quanto a qualquer assunto relacionado a este site, incluindo, sem limita\u00e7\u00e3o, sua comercializa\u00e7\u00e3o ou adequa\u00e7\u00e3o a qualquer prop\u00f3sito espec\u00edfico.<\/p>\n        <p class=\"text-left\">Perguntas sobre direitos autorais, marcas registradas, marcas de servi\u00e7o e outros direitos de propriedade intelectual que regem o conte\u00fado deste site devem ser direcionadas a Maharishi Foundation International, 1900 Capital Blvd., Fairfield, IA 52556, EUA, E-Mail: <a href=\"mailto:legal@maharishi.foundation\"><u>legal@maharishi.foundation<\/u><\/a>.<\/p>\n        <h3>Marcas Registradas<\/h3>\n        <p class=\"text-left\"><i>Medita\u00e7\u00e3o Transcendental, MT, MT-Sidhis, Tecnologias Maharishi da Consci\u00eancia, Sa\u00fade Integrada Maharishi, Tecnologias Avan\u00e7adas da Consci\u00eancia, Educa\u00e7\u00e3o Baseada na Consci\u00eancia, Jornada da Consci\u00eancia, Assessor de Consci\u00eancia, Palestra sobre Consci\u00eancia,<\/i> e<i> Sess\u00e3o de Consci\u00eancia<\/i> s\u00e3o protegidas como marcas registradas ou n\u00e3o registradas em v\u00e1rios pa\u00edses do mundo.<\/p>\n    <\/div>\n<\/div>\t\t\t\t<\/div>\n\t\t\t\t<\/div>\n\t\t\t\t\t<\/div>\n\t\t<\/div>\n\t\t\t\t<div class=\"elementor-column elementor-col-33 elementor-top-column elementor-element elementor-element-c24ca67\" data-id=\"c24ca67\" data-element_type=\"column\" data-e-type=\"column\">\n\t\t\t<div class=\"elementor-widget-wrap elementor-element-populated\">\n\t\t\t\t\t\t\t<\/div>\n\t\t<\/div>\n\t\t\t\t\t<\/div>\n\t\t<\/section>\n\t\t\t\t<\/div>\n\t\t","protected":false},"excerpt":{"rendered":"<p>Contrato de servi\u00e7os de consulta doAssessor de Consci\u00eancia*, isen\u00e7\u00e3o de responsabilidade, termos e condi\u00e7\u00f5es Os termos \u201cn\u00f3s\u201d, \u201cnos\u201d e \u201cnosso\u201d referem-se \u00e0 Maharishi Foundation Technologies (\u201cMFT\u201d), uma empresa de utilidade p\u00fablica de Delaware, com endere\u00e7o de contato 1900 Capital Blvd., Fairfield, Iowa 52556, Estados Unidos, representada por nossos Assessores de Consci\u00eancia certificados autorizados, que ir\u00e3o&hellip; <a class=\"more-link\" href=\"https:\/\/oneconsciousness.org\/pt-pt\/terms\/\">Continue a ler <span class=\"screen-reader-text\">terms &#038; conditions<\/span><\/a><\/p>\n","protected":false},"author":1,"featured_media":0,"parent":0,"menu_order":0,"comment_status":"closed","ping_status":"closed","template":"","meta":{"footnotes":""},"class_list":["post-2566","page","type-page","status-publish","hentry","entry"],"yoast_head":"<!-- This site is optimized with the Yoast SEO plugin v27.1.1 - https:\/\/yoast.com\/product\/yoast-seo-wordpress\/ -->\n<title>terms &amp; conditions - Consciousness Advisors<\/title>\n<meta name=\"robots\" content=\"index, follow, max-snippet:-1, max-image-preview:large, max-video-preview:-1\" \/>\n<link rel=\"canonical\" href=\"https:\/\/oneconsciousness.org\/pt-pt\/terms\/\" \/>\n<meta property=\"og:locale\" content=\"pt_PT\" \/>\n<meta property=\"og:type\" content=\"article\" \/>\n<meta property=\"og:title\" content=\"terms &amp; conditions - Consciousness Advisors\" \/>\n<meta property=\"og:description\" content=\"Contrato de servi\u00e7os de consulta doAssessor de Consci\u00eancia*, isen\u00e7\u00e3o de responsabilidade, termos e condi\u00e7\u00f5es Os termos \u201cn\u00f3s\u201d, \u201cnos\u201d e \u201cnosso\u201d referem-se \u00e0 Maharishi Foundation Technologies (\u201cMFT\u201d), uma empresa de utilidade p\u00fablica de Delaware, com endere\u00e7o de contato 1900 Capital Blvd., Fairfield, Iowa 52556, Estados Unidos, representada por nossos Assessores de Consci\u00eancia certificados autorizados, que ir\u00e3o&hellip; Continue a ler terms &#038; conditions\" \/>\n<meta property=\"og:url\" content=\"https:\/\/oneconsciousness.org\/pt-pt\/terms\/\" \/>\n<meta property=\"og:site_name\" content=\"Consciousness Advisors\" \/>\n<meta property=\"article:modified_time\" content=\"2025-07-11T13:01:56+00:00\" \/>\n<meta name=\"twitter:card\" content=\"summary_large_image\" \/>\n<meta name=\"twitter:label1\" content=\"Tempo estimado de leitura\" \/>\n\t<meta name=\"twitter:data1\" content=\"8 minutos\" \/>\n<script type=\"application\/ld+json\" class=\"yoast-schema-graph\">{\"@context\":\"https:\/\/schema.org\",\"@graph\":[{\"@type\":\"WebPage\",\"@id\":\"https:\/\/oneconsciousness.org\/pt-pt\/terms\/\",\"url\":\"https:\/\/oneconsciousness.org\/pt-pt\/terms\/\",\"name\":\"terms & conditions - Consciousness Advisors\",\"isPartOf\":{\"@id\":\"https:\/\/oneconsciousness.org\/pt-pt\/#website\"},\"datePublished\":\"2023-03-08T07:59:53+00:00\",\"dateModified\":\"2025-07-11T13:01:56+00:00\",\"breadcrumb\":{\"@id\":\"https:\/\/oneconsciousness.org\/pt-pt\/terms\/#breadcrumb\"},\"inLanguage\":\"pt-PT\",\"potentialAction\":[{\"@type\":\"ReadAction\",\"target\":[\"https:\/\/oneconsciousness.org\/pt-pt\/terms\/\"]}]},{\"@type\":\"BreadcrumbList\",\"@id\":\"https:\/\/oneconsciousness.org\/pt-pt\/terms\/#breadcrumb\",\"itemListElement\":[{\"@type\":\"ListItem\",\"position\":1,\"name\":\"In\u00edcio\",\"item\":\"https:\/\/oneconsciousness.org\/pt-pt\/\"},{\"@type\":\"ListItem\",\"position\":2,\"name\":\"terms &#038; conditions\"}]},{\"@type\":\"WebSite\",\"@id\":\"https:\/\/oneconsciousness.org\/pt-pt\/#website\",\"url\":\"https:\/\/oneconsciousness.org\/pt-pt\/\",\"name\":\"Consciousness Advisors\",\"description\":\"\",\"publisher\":{\"@id\":\"https:\/\/oneconsciousness.org\/pt-pt\/#organization\"},\"potentialAction\":[{\"@type\":\"SearchAction\",\"target\":{\"@type\":\"EntryPoint\",\"urlTemplate\":\"https:\/\/oneconsciousness.org\/pt-pt\/?s={search_term_string}\"},\"query-input\":{\"@type\":\"PropertyValueSpecification\",\"valueRequired\":true,\"valueName\":\"search_term_string\"}}],\"inLanguage\":\"pt-PT\"},{\"@type\":\"Organization\",\"@id\":\"https:\/\/oneconsciousness.org\/pt-pt\/#organization\",\"name\":\"Consciousness Advisors\",\"url\":\"https:\/\/oneconsciousness.org\/pt-pt\/\",\"logo\":{\"@type\":\"ImageObject\",\"inLanguage\":\"pt-PT\",\"@id\":\"https:\/\/oneconsciousness.org\/pt-pt\/#\/schema\/logo\/image\/\",\"url\":\"https:\/\/oneconsciousness.org\/pt-pt\/wp-content\/uploads\/sites\/33\/2023\/03\/CA_Session_shop_ph.png\",\"contentUrl\":\"https:\/\/oneconsciousness.org\/pt-pt\/wp-content\/uploads\/sites\/33\/2023\/03\/CA_Session_shop_ph.png\",\"width\":324,\"height\":214,\"caption\":\"Consciousness Advisors\"},\"image\":{\"@id\":\"https:\/\/oneconsciousness.org\/pt-pt\/#\/schema\/logo\/image\/\"}}]}<\/script>\n<!-- \/ Yoast SEO plugin. -->","yoast_head_json":{"title":"terms & conditions - Consciousness Advisors","robots":{"index":"index","follow":"follow","max-snippet":"max-snippet:-1","max-image-preview":"max-image-preview:large","max-video-preview":"max-video-preview:-1"},"canonical":"https:\/\/oneconsciousness.org\/pt-pt\/terms\/","og_locale":"pt_PT","og_type":"article","og_title":"terms & conditions - Consciousness Advisors","og_description":"Contrato de servi\u00e7os de consulta doAssessor de Consci\u00eancia*, isen\u00e7\u00e3o de responsabilidade, termos e condi\u00e7\u00f5es Os termos \u201cn\u00f3s\u201d, \u201cnos\u201d e \u201cnosso\u201d referem-se \u00e0 Maharishi Foundation Technologies (\u201cMFT\u201d), uma empresa de utilidade p\u00fablica de Delaware, com endere\u00e7o de contato 1900 Capital Blvd., Fairfield, Iowa 52556, Estados Unidos, representada por nossos Assessores de Consci\u00eancia certificados autorizados, que ir\u00e3o&hellip; Continue a ler terms &#038; conditions","og_url":"https:\/\/oneconsciousness.org\/pt-pt\/terms\/","og_site_name":"Consciousness Advisors","article_modified_time":"2025-07-11T13:01:56+00:00","twitter_card":"summary_large_image","twitter_misc":{"Tempo estimado de leitura":"8 minutos"},"schema":{"@context":"https:\/\/schema.org","@graph":[{"@type":"WebPage","@id":"https:\/\/oneconsciousness.org\/pt-pt\/terms\/","url":"https:\/\/oneconsciousness.org\/pt-pt\/terms\/","name":"terms & conditions - Consciousness Advisors","isPartOf":{"@id":"https:\/\/oneconsciousness.org\/pt-pt\/#website"},"datePublished":"2023-03-08T07:59:53+00:00","dateModified":"2025-07-11T13:01:56+00:00","breadcrumb":{"@id":"https:\/\/oneconsciousness.org\/pt-pt\/terms\/#breadcrumb"},"inLanguage":"pt-PT","potentialAction":[{"@type":"ReadAction","target":["https:\/\/oneconsciousness.org\/pt-pt\/terms\/"]}]},{"@type":"BreadcrumbList","@id":"https:\/\/oneconsciousness.org\/pt-pt\/terms\/#breadcrumb","itemListElement":[{"@type":"ListItem","position":1,"name":"In\u00edcio","item":"https:\/\/oneconsciousness.org\/pt-pt\/"},{"@type":"ListItem","position":2,"name":"terms &#038; conditions"}]},{"@type":"WebSite","@id":"https:\/\/oneconsciousness.org\/pt-pt\/#website","url":"https:\/\/oneconsciousness.org\/pt-pt\/","name":"Consciousness Advisors","description":"","publisher":{"@id":"https:\/\/oneconsciousness.org\/pt-pt\/#organization"},"potentialAction":[{"@type":"SearchAction","target":{"@type":"EntryPoint","urlTemplate":"https:\/\/oneconsciousness.org\/pt-pt\/?s={search_term_string}"},"query-input":{"@type":"PropertyValueSpecification","valueRequired":true,"valueName":"search_term_string"}}],"inLanguage":"pt-PT"},{"@type":"Organization","@id":"https:\/\/oneconsciousness.org\/pt-pt\/#organization","name":"Consciousness Advisors","url":"https:\/\/oneconsciousness.org\/pt-pt\/","logo":{"@type":"ImageObject","inLanguage":"pt-PT","@id":"https:\/\/oneconsciousness.org\/pt-pt\/#\/schema\/logo\/image\/","url":"https:\/\/oneconsciousness.org\/pt-pt\/wp-content\/uploads\/sites\/33\/2023\/03\/CA_Session_shop_ph.png","contentUrl":"https:\/\/oneconsciousness.org\/pt-pt\/wp-content\/uploads\/sites\/33\/2023\/03\/CA_Session_shop_ph.png","width":324,"height":214,"caption":"Consciousness Advisors"},"image":{"@id":"https:\/\/oneconsciousness.org\/pt-pt\/#\/schema\/logo\/image\/"}}]}},"_links":{"self":[{"href":"https:\/\/oneconsciousness.org\/pt-pt\/wp-json\/wp\/v2\/pages\/2566","targetHints":{"allow":["GET"]}}],"collection":[{"href":"https:\/\/oneconsciousness.org\/pt-pt\/wp-json\/wp\/v2\/pages"}],"about":[{"href":"https:\/\/oneconsciousness.org\/pt-pt\/wp-json\/wp\/v2\/types\/page"}],"author":[{"embeddable":true,"href":"https:\/\/oneconsciousness.org\/pt-pt\/wp-json\/wp\/v2\/users\/1"}],"replies":[{"embeddable":true,"href":"https:\/\/oneconsciousness.org\/pt-pt\/wp-json\/wp\/v2\/comments?post=2566"}],"version-history":[{"count":82,"href":"https:\/\/oneconsciousness.org\/pt-pt\/wp-json\/wp\/v2\/pages\/2566\/revisions"}],"predecessor-version":[{"id":4461,"href":"https:\/\/oneconsciousness.org\/pt-pt\/wp-json\/wp\/v2\/pages\/2566\/revisions\/4461"}],"wp:attachment":[{"href":"https:\/\/oneconsciousness.org\/pt-pt\/wp-json\/wp\/v2\/media?parent=2566"}],"curies":[{"name":"wp","href":"https:\/\/api.w.org\/{rel}","templated":true}]}}