{"id":2566,"date":"2023-03-08T07:59:53","date_gmt":"2023-03-08T07:59:53","guid":{"rendered":"https:\/\/oneconsciousness.org\/tr-tr\/terms-conditions\/"},"modified":"2025-07-11T16:52:03","modified_gmt":"2025-07-11T13:52:03","slug":"terms","status":"publish","type":"page","link":"https:\/\/oneconsciousness.org\/tr-tr\/terms\/","title":{"rendered":"terms &#038; conditions"},"content":{"rendered":"\t\t<div data-elementor-type=\"wp-page\" data-elementor-id=\"2566\" class=\"elementor elementor-2566\" data-elementor-post-type=\"page\">\n\t\t\t\t\t\t<section class=\"elementor-section elementor-top-section elementor-element elementor-element-56c0ad48 elementor-section-boxed elementor-section-height-default elementor-section-height-default\" data-id=\"56c0ad48\" data-element_type=\"section\" data-e-type=\"section\">\n\t\t\t\t\t\t<div class=\"elementor-container elementor-column-gap-default\">\n\t\t\t\t\t<div class=\"elementor-column elementor-col-100 elementor-top-column elementor-element elementor-element-7fd820a8\" data-id=\"7fd820a8\" data-element_type=\"column\" data-e-type=\"column\">\n\t\t\t<div class=\"elementor-widget-wrap elementor-element-populated\">\n\t\t\t\t\t\t<div class=\"elementor-element elementor-element-2a2450c9 elementor-widget elementor-widget-text-editor\" data-id=\"2a2450c9\" data-element_type=\"widget\" data-e-type=\"widget\" data-widget_type=\"text-editor.default\">\n\t\t\t\t<div class=\"elementor-widget-container\">\n\t\t\t\t\t\t\t\t\t<p><span style=\"vertical-align: inherit;\"><span style=\"vertical-align: inherit;\">\t\t<div data-elementor-type=\"wp-post\" data-elementor-id=\"23\" class=\"elementor elementor-23\" data-elementor-post-type=\"elementor-hf\">\n\t\t\t\t\t\t<section class=\"elementor-section elementor-top-section elementor-element elementor-element-0f4c5fe heading_section elementor-section-boxed elementor-section-height-default elementor-section-height-default\" data-id=\"0f4c5fe\" data-element_type=\"section\" data-e-type=\"section\">\n\t\t\t\t\t\t<div class=\"elementor-container elementor-column-gap-default\">\n\t\t\t\t\t<div class=\"elementor-column elementor-col-100 elementor-top-column elementor-element elementor-element-03651d9\" data-id=\"03651d9\" data-element_type=\"column\" data-e-type=\"column\">\n\t\t\t<div class=\"elementor-widget-wrap\">\n\t\t\t\t\t\t\t<\/div>\n\t\t<\/div>\n\t\t\t\t\t<\/div>\n\t\t<\/section>\n\t\t\t\t<\/div>\n\t\t<\/span><\/span><\/p>\t\t\t\t\t\t\t\t<\/div>\n\t\t\t\t<\/div>\n\t\t\t\t\t<\/div>\n\t\t<\/div>\n\t\t\t\t\t<\/div>\n\t\t<\/section>\n\t\t\t\t<section class=\"elementor-section elementor-top-section elementor-element elementor-element-1a5984c privacy_policy elementor-section-boxed elementor-section-height-default elementor-section-height-default\" data-id=\"1a5984c\" data-element_type=\"section\" data-e-type=\"section\">\n\t\t\t\t\t\t<div class=\"elementor-container elementor-column-gap-default\">\n\t\t\t\t\t<div class=\"elementor-column elementor-col-33 elementor-top-column elementor-element elementor-element-42b51b7f\" data-id=\"42b51b7f\" data-element_type=\"column\" data-e-type=\"column\">\n\t\t\t<div class=\"elementor-widget-wrap elementor-element-populated\">\n\t\t\t\t\t\t\t<\/div>\n\t\t<\/div>\n\t\t\t\t<div class=\"elementor-column elementor-col-33 elementor-top-column elementor-element elementor-element-72883ee6\" data-id=\"72883ee6\" data-element_type=\"column\" data-e-type=\"column\">\n\t\t\t<div class=\"elementor-widget-wrap elementor-element-populated\">\n\t\t\t\t\t\t<div class=\"elementor-element elementor-element-61db0475 elementor-widget elementor-widget-html\" data-id=\"61db0475\" data-element_type=\"widget\" data-e-type=\"widget\" data-widget_type=\"html.default\">\n\t\t\t\t<div class=\"elementor-widget-container\">\n\t\t\t\t\t<div class=\"row terms\">\r\n    <div class = \"col-md-1\"><\/div>\r\n        <div class = \"col-md-10\"><Br><h1 class=\"headingsection_404\">H\u00fck\u00fcmler ve ko\u015fullar<\/h1><br\/>\r\n        <p>A\u015fa\u011f\u0131daki h\u00fck\u00fcm ve ko\u015fullar, ikamet etti\u011finiz \u00fclkede hizmetler (the <b>\u201cHizmetler\u201d<\/b>) sunan, kay\u0131tl\u0131 adresi Y\u0131ld\u0131z Posta caddesi 30\/10,  Ayy\u0131ld\u0131z apt A Blok Daire 10, Gayrettepe \u0130stanbul olan Kibele ltd sti. (<b>\u201cHizmet Sa\u011flay\u0131c\u0131\u201d<\/b>) ile sizin aran\u0131zda bir s\u00f6zle\u015fme (<b>\u201cAnla\u015fma\u201d<\/b>) olu\u015fturur. L\u00fctfen Anla\u015fmay\u0131 dikkatlice okuyun.<\/p>\r\n        <p>\"Bu S\u00f6zle\u015fme, Hizmetleri kullan\u0131m\u0131n\u0131z\u0131 ve Hizmetleri nas\u0131l sat\u0131n alabilece\u011finizi,\r\nedinebilece\u011finizi, lisanslayabilece\u011finizi veya abone olabilece\u011finizi d\u00fczenler.\r\n\u201cBiz\u201d, \u201cbize\u201d ve \u201cbizim\u201d terimleri, size yetkili temsilciler arac\u0131l\u0131\u011f\u0131yla Hizmetleri sunan Hizmet Sa\u011flay\u0131c\u0131y\u0131 ifade eder. A\u015fa\u011f\u0131da, bu Hizmetlerle ilgili olarak sizinle yap\u0131lan S\u00f6zle\u015fmenin h\u00fck\u00fcm ve ko\u015fullar\u0131 belirtilmektedir.\r\n\"<\/p>\r\n      <p><b>H\u00fck\u00fcmler ve ko\u015fullar<\/b><\/p>\r\n      <p>\u015eartlar ve ko\u015fullar A\u015fa\u011f\u0131daki h\u00fck\u00fcm ve ko\u015fullar t\u00fcm Hizmetler i\u00e7in ge\u00e7erlidir.<\/p>\r\n        <ol class = \"text-left\">\r\n\t\t\t\t<li>\r\n\t\t\t\t  <b>Hizmetler:<\/b>     Baz\u0131 Hizmetler, hayat\u0131n\u0131zda bilincin** geli\u015fiminin temel rol\u00fc hakk\u0131nda derinlemesine d\u00fc\u015f\u00fcnmenizi sa\u011flamak i\u00e7in Bilin\u00e7 Temelli rehberlik, ko\u00e7luk ve dan\u0131\u015fmanl\u0131k i\u00e7erecektir . Bu s\u00fcre\u00e7te, ya\u015fam hedeflerinize ula\u015fmada ve doyum ve mutluluk i\u00e7inde ya\u015famada bilincin rol\u00fc hakk\u0131nda bilgi edineceksiniz. Bu s\u00fcrecin bir par\u00e7as\u0131 olarak, uzmanlar\u0131m\u0131z sizi bilin\u00e7le ilgili hedeflerinize ula\u015fman\u0131zda size yard\u0131mc\u0131 olaca\u011f\u0131na inand\u0131\u011f\u0131m\u0131z Hizmetlerle tan\u0131\u015ft\u0131racak ve bunlar\u0131 \u00f6nerecektir<\/p>\r\n              <p>** Bilin\u00e7, fark\u0131nda olma, bilin\u00e7li olma ve bilin\u00e7li oldu\u011fumuzun fark\u0131nda olma yetene\u011fidir. Bilin\u00e7 olmadan hi\u00e7bir \u015fey deneyimleyemezsiniz. <\/p>\r\n\t\t\t\t<\/li>\r\n\t\t\t\t<li>\r\n\t\t\t\t\t<b>Anketleou.<\/b> Bilin\u00e7le ilgili hedeflerinize ula\u015fman\u0131z ve ki\u015fisel tatmin elde etmeniz i\u00e7in stratejilerin geli\u015ftirilmesi ve uygulanmas\u0131na rehberlik etmek \u00fczere belirli Hizmetler sunarken, Hizmetlerinin sa\u011flanmas\u0131na rehberlik etmek ve odaklanmak i\u00e7in de\u011ferli bilgiler sa\u011flamak amac\u0131yla bir \u00f6n anket, g\u00f6r\u00fc\u015fmeler ve di\u011fer prosed\u00fcrleri kullanabiliriz. Bu etkile\u015fimler sizin hakk\u0131n\u0131zda temel bilgiler sa\u011flayacak ve hayat\u0131n\u0131zdaki hedeflerinize ula\u015fmak i\u00e7in yeni olas\u0131l\u0131klar ke\u015ffetmenize yard\u0131mc\u0131 olacakt\u0131r. Toplanan t\u00fcm ki\u015fisel bilgiler, bu s\u00f6zle\u015fmenin bir par\u00e7as\u0131 olan ve sizin taraf\u0131n\u0131zdan incelenmesi gereken Gizlilik Politikam\u0131za g\u00f6re gizli tutulacakt\u0131r.<\/p>\r\n <\/li>\r\n\t\t\t\t<li>\r\n\t\t\t\t\t<b>\u00d6deme ve \u0130ade Politikas\u0131.<\/b> \u00d6demeler Hizmet ba\u015flamadan \u00f6nce yap\u0131lmal\u0131d\u0131r. \u00d6zel olarak belirtilmedi\u011fi s\u00fcrece iade yap\u0131lmaz. Geri bildirim sa\u011flamak isterseniz l\u00fctfen bize buradan e-posta g\u00f6nderin.<\/p>\r\n\t\t\t\t<\/li><li><b>Tazminat.<\/b> Hizmet uzmanlar\u0131 g\u00f6n\u00fcll\u00fc de\u011fildir. Bu nedenle, sizinle payla\u015facaklar\u0131 destek, bilgi ve bilgiler i\u00e7in maddi olarak tazmin edilirler. Hizmet uzmanlar\u0131m\u0131z taraf\u0131ndan Hizmetlerimize ve programlar\u0131m\u0131za y\u00f6nlendirmeler yap\u0131lmas\u0131 durumunda, y\u00f6nlendirme \u00fccretleri alabilirler.<\/li>           \r\n\t\t\t\t<li> <b>Hizmet S\u0131n\u0131rlamalar\u0131; Sorumluluk Reddi<\/b>\r\n\t\t\t\t\t<style>\r\n  .sub-list-alpha {\r\n    list-style-type: upper-alpha;\r\n    padding-right: 3em; \/* extra indent for RTL *\/\r\n  }\r\n<\/style>\r\n                <ol class=\"sub-list-alpha\">\r\n\t\t\t\t\t\t<li> Hizmetleri ve i\u00e7eriklerini yaln\u0131zca ki\u015fisel, ticari olmayan ama\u00e7larla kullanabilirsiniz.<\/li>\r\n                                        <li> Hizmetlerimiz ve i\u00e7eriklerimiz size herhangi bir ticari veya tan\u0131t\u0131m ama\u00e7l\u0131 kullan\u0131m hakk\u0131 devretmez ve telif hakk\u0131 sahiplerinin veya ticari marka sahiplerinin herhangi bir hakk\u0131n\u0131n verildi\u011fi veya feragat edildi\u011fi anlam\u0131na gelmez.<\/li> \r\n                                        <li>Hizmetlerin herhangi bir b\u00f6l\u00fcm\u00fcn\u00fc veya i\u00e7eri\u011fini kopyalamak i\u00e7in herhangi bir i\u015flem kullanamazs\u0131n\u0131z, aksi takdirde bunu yapmak i\u00e7in a\u00e7\u0131k\u00e7a yetkilendirileceksiniz ve bunu yaln\u0131zca ki\u015fisel kullan\u0131m\u0131n\u0131z i\u00e7in yapabilirsiniz. Ayr\u0131ca, Hizmetlere dahil olan herhangi bir g\u00fcvenlik teknolojisini bozmamay\u0131 veya engellememeyi de kabul ediyorsunuz.<\/li>\r\n                                        <li> T\u0131bbi Tavsiye Yok. Hizmetlerin bir par\u00e7as\u0131 olarak size sunulan ve \u00f6nerilen programlar ve bilgiler t\u0131bbi te\u015fhis veya tedavi de\u011fildir ve profesyonel t\u0131bbi te\u015fhis veya tedavilerin yerine ge\u00e7mez. Herhangi bir t\u0131bbi durumla ilgili olarak daima doktorunuza veya di\u011fer kalifiye sa\u011fl\u0131k hizmeti sa\u011flay\u0131c\u0131lar\u0131na dan\u0131\u015f\u0131n ve doktorunuza dan\u0131\u015fmadan t\u0131bbi tedaviyi asla b\u0131rakmay\u0131n.<\/li>\r\n                                        <li>GARANT\u0130 VEYA TEM\u0130NAT YOKTUR. HERHANG\u0130 B\u0130R H\u0130ZMETTEN ELDE ED\u0130LEN \u00d6ZEL SONU\u00c7LAR GARANT\u0130 ED\u0130LEMEZ, \u00c7\u00dcNK\u00dc B\u0130REYSEL SONU\u00c7LAR DE\u011e\u0130\u015eEB\u0130L\u0130R. BU WEB S\u0130TES\u0130NDE VE H\u0130ZMETLERDE YER ALAN B\u0130LG\u0130LER\u0130N DO\u011eRU VE G\u00dcVEN\u0130L\u0130R OLMASINI AMA\u00c7LIYORUZ. ANCAK HATALAR OLAB\u0130L\u0130R. BU NEDENLE, T\u00dcM H\u0130ZMETLER  ;(OLDU\u011eU G\u0130B\u0130); SA\u011eLANIR. H\u0130ZMET SA\u011eLAYICI, H\u0130ZMETLERLE VEYA BU WEB S\u0130TES\u0130YLE \u0130LG\u0130L\u0130 HERHANG\u0130 B\u0130R KONUDA, SATILAB\u0130L\u0130RL\u0130\u011e\u0130 VEYA HERHANG\u0130 B\u0130R BEL\u0130RL\u0130 AMACA UYGUNLU\u011eU DAH\u0130L, ANCAK BUNLARLA SINIRLI OLMAMAK \u00dcZERE, A\u00c7IK\u00c7A BEL\u0130RT\u0130LM\u0130\u015e VEYA \u0130MA ED\u0130LM\u0130\u015e HERHANG\u0130 B\u0130R GARANT\u0130Y\u0130 REDDEDER.\r\n\t\t\t\t\t\t<\/li><li>Referanslar. Bu site, kullan\u0131c\u0131lar\u0131n ger\u00e7ek ya\u015fam deneyimlerini yans\u0131tan Hizmetlerin ve\/veya \u00fcr\u00fcnlerin kullan\u0131c\u0131lar\u0131n\u0131n referanslar\u0131n\u0131 i\u00e7erebilir. Bunlar Hizmetlerimizin ve\/veya \u00fcr\u00fcnlerimizin t\u00fcm kullan\u0131c\u0131lar\u0131n\u0131 temsil etmeyebilir. T\u00fcm kullan\u0131c\u0131lar\u0131n veya sizin ayn\u0131 deneyimleri ya\u015fayaca\u011f\u0131n\u0131z\u0131 iddia etmiyoruz ve siz de bunu beklememelisiniz, \u00e7\u00fcnk\u00fc bireysel sonu\u00e7lar farkl\u0131l\u0131k g\u00f6sterebilir.<\/li>\r\n\t\t\t<li>Sorumluluk S\u0131n\u0131rlamalar\u0131. Hizmetlerin, hayat\u0131n\u0131z\u0131n \u00e7e\u015fitli alanlar\u0131nda rehberlik, ko\u00e7luk, dan\u0131\u015fmanl\u0131k ve Bilin\u00e7 Tabanl\u0131 programlar\u0131n kullan\u0131m\u0131n\u0131 i\u00e7erebilecek s\u00fcre\u00e7leri i\u00e7erdi\u011fini kabul ediyorsunuz. Bu sorunlar\u0131 nas\u0131l ele alaca\u011f\u0131n\u0131za karar vermenin, rehberli\u011fi, ko\u00e7lu\u011fu veya dan\u0131\u015fmanl\u0131k fikirlerini veya bilin\u00e7 tabanl\u0131 bilgiyi hayat\u0131n\u0131z\u0131n bu alanlar\u0131na dahil etmenin ve se\u00e7imleri uygulaman\u0131n yaln\u0131zca sizin sorumlulu\u011funuzda oldu\u011funu ve Hizmetleri sunan uzmanlar\u0131n ve Hizmetleri veren  uzmanlar\u0131n, size sa\u011flanan herhangi bir rehberlik, ko\u00e7luk, dan\u0131\u015fmanl\u0131k ve\/veya Hizmet sonucunda yapaca\u011f\u0131n\u0131z eylemlerden veya kararlardan kaynaklanan herhangi bir sonu\u00e7tan sorumlu olmayaca\u011f\u0131n\u0131 kabul ediyorsunuz.\t<\/li>\t\t\t<li>Bilgi. Bu web sitesinde veya herhangi bir Hizmet  uzman\u0131 taraf\u0131ndan sa\u011flanan bilgiler yaln\u0131zca bilgilendirme ama\u00e7l\u0131d\u0131r ve finansal, vergisel, yasal veya t\u0131bbi tavsiye olarak de\u011ferlendirilmemelidir.\t<\/li><\/ol>\r\n\t\t\t\t<\/li>\r\n\t\t\t\t<li>\r\n\t\t\t\t\t<b>Gizlilik.<\/b> Hizmetlerinizin bir par\u00e7as\u0131 olarak, \u00f6\u011frendi klerinizi yans\u0131tmak ve payla\u015fmak i\u00e7in di\u011fer program kat\u0131l\u0131mc\u0131lar\u0131yla ba\u011flant\u0131 kurabilir ve etkile\u015fimde bulunabilirsiniz. Di\u011fer program kat\u0131l\u0131mc\u0131lar\u0131 bu t\u00fcr tart\u0131\u015fmalar s\u0131ras\u0131nda sizinle ki\u015fisel bilgiler payla\u015fabilir. Bu bilgileri kesinlikle gizli tutmay\u0131 kabul ediyorsunuz.<\/li>\r\n\t\t\t\t<li>\r\n\t\t\t\t\t<a href= \"\/privacy\/\"><u><b>Gizlilik Politikas\u0131.<\/b><\/u><\/a> - L\u00fctfen sizden toplayaca\u011f\u0131m\u0131z ve bu s\u00f6zle\u015fmenin bir par\u00e7as\u0131 olarak kullanaca\u011f\u0131m\u0131z bilgilerle ilgili Gizlilik Politikam\u0131z\u0131 inceleyin.<\/li>\r\n\t\t\t\t<li>\r\n\t\t\t\t\t<b>Bizimle ileti\u015fime ge\u00e7in.<\/b> - Herhangi bir soru veya sorgu i\u00e7in l\u00fctfen bize e-posta\r\ng\u00f6nderin, <a href= \"\/contact\/\"><u><b>l\u00fctfen bize buradan e-posta g\u00f6nderin.<\/b><\/u><\/a><\/p>\r\n                               <\/div>                          \r\n                           <\/div>\t\t\t\t<\/div>\n\t\t\t\t<\/div>\n\t\t\t\t<div class=\"elementor-element elementor-element-9a07f88 elementor-widget elementor-widget-html\" data-id=\"9a07f88\" data-element_type=\"widget\" data-e-type=\"widget\" data-widget_type=\"html.default\">\n\t\t\t\t<div class=\"elementor-widget-container\">\n\t\t\t\t\t<a id=\"copyrights-and-trademarks\"><\/a>\n<div class = \"row terms\">\n    <div class = \"col-md-1\"><\/div>\n    <div class = \"col-md-10\">\n\t\t<h1 class=\"headingsection_404\">Telif Haklar\u0131 ve Ticari Markalar<\/h1><br\/>\n        <h3>Kullan\u0131m \u015eartlar\u0131<\/h3>\n        <p class=\"text-left\">Bu web sitesindeki t\u00fcm i\u00e7erik ve materyeller, lisans alt\u0131nda veya izinle, Amerika Birle\u015fik Devletleri ve\/veya di\u011fer \u00fclke ve b\u00f6lgelerin telif hakk\u0131 yasalar\u0131 taraf\u0131ndan korunmaktad\u0131r. A\u015fa\u011f\u0131daki kapsaml\u0131 olmayan listedeki ticari markalar ve hizmet markalar\u0131, Maharishi Foundation Technologies (MFT) taraf\u0131ndan izin al\u0131narak kullan\u0131lmaktad\u0131r ve d\u00fcnya \u00e7ap\u0131nda \u00e7e\u015fitli \u00fclkelerde tescilli veya tescilsiz ticari markalar olarak korunmaktad\u0131r. Bu listede bir markan\u0131n veya logonun bulunmamas\u0131, MFT'nin veya lisans verenlerinin s\u00f6z konusu isim veya logo ile ilgili telif hakk\u0131, ticari marka, hizmet markas\u0131 veya di\u011fer fikri m\u00fclkiyet haklar\u0131ndan feragat edildi\u011fi anlam\u0131na gelmez. <\/p>\n        <p class=\"text-left\">\u0130zin, yaln\u0131zca ticari olmayan ama\u00e7larla web sitesini\/sitelerini g\u00f6r\u00fcnt\u00fclemeniz ve materyelleri indirmeniz, kullanman\u0131z ve yazd\u0131rman\u0131z i\u00e7in ki\u015fisel kullan\u0131m\u0131n\u0131z i\u00e7in verilmi\u015ftir; ancak bunlar\u0131n de\u011fi\u015ftirilmemesi ve t\u00fcm telif hakk\u0131 ve di\u011fer m\u00fclkiyet bildirimlerinin korunmas\u0131 gerekir. Materyellerin herhangi bir ba\u015fka ama\u00e7la de\u011fi\u015ftirilmesi veya kullan\u0131lmas\u0131 telif hakk\u0131 ve di\u011fer m\u00fclkiyet haklar\u0131n\u0131n ihlalidir.\nTelif hakk\u0131, ticari marka ve hizmet markas\u0131 bilgilerinin bu sitelerde uygun \u015fekilde belirtilmesi ko\u015fuluyla, web sitesindeki belgelere ve harici web sitesi belgelerine Tekd\u00fczen Kaynak Bulucular (URL) ba\u011flant\u0131lar\u0131n\u0131 kullanma izni verilmi\u015ftir. Burada verilen izin, i\u00e7eri\u011fi di\u011fer web sitelerinde yeniden yay\u0131nlama hakk\u0131n\u0131 i\u00e7ermez.<\/p>\n <p class=\"text-left\">Bu web sitesinin i\u00e7eri\u011fini y\u00f6neten telif haklar\u0131, ticari markalar, hizmet markalar\u0131 ve di\u011fer fikri m\u00fclkiyet haklar\u0131yla ilgili sorular Maharishi Foundation Technologies, PO Box 624, Fairfield, IA 52556, ABD adresine, E-posta: <a href=\"mailto:legal@maharishi.foundation\"><u>legal@maharishi.foundation<\/u><\/a> adresine y\u00f6nlendirilmelidir.<\/p> \n                             <h3>Ticari Markalar ve Hizmet Markalar\u0131\n<\/h3>\n        <p class=\"text-left\"><i>Transandantal Meditasyon, TM, TM-Sidhi, Maharishi, Maharishi Bilin\u00e7\nTeknolojileri, Maharishi B\u00fct\u00fcnle\u015fik Sa\u011fl\u0131k, Bilincin \u0130leri Teknolojileri, Bilin\u00e7\nTemelli, Bilin\u00e7 Yolculu\u011fu, Bilin\u00e7 Dan\u0131\u015fman\u0131, Bilin\u00e7 Konu\u015fmas\u0131 ve Bilin\u00e7 Seans\u0131.<\/p>\n    <\/div>\n<\/div>\t\t\t\t<\/div>\n\t\t\t\t<\/div>\n\t\t\t\t\t<\/div>\n\t\t<\/div>\n\t\t\t\t<div class=\"elementor-column elementor-col-33 elementor-top-column elementor-element elementor-element-c24ca67\" data-id=\"c24ca67\" data-element_type=\"column\" data-e-type=\"column\">\n\t\t\t<div class=\"elementor-widget-wrap elementor-element-populated\">\n\t\t\t\t\t\t\t<\/div>\n\t\t<\/div>\n\t\t\t\t\t<\/div>\n\t\t<\/section>\n\t\t\t\t<\/div>\n\t\t","protected":false},"excerpt":{"rendered":"<p>H\u00fck\u00fcmler ve ko\u015fullar A\u015fa\u011f\u0131daki h\u00fck\u00fcm ve ko\u015fullar, ikamet etti\u011finiz \u00fclkede hizmetler (the \u201cHizmetler\u201d) sunan, kay\u0131tl\u0131 adresi Y\u0131ld\u0131z Posta caddesi 30\/10, Ayy\u0131ld\u0131z apt A Blok Daire 10, Gayrettepe \u0130stanbul olan Kibele ltd sti. (\u201cHizmet Sa\u011flay\u0131c\u0131\u201d) ile sizin aran\u0131zda bir s\u00f6zle\u015fme (\u201cAnla\u015fma\u201d) olu\u015fturur. L\u00fctfen Anla\u015fmay\u0131 dikkatlice okuyun. &#8220;Bu S\u00f6zle\u015fme, Hizmetleri kullan\u0131m\u0131n\u0131z\u0131 ve Hizmetleri nas\u0131l sat\u0131n alabilece\u011finizi, edinebilece\u011finizi,&hellip; <a class=\"more-link\" href=\"https:\/\/oneconsciousness.org\/tr-tr\/terms\/\">Okumaya devam et <span class=\"screen-reader-text\">terms &#038; conditions<\/span><\/a><\/p>\n","protected":false},"author":1,"featured_media":0,"parent":0,"menu_order":0,"comment_status":"closed","ping_status":"closed","template":"","meta":{"footnotes":""},"class_list":["post-2566","page","type-page","status-publish","hentry","entry"],"yoast_head":"<!-- This site is optimized with the Yoast SEO plugin v27.1.1 - https:\/\/yoast.com\/product\/yoast-seo-wordpress\/ -->\n<title>terms &amp; conditions - Consciousness Advisors<\/title>\n<meta name=\"robots\" content=\"index, follow, max-snippet:-1, max-image-preview:large, max-video-preview:-1\" \/>\n<link rel=\"canonical\" href=\"https:\/\/oneconsciousness.org\/tr-tr\/terms\/\" \/>\n<meta property=\"og:locale\" content=\"tr_TR\" \/>\n<meta property=\"og:type\" content=\"article\" \/>\n<meta property=\"og:title\" content=\"terms &amp; conditions - Consciousness Advisors\" \/>\n<meta property=\"og:description\" content=\"H\u00fck\u00fcmler ve ko\u015fullar A\u015fa\u011f\u0131daki h\u00fck\u00fcm ve ko\u015fullar, ikamet etti\u011finiz \u00fclkede hizmetler (the \u201cHizmetler\u201d) sunan, kay\u0131tl\u0131 adresi Y\u0131ld\u0131z Posta caddesi 30\/10, Ayy\u0131ld\u0131z apt A Blok Daire 10, Gayrettepe \u0130stanbul olan Kibele ltd sti. (\u201cHizmet Sa\u011flay\u0131c\u0131\u201d) ile sizin aran\u0131zda bir s\u00f6zle\u015fme (\u201cAnla\u015fma\u201d) olu\u015fturur. L\u00fctfen Anla\u015fmay\u0131 dikkatlice okuyun. &#8220;Bu S\u00f6zle\u015fme, Hizmetleri kullan\u0131m\u0131n\u0131z\u0131 ve Hizmetleri nas\u0131l sat\u0131n alabilece\u011finizi, edinebilece\u011finizi,&hellip; Okumaya devam et terms &#038; conditions\" \/>\n<meta property=\"og:url\" content=\"https:\/\/oneconsciousness.org\/tr-tr\/terms\/\" \/>\n<meta property=\"og:site_name\" content=\"Consciousness Advisors\" \/>\n<meta property=\"article:modified_time\" content=\"2025-07-11T13:52:03+00:00\" \/>\n<meta name=\"twitter:card\" content=\"summary_large_image\" \/>\n<meta name=\"twitter:label1\" content=\"Tahmini okuma s\u00fcresi\" \/>\n\t<meta name=\"twitter:data1\" content=\"6 dakika\" \/>\n<script type=\"application\/ld+json\" class=\"yoast-schema-graph\">{\"@context\":\"https:\/\/schema.org\",\"@graph\":[{\"@type\":\"WebPage\",\"@id\":\"https:\/\/oneconsciousness.org\/tr-tr\/terms\/\",\"url\":\"https:\/\/oneconsciousness.org\/tr-tr\/terms\/\",\"name\":\"terms & conditions - Consciousness Advisors\",\"isPartOf\":{\"@id\":\"https:\/\/oneconsciousness.org\/tr-tr\/#website\"},\"datePublished\":\"2023-03-08T07:59:53+00:00\",\"dateModified\":\"2025-07-11T13:52:03+00:00\",\"breadcrumb\":{\"@id\":\"https:\/\/oneconsciousness.org\/tr-tr\/terms\/#breadcrumb\"},\"inLanguage\":\"tr\",\"potentialAction\":[{\"@type\":\"ReadAction\",\"target\":[\"https:\/\/oneconsciousness.org\/tr-tr\/terms\/\"]}]},{\"@type\":\"BreadcrumbList\",\"@id\":\"https:\/\/oneconsciousness.org\/tr-tr\/terms\/#breadcrumb\",\"itemListElement\":[{\"@type\":\"ListItem\",\"position\":1,\"name\":\"Anasayfa\",\"item\":\"https:\/\/oneconsciousness.org\/tr-tr\/\"},{\"@type\":\"ListItem\",\"position\":2,\"name\":\"terms &#038; conditions\"}]},{\"@type\":\"WebSite\",\"@id\":\"https:\/\/oneconsciousness.org\/tr-tr\/#website\",\"url\":\"https:\/\/oneconsciousness.org\/tr-tr\/\",\"name\":\"Consciousness Advisors\",\"description\":\"Consciousness Advisors\",\"publisher\":{\"@id\":\"https:\/\/oneconsciousness.org\/tr-tr\/#organization\"},\"potentialAction\":[{\"@type\":\"SearchAction\",\"target\":{\"@type\":\"EntryPoint\",\"urlTemplate\":\"https:\/\/oneconsciousness.org\/tr-tr\/?s={search_term_string}\"},\"query-input\":{\"@type\":\"PropertyValueSpecification\",\"valueRequired\":true,\"valueName\":\"search_term_string\"}}],\"inLanguage\":\"tr\"},{\"@type\":\"Organization\",\"@id\":\"https:\/\/oneconsciousness.org\/tr-tr\/#organization\",\"name\":\"Consciousness Advisors\",\"url\":\"https:\/\/oneconsciousness.org\/tr-tr\/\",\"logo\":{\"@type\":\"ImageObject\",\"inLanguage\":\"tr\",\"@id\":\"https:\/\/oneconsciousness.org\/tr-tr\/#\/schema\/logo\/image\/\",\"url\":\"https:\/\/oneconsciousness.org\/tr-tr\/wp-content\/uploads\/sites\/39\/2023\/03\/CA_Session_shop_ph.png\",\"contentUrl\":\"https:\/\/oneconsciousness.org\/tr-tr\/wp-content\/uploads\/sites\/39\/2023\/03\/CA_Session_shop_ph.png\",\"width\":324,\"height\":214,\"caption\":\"Consciousness Advisors\"},\"image\":{\"@id\":\"https:\/\/oneconsciousness.org\/tr-tr\/#\/schema\/logo\/image\/\"}}]}<\/script>\n<!-- \/ Yoast SEO plugin. -->","yoast_head_json":{"title":"terms & conditions - Consciousness Advisors","robots":{"index":"index","follow":"follow","max-snippet":"max-snippet:-1","max-image-preview":"max-image-preview:large","max-video-preview":"max-video-preview:-1"},"canonical":"https:\/\/oneconsciousness.org\/tr-tr\/terms\/","og_locale":"tr_TR","og_type":"article","og_title":"terms & conditions - Consciousness Advisors","og_description":"H\u00fck\u00fcmler ve ko\u015fullar A\u015fa\u011f\u0131daki h\u00fck\u00fcm ve ko\u015fullar, ikamet etti\u011finiz \u00fclkede hizmetler (the \u201cHizmetler\u201d) sunan, kay\u0131tl\u0131 adresi Y\u0131ld\u0131z Posta caddesi 30\/10, Ayy\u0131ld\u0131z apt A Blok Daire 10, Gayrettepe \u0130stanbul olan Kibele ltd sti. (\u201cHizmet Sa\u011flay\u0131c\u0131\u201d) ile sizin aran\u0131zda bir s\u00f6zle\u015fme (\u201cAnla\u015fma\u201d) olu\u015fturur. L\u00fctfen Anla\u015fmay\u0131 dikkatlice okuyun. &#8220;Bu S\u00f6zle\u015fme, Hizmetleri kullan\u0131m\u0131n\u0131z\u0131 ve Hizmetleri nas\u0131l sat\u0131n alabilece\u011finizi, edinebilece\u011finizi,&hellip; Okumaya devam et terms &#038; conditions","og_url":"https:\/\/oneconsciousness.org\/tr-tr\/terms\/","og_site_name":"Consciousness Advisors","article_modified_time":"2025-07-11T13:52:03+00:00","twitter_card":"summary_large_image","twitter_misc":{"Tahmini okuma s\u00fcresi":"6 dakika"},"schema":{"@context":"https:\/\/schema.org","@graph":[{"@type":"WebPage","@id":"https:\/\/oneconsciousness.org\/tr-tr\/terms\/","url":"https:\/\/oneconsciousness.org\/tr-tr\/terms\/","name":"terms & conditions - Consciousness Advisors","isPartOf":{"@id":"https:\/\/oneconsciousness.org\/tr-tr\/#website"},"datePublished":"2023-03-08T07:59:53+00:00","dateModified":"2025-07-11T13:52:03+00:00","breadcrumb":{"@id":"https:\/\/oneconsciousness.org\/tr-tr\/terms\/#breadcrumb"},"inLanguage":"tr","potentialAction":[{"@type":"ReadAction","target":["https:\/\/oneconsciousness.org\/tr-tr\/terms\/"]}]},{"@type":"BreadcrumbList","@id":"https:\/\/oneconsciousness.org\/tr-tr\/terms\/#breadcrumb","itemListElement":[{"@type":"ListItem","position":1,"name":"Anasayfa","item":"https:\/\/oneconsciousness.org\/tr-tr\/"},{"@type":"ListItem","position":2,"name":"terms &#038; conditions"}]},{"@type":"WebSite","@id":"https:\/\/oneconsciousness.org\/tr-tr\/#website","url":"https:\/\/oneconsciousness.org\/tr-tr\/","name":"Consciousness Advisors","description":"Consciousness Advisors","publisher":{"@id":"https:\/\/oneconsciousness.org\/tr-tr\/#organization"},"potentialAction":[{"@type":"SearchAction","target":{"@type":"EntryPoint","urlTemplate":"https:\/\/oneconsciousness.org\/tr-tr\/?s={search_term_string}"},"query-input":{"@type":"PropertyValueSpecification","valueRequired":true,"valueName":"search_term_string"}}],"inLanguage":"tr"},{"@type":"Organization","@id":"https:\/\/oneconsciousness.org\/tr-tr\/#organization","name":"Consciousness Advisors","url":"https:\/\/oneconsciousness.org\/tr-tr\/","logo":{"@type":"ImageObject","inLanguage":"tr","@id":"https:\/\/oneconsciousness.org\/tr-tr\/#\/schema\/logo\/image\/","url":"https:\/\/oneconsciousness.org\/tr-tr\/wp-content\/uploads\/sites\/39\/2023\/03\/CA_Session_shop_ph.png","contentUrl":"https:\/\/oneconsciousness.org\/tr-tr\/wp-content\/uploads\/sites\/39\/2023\/03\/CA_Session_shop_ph.png","width":324,"height":214,"caption":"Consciousness Advisors"},"image":{"@id":"https:\/\/oneconsciousness.org\/tr-tr\/#\/schema\/logo\/image\/"}}]}},"_links":{"self":[{"href":"https:\/\/oneconsciousness.org\/tr-tr\/wp-json\/wp\/v2\/pages\/2566","targetHints":{"allow":["GET"]}}],"collection":[{"href":"https:\/\/oneconsciousness.org\/tr-tr\/wp-json\/wp\/v2\/pages"}],"about":[{"href":"https:\/\/oneconsciousness.org\/tr-tr\/wp-json\/wp\/v2\/types\/page"}],"author":[{"embeddable":true,"href":"https:\/\/oneconsciousness.org\/tr-tr\/wp-json\/wp\/v2\/users\/1"}],"replies":[{"embeddable":true,"href":"https:\/\/oneconsciousness.org\/tr-tr\/wp-json\/wp\/v2\/comments?post=2566"}],"version-history":[{"count":64,"href":"https:\/\/oneconsciousness.org\/tr-tr\/wp-json\/wp\/v2\/pages\/2566\/revisions"}],"predecessor-version":[{"id":4757,"href":"https:\/\/oneconsciousness.org\/tr-tr\/wp-json\/wp\/v2\/pages\/2566\/revisions\/4757"}],"wp:attachment":[{"href":"https:\/\/oneconsciousness.org\/tr-tr\/wp-json\/wp\/v2\/media?parent=2566"}],"curies":[{"name":"wp","href":"https:\/\/api.w.org\/{rel}","templated":true}]}}