{"id":2569,"date":"2023-03-08T07:59:53","date_gmt":"2023-03-08T07:59:53","guid":{"rendered":"https:\/\/oneconsciousness.org\/tr-tr\/contact\/"},"modified":"2026-03-17T05:27:08","modified_gmt":"2026-03-17T02:27:08","slug":"contact","status":"publish","type":"page","link":"https:\/\/oneconsciousness.org\/tr-tr\/contact\/","title":{"rendered":"contact"},"content":{"rendered":"\t\t<div data-elementor-type=\"wp-page\" data-elementor-id=\"2569\" class=\"elementor elementor-2569\" data-elementor-post-type=\"page\">\n\t\t\t\t\t\t<section class=\"elementor-section elementor-top-section elementor-element elementor-element-71fcd239 elementor-section-full_width elementor-section-height-default elementor-section-height-default\" data-id=\"71fcd239\" data-element_type=\"section\" data-e-type=\"section\">\n\t\t\t\t\t\t<div class=\"elementor-container elementor-column-gap-default\">\n\t\t\t\t\t<div class=\"elementor-column elementor-col-100 elementor-top-column elementor-element elementor-element-7be24ed8\" data-id=\"7be24ed8\" data-element_type=\"column\" data-e-type=\"column\">\n\t\t\t<div class=\"elementor-widget-wrap elementor-element-populated\">\n\t\t\t\t\t\t<div class=\"elementor-element elementor-element-585815df elementor-widget elementor-widget-text-editor\" data-id=\"585815df\" data-element_type=\"widget\" data-e-type=\"widget\" data-widget_type=\"text-editor.default\">\n\t\t\t\t<div class=\"elementor-widget-container\">\n\t\t\t\t\t\t\t\t\t<p><span style=\"vertical-align: inherit\"><span style=\"vertical-align: inherit\">\t\t<div data-elementor-type=\"wp-post\" data-elementor-id=\"24\" class=\"elementor elementor-24\" data-elementor-post-type=\"elementor-hf\">\n\t\t\t\t\t\t<section class=\"elementor-section elementor-top-section elementor-element elementor-element-60255c9 navbar_header elementor-section-boxed elementor-section-height-default elementor-section-height-default\" data-id=\"60255c9\" data-element_type=\"section\" data-e-type=\"section\">\n\t\t\t\t\t\t<div class=\"elementor-container elementor-column-gap-default\">\n\t\t\t\t\t<div class=\"elementor-column elementor-col-100 elementor-top-column elementor-element elementor-element-9207126\" data-id=\"9207126\" data-element_type=\"column\" data-e-type=\"column\">\n\t\t\t<div class=\"elementor-widget-wrap\">\n\t\t\t\t\t\t\t<\/div>\n\t\t<\/div>\n\t\t\t\t\t<\/div>\n\t\t<\/section>\n\t\t\t\t<\/div>\n\t\t<\/span><\/span><\/p>\t\t\t\t\t\t\t\t<\/div>\n\t\t\t\t<\/div>\n\t\t\t\t\t<\/div>\n\t\t<\/div>\n\t\t\t\t\t<\/div>\n\t\t<\/section>\n\t\t\t\t<section class=\"elementor-section elementor-top-section elementor-element elementor-element-5f8d89ed elementor-section-full_width anotherpage elementor-section-height-default elementor-section-height-default\" data-id=\"5f8d89ed\" data-element_type=\"section\" data-e-type=\"section\">\n\t\t\t\t\t\t<div class=\"elementor-container elementor-column-gap-default\">\n\t\t\t\t\t<div class=\"elementor-column elementor-col-100 elementor-top-column elementor-element elementor-element-bef7ecb\" data-id=\"bef7ecb\" data-element_type=\"column\" data-e-type=\"column\">\n\t\t\t<div class=\"elementor-widget-wrap elementor-element-populated\">\n\t\t\t\t\t\t<div class=\"elementor-element elementor-element-2563c2c0 elementor-widget__width-initial elementor-widget elementor-widget-html\" data-id=\"2563c2c0\" data-element_type=\"widget\" data-e-type=\"widget\" data-widget_type=\"html.default\">\n\t\t\t\t<div class=\"elementor-widget-container\">\n\t\t\t\t\t<div class=\"container anotherpage_div\">\n    <div class=\"row\">\n        <div class=\"col-md-3\"><\/div>\n        <div class=\"col-md-6 text-center\">\n           <div>\n           <h1 class=\"headingsection_404\">Size yard\u0131mc\u0131 olmak i\u00e7in buraday\u0131z.<br \/> Bizimle ileti\u015fime ge\u00e7ebilirsiniz<\/h1>   <br \/> \n           <a href=\"mailto:info@oneconsciousness.org\" class=\"contact-details\"> <i class=\"fa fa-envelope\"><\/i> info@oneconsciousness.org<\/a><br \/>\n          <\/p>Y\u0131ld\u0131z Posta caddesi 30\/10, Ayy\u0131ld\u0131z apt A Blok Daire 10, Gayrettepe \u0130stanbul<p>\n            <\/div>\n            <br \/><br \/> \n           <a href=\"https:\/\/oneconsciousness.org\/tr-tr\/\" class=\"reverse1 round\">Ana Sayfaya Geri D\u00f6n <\/a>\n        <\/div>\n        <div class=\"col-md-3\"><\/div>\n    <\/div>\n<\/div>\t\t\t\t<\/div>\n\t\t\t\t<\/div>\n\t\t\t\t\t<\/div>\n\t\t<\/div>\n\t\t\t\t\t<\/div>\n\t\t<\/section>\n\t\t\t\t<\/div>\n\t\t","protected":false},"excerpt":{"rendered":"<p>Size yard\u0131mc\u0131 olmak i\u00e7in buraday\u0131z. Bizimle ileti\u015fime ge\u00e7ebilirsiniz info@oneconsciousness.org Y\u0131ld\u0131z Posta caddesi 30\/10, Ayy\u0131ld\u0131z apt A Blok Daire 10, Gayrettepe \u0130stanbul Ana Sayfaya Geri D\u00f6n<\/p>\n","protected":false},"author":1,"featured_media":0,"parent":0,"menu_order":0,"comment_status":"closed","ping_status":"closed","template":"","meta":{"footnotes":""},"class_list":["post-2569","page","type-page","status-publish","hentry","entry"],"yoast_head":"<!-- This site is optimized with the Yoast SEO plugin v27.1.1 - https:\/\/yoast.com\/product\/yoast-seo-wordpress\/ -->\n<title>contact - Consciousness Advisors<\/title>\n<meta name=\"robots\" content=\"index, follow, max-snippet:-1, max-image-preview:large, max-video-preview:-1\" \/>\n<link rel=\"canonical\" href=\"https:\/\/oneconsciousness.org\/tr-tr\/contact\/\" \/>\n<meta property=\"og:locale\" content=\"tr_TR\" \/>\n<meta property=\"og:type\" content=\"article\" \/>\n<meta property=\"og:title\" content=\"contact - Consciousness Advisors\" \/>\n<meta property=\"og:description\" content=\"Size yard\u0131mc\u0131 olmak i\u00e7in buraday\u0131z. Bizimle ileti\u015fime ge\u00e7ebilirsiniz info@oneconsciousness.org Y\u0131ld\u0131z Posta caddesi 30\/10, Ayy\u0131ld\u0131z apt A Blok Daire 10, Gayrettepe \u0130stanbul Ana Sayfaya Geri D\u00f6n\" \/>\n<meta property=\"og:url\" content=\"https:\/\/oneconsciousness.org\/tr-tr\/contact\/\" \/>\n<meta property=\"og:site_name\" content=\"Consciousness Advisors\" \/>\n<meta property=\"article:modified_time\" content=\"2026-03-17T02:27:08+00:00\" \/>\n<meta name=\"twitter:card\" content=\"summary_large_image\" \/>\n<meta name=\"twitter:label1\" content=\"Tahmini okuma s\u00fcresi\" \/>\n\t<meta name=\"twitter:data1\" content=\"1 dakika\" \/>\n<script type=\"application\/ld+json\" class=\"yoast-schema-graph\">{\"@context\":\"https:\/\/schema.org\",\"@graph\":[{\"@type\":\"WebPage\",\"@id\":\"https:\/\/oneconsciousness.org\/tr-tr\/contact\/\",\"url\":\"https:\/\/oneconsciousness.org\/tr-tr\/contact\/\",\"name\":\"contact - Consciousness Advisors\",\"isPartOf\":{\"@id\":\"https:\/\/oneconsciousness.org\/tr-tr\/#website\"},\"datePublished\":\"2023-03-08T07:59:53+00:00\",\"dateModified\":\"2026-03-17T02:27:08+00:00\",\"breadcrumb\":{\"@id\":\"https:\/\/oneconsciousness.org\/tr-tr\/contact\/#breadcrumb\"},\"inLanguage\":\"tr\",\"potentialAction\":[{\"@type\":\"ReadAction\",\"target\":[\"https:\/\/oneconsciousness.org\/tr-tr\/contact\/\"]}]},{\"@type\":\"BreadcrumbList\",\"@id\":\"https:\/\/oneconsciousness.org\/tr-tr\/contact\/#breadcrumb\",\"itemListElement\":[{\"@type\":\"ListItem\",\"position\":1,\"name\":\"Anasayfa\",\"item\":\"https:\/\/oneconsciousness.org\/tr-tr\/\"},{\"@type\":\"ListItem\",\"position\":2,\"name\":\"contact\"}]},{\"@type\":\"WebSite\",\"@id\":\"https:\/\/oneconsciousness.org\/tr-tr\/#website\",\"url\":\"https:\/\/oneconsciousness.org\/tr-tr\/\",\"name\":\"Consciousness Advisors\",\"description\":\"Consciousness Advisors\",\"publisher\":{\"@id\":\"https:\/\/oneconsciousness.org\/tr-tr\/#organization\"},\"potentialAction\":[{\"@type\":\"SearchAction\",\"target\":{\"@type\":\"EntryPoint\",\"urlTemplate\":\"https:\/\/oneconsciousness.org\/tr-tr\/?s={search_term_string}\"},\"query-input\":{\"@type\":\"PropertyValueSpecification\",\"valueRequired\":true,\"valueName\":\"search_term_string\"}}],\"inLanguage\":\"tr\"},{\"@type\":\"Organization\",\"@id\":\"https:\/\/oneconsciousness.org\/tr-tr\/#organization\",\"name\":\"Consciousness Advisors\",\"url\":\"https:\/\/oneconsciousness.org\/tr-tr\/\",\"logo\":{\"@type\":\"ImageObject\",\"inLanguage\":\"tr\",\"@id\":\"https:\/\/oneconsciousness.org\/tr-tr\/#\/schema\/logo\/image\/\",\"url\":\"https:\/\/oneconsciousness.org\/tr-tr\/wp-content\/uploads\/sites\/39\/2023\/03\/CA_Session_shop_ph.png\",\"contentUrl\":\"https:\/\/oneconsciousness.org\/tr-tr\/wp-content\/uploads\/sites\/39\/2023\/03\/CA_Session_shop_ph.png\",\"width\":324,\"height\":214,\"caption\":\"Consciousness Advisors\"},\"image\":{\"@id\":\"https:\/\/oneconsciousness.org\/tr-tr\/#\/schema\/logo\/image\/\"}}]}<\/script>\n<!-- \/ Yoast SEO plugin. -->","yoast_head_json":{"title":"contact - Consciousness Advisors","robots":{"index":"index","follow":"follow","max-snippet":"max-snippet:-1","max-image-preview":"max-image-preview:large","max-video-preview":"max-video-preview:-1"},"canonical":"https:\/\/oneconsciousness.org\/tr-tr\/contact\/","og_locale":"tr_TR","og_type":"article","og_title":"contact - Consciousness Advisors","og_description":"Size yard\u0131mc\u0131 olmak i\u00e7in buraday\u0131z. Bizimle ileti\u015fime ge\u00e7ebilirsiniz info@oneconsciousness.org Y\u0131ld\u0131z Posta caddesi 30\/10, Ayy\u0131ld\u0131z apt A Blok Daire 10, Gayrettepe \u0130stanbul Ana Sayfaya Geri D\u00f6n","og_url":"https:\/\/oneconsciousness.org\/tr-tr\/contact\/","og_site_name":"Consciousness Advisors","article_modified_time":"2026-03-17T02:27:08+00:00","twitter_card":"summary_large_image","twitter_misc":{"Tahmini okuma s\u00fcresi":"1 dakika"},"schema":{"@context":"https:\/\/schema.org","@graph":[{"@type":"WebPage","@id":"https:\/\/oneconsciousness.org\/tr-tr\/contact\/","url":"https:\/\/oneconsciousness.org\/tr-tr\/contact\/","name":"contact - Consciousness Advisors","isPartOf":{"@id":"https:\/\/oneconsciousness.org\/tr-tr\/#website"},"datePublished":"2023-03-08T07:59:53+00:00","dateModified":"2026-03-17T02:27:08+00:00","breadcrumb":{"@id":"https:\/\/oneconsciousness.org\/tr-tr\/contact\/#breadcrumb"},"inLanguage":"tr","potentialAction":[{"@type":"ReadAction","target":["https:\/\/oneconsciousness.org\/tr-tr\/contact\/"]}]},{"@type":"BreadcrumbList","@id":"https:\/\/oneconsciousness.org\/tr-tr\/contact\/#breadcrumb","itemListElement":[{"@type":"ListItem","position":1,"name":"Anasayfa","item":"https:\/\/oneconsciousness.org\/tr-tr\/"},{"@type":"ListItem","position":2,"name":"contact"}]},{"@type":"WebSite","@id":"https:\/\/oneconsciousness.org\/tr-tr\/#website","url":"https:\/\/oneconsciousness.org\/tr-tr\/","name":"Consciousness Advisors","description":"Consciousness Advisors","publisher":{"@id":"https:\/\/oneconsciousness.org\/tr-tr\/#organization"},"potentialAction":[{"@type":"SearchAction","target":{"@type":"EntryPoint","urlTemplate":"https:\/\/oneconsciousness.org\/tr-tr\/?s={search_term_string}"},"query-input":{"@type":"PropertyValueSpecification","valueRequired":true,"valueName":"search_term_string"}}],"inLanguage":"tr"},{"@type":"Organization","@id":"https:\/\/oneconsciousness.org\/tr-tr\/#organization","name":"Consciousness Advisors","url":"https:\/\/oneconsciousness.org\/tr-tr\/","logo":{"@type":"ImageObject","inLanguage":"tr","@id":"https:\/\/oneconsciousness.org\/tr-tr\/#\/schema\/logo\/image\/","url":"https:\/\/oneconsciousness.org\/tr-tr\/wp-content\/uploads\/sites\/39\/2023\/03\/CA_Session_shop_ph.png","contentUrl":"https:\/\/oneconsciousness.org\/tr-tr\/wp-content\/uploads\/sites\/39\/2023\/03\/CA_Session_shop_ph.png","width":324,"height":214,"caption":"Consciousness Advisors"},"image":{"@id":"https:\/\/oneconsciousness.org\/tr-tr\/#\/schema\/logo\/image\/"}}]}},"_links":{"self":[{"href":"https:\/\/oneconsciousness.org\/tr-tr\/wp-json\/wp\/v2\/pages\/2569","targetHints":{"allow":["GET"]}}],"collection":[{"href":"https:\/\/oneconsciousness.org\/tr-tr\/wp-json\/wp\/v2\/pages"}],"about":[{"href":"https:\/\/oneconsciousness.org\/tr-tr\/wp-json\/wp\/v2\/types\/page"}],"author":[{"embeddable":true,"href":"https:\/\/oneconsciousness.org\/tr-tr\/wp-json\/wp\/v2\/users\/1"}],"replies":[{"embeddable":true,"href":"https:\/\/oneconsciousness.org\/tr-tr\/wp-json\/wp\/v2\/comments?post=2569"}],"version-history":[{"count":33,"href":"https:\/\/oneconsciousness.org\/tr-tr\/wp-json\/wp\/v2\/pages\/2569\/revisions"}],"predecessor-version":[{"id":4775,"href":"https:\/\/oneconsciousness.org\/tr-tr\/wp-json\/wp\/v2\/pages\/2569\/revisions\/4775"}],"wp:attachment":[{"href":"https:\/\/oneconsciousness.org\/tr-tr\/wp-json\/wp\/v2\/media?parent=2569"}],"curies":[{"name":"wp","href":"https:\/\/api.w.org\/{rel}","templated":true}]}}